{"id":71185,"date":"2024-02-08T12:27:16","date_gmt":"2024-02-08T11:27:16","guid":{"rendered":"https:\/\/fsmcv.org\/segell-discografic\/jove-orquestra-simfonica-temporada-2023\/"},"modified":"2024-02-21T10:02:27","modified_gmt":"2024-02-21T09:02:27","slug":"jove-orquestra-simfonica-temporada-2023","status":"publish","type":"page","link":"https:\/\/fsmcv.org\/vl\/segell-discografic\/jove-orquestra-simfonica-temporada-2023\/","title":{"rendered":"Jove Orquestra Simf\u00f2nica \/ Temporada 2023"},"content":{"rendered":"\t\t<div data-elementor-type=\"wp-page\" data-elementor-id=\"71185\" class=\"elementor elementor-71185 elementor-71097\" data-elementor-post-type=\"page\">\n\t\t\t\t\t\t<section class=\"elementor-section elementor-top-section elementor-element elementor-element-1b517dc3 elementor-section-boxed elementor-section-height-default elementor-section-height-default\" data-id=\"1b517dc3\" data-element_type=\"section\" data-e-type=\"section\">\n\t\t\t\t\t\t\t<div class=\"elementor-background-overlay\"><\/div>\n\t\t\t\t\t\t\t<div class=\"elementor-container elementor-column-gap-default\">\n\t\t\t\t\t<div class=\"elementor-column elementor-col-100 elementor-top-column elementor-element elementor-element-54acfb53\" data-id=\"54acfb53\" data-element_type=\"column\" data-e-type=\"column\">\n\t\t\t<div class=\"elementor-widget-wrap elementor-element-populated\">\n\t\t\t\t\t\t<div class=\"elementor-element elementor-element-fea84ed elementor-widget elementor-widget-heading\" data-id=\"fea84ed\" data-element_type=\"widget\" data-e-type=\"widget\" data-widget_type=\"heading.default\">\n\t\t\t\t<div class=\"elementor-widget-container\">\n\t\t\t\t\t<h1 class=\"elementor-heading-title elementor-size-default\">JOVE ORQUESTRA SIMF\u00d2NICA \/ TEMPORADA 2023<\/h1>\t\t\t\t<\/div>\n\t\t\t\t<\/div>\n\t\t\t\t\t<\/div>\n\t\t<\/div>\n\t\t\t\t\t<\/div>\n\t\t<\/section>\n\t\t\t\t<section class=\"elementor-section elementor-top-section elementor-element elementor-element-6e346b85 elementor-section-boxed elementor-section-height-default elementor-section-height-default\" data-id=\"6e346b85\" data-element_type=\"section\" data-e-type=\"section\">\n\t\t\t\t\t\t<div class=\"elementor-container elementor-column-gap-wide\">\n\t\t\t\t\t<div class=\"elementor-column elementor-col-50 elementor-top-column elementor-element elementor-element-3042e85f\" data-id=\"3042e85f\" data-element_type=\"column\" data-e-type=\"column\">\n\t\t\t<div class=\"elementor-widget-wrap elementor-element-populated\">\n\t\t\t\t\t\t<div class=\"elementor-element elementor-element-4a21cdd8 elementor-view-default elementor-position-block-start elementor-mobile-position-block-start elementor-widget elementor-widget-icon-box\" data-id=\"4a21cdd8\" data-element_type=\"widget\" data-e-type=\"widget\" data-widget_type=\"icon-box.default\">\n\t\t\t\t<div class=\"elementor-widget-container\">\n\t\t\t\t\t\t\t<div class=\"elementor-icon-box-wrapper\">\n\n\t\t\t\t\t\t<div class=\"elementor-icon-box-icon\">\n\t\t\t\t<span  class=\"elementor-icon\">\n\t\t\t\t<i aria-hidden=\"true\" class=\"fas fa-compact-disc\"><\/i>\t\t\t\t<\/span>\n\t\t\t<\/div>\n\t\t\t\n\t\t\t\t\t\t<div class=\"elementor-icon-box-content\">\n\n\t\t\t\t\t\t\t\t\t<h2 class=\"elementor-icon-box-title\">\n\t\t\t\t\t\t<span  >\n\t\t\t\t\t\t\tJOVE ORQUESTRA SIMF\u00d2NICA \/ TEMPORADA 2023\t\t\t\t\t\t<\/span>\n\t\t\t\t\t<\/h2>\n\t\t\t\t\n\t\t\t\t\t\t\t\t\t<p class=\"elementor-icon-box-description\">\n\t\t\t\t\t\t\n\n\t\t\t\t\t<\/p>\n\t\t\t\t\n\t\t\t<\/div>\n\t\t\t\n\t\t<\/div>\n\t\t\t\t\t\t<\/div>\n\t\t\t\t<\/div>\n\t\t\t\t<div class=\"elementor-element elementor-element-40244f29 elementor-widget elementor-widget-image\" data-id=\"40244f29\" data-element_type=\"widget\" data-e-type=\"widget\" data-widget_type=\"image.default\">\n\t\t\t\t<div class=\"elementor-widget-container\">\n\t\t\t\t\t\t\t\t\t\t\t\t\t\t\t<img fetchpriority=\"high\" decoding=\"async\" width=\"2048\" height=\"2048\" src=\"https:\/\/fsmcv.org\/wp-content\/uploads\/2024\/01\/PORTADA-JOS-2023-scaled.jpg\" class=\"attachment-full size-full wp-image-71100\" alt=\"\" srcset=\"https:\/\/fsmcv.org\/wp-content\/uploads\/2024\/01\/PORTADA-JOS-2023-scaled.jpg 2048w, https:\/\/fsmcv.org\/wp-content\/uploads\/2024\/01\/PORTADA-JOS-2023-768x768.jpg 768w, https:\/\/fsmcv.org\/wp-content\/uploads\/2024\/01\/PORTADA-JOS-2023-300x300.jpg 300w, https:\/\/fsmcv.org\/wp-content\/uploads\/2024\/01\/PORTADA-JOS-2023-1536x1536.jpg 1536w, https:\/\/fsmcv.org\/wp-content\/uploads\/2024\/01\/PORTADA-JOS-2023-600x600.jpg 600w, https:\/\/fsmcv.org\/wp-content\/uploads\/2024\/01\/PORTADA-JOS-2023-100x100.jpg 100w\" sizes=\"(max-width: 2048px) 100vw, 2048px\" title=\"\">\t\t\t\t\t\t\t\t\t\t\t\t\t\t\t<\/div>\n\t\t\t\t<\/div>\n\t\t\t\t<div class=\"elementor-element elementor-element-4695634b elementor-align-center elementor-widget elementor-widget-button\" data-id=\"4695634b\" data-element_type=\"widget\" data-e-type=\"widget\" data-widget_type=\"button.default\">\n\t\t\t\t<div class=\"elementor-widget-container\">\n\t\t\t\t\t\t\t\t\t<div class=\"elementor-button-wrapper\">\n\t\t\t\t\t<a class=\"elementor-button elementor-button-link elementor-size-md\" href=\"https:\/\/fsmcv.org\/vl\/segell-discografic\/\">\n\t\t\t\t\t\t<span class=\"elementor-button-content-wrapper\">\n\t\t\t\t\t\t<span class=\"elementor-button-icon\">\n\t\t\t\t<i aria-hidden=\"true\" class=\"fas fa-arrow-right\"><\/i>\t\t\t<\/span>\n\t\t\t\t\t\t\t\t\t<span class=\"elementor-button-text\">Segell discogr\u00e0fic<\/span>\n\t\t\t\t\t<\/span>\n\t\t\t\t\t<\/a>\n\t\t\t\t<\/div>\n\t\t\t\t\t\t\t\t<\/div>\n\t\t\t\t<\/div>\n\t\t\t\t\t<\/div>\n\t\t<\/div>\n\t\t\t\t<div class=\"elementor-column elementor-col-50 elementor-top-column elementor-element elementor-element-54c339b4\" data-id=\"54c339b4\" data-element_type=\"column\" data-e-type=\"column\">\n\t\t\t<div class=\"elementor-widget-wrap elementor-element-populated\">\n\t\t\t\t\t\t<div class=\"elementor-element elementor-element-22e68b8f elementor-widget elementor-widget-text-editor\" data-id=\"22e68b8f\" data-element_type=\"widget\" data-e-type=\"widget\" data-widget_type=\"text-editor.default\">\n\t\t\t\t<div class=\"elementor-widget-container\">\n\t\t\t\t\t\t\t\t\t<p><strong>Director: Crist\u00f3bal Soler<\/strong><\/p>\n<p><strong>Cont\u00e9:<\/strong><\/p>\n<p>1. Venta de los gatos &#8211; Intermedio de Jos\u00e9 Serrano<\/p>\n<p>2. El barberillo de lavapi\u00e9s &#8211; La canci\u00f3n de la paloma de F. J. Barbieri<\/p>\n<p>3. Introducci\u00f3n y escena &#8211; Habanera de los reyes godos de Valverde i Serrano<\/p>\n<p>4. El tr\u00e9bol &#8211; Habanera de los reyes godos de Valverde i Serrano<\/p>\n<p>5. El anillo de hierro &#8211; Preludio de P. M. Marqu\u00e9s<\/p>\n<p>6. Las hijas de Zebedeo &#8211; Las carceleras de Ruperto Chap\u00ed<\/p>\n<p>7. El potos\u00ed submarino &#8211; Coro de las anfibias de E. Arrieta<\/p>\n<p>8. La leyenda del beso &#8211; Intermedio sinf\u00f3nico de R. Soutullo i J. Vert<\/p>\n<p>9. De Madrid a Par\u00eds &#8211; Coro de Alguacilillos de Chueca i Valverde<\/p>\n<p>10. El bateo &#8211; Preludio de Federico Chueca<\/p>\n<p>11. Do\u00f1a Francisquita &#8211; La canci\u00f3n del Ruise\u00f1or de Amadeo Vives<\/p>\n<p>12. El barbero de Sevilla &#8211; Me llaman la primorosa de G. Gim\u00e9nez i M. Nieto<\/p>\n<p>14. Los chicos de la escuela &#8211; Jota de Torregrosa i Valverde<\/p>\n<p>15. La Alegr\u00eda de la Huerta &#8211; Preludio de Federico Chueca<\/p>\n<p>16. Don Gil de Alcal\u00e1 &#8211; Habanera de Manuel Penella<\/p>\n<p>17. La Gran V\u00eda &#8211; Coro y mazurca de los marineritos de J. Valverde i F. Chueca<\/p>\n<p>18. Samson et Dalila: Bacchanale, Act. III de Camille Saint-Sa\u00ebns<\/p>\n<p>Suite New Emotions de Pau Ch\u00e1fer:<\/p>\n<p>  19. Crazy Bach de J. S. Bach<\/p>\n<p>  20. The four seasons in 4 minutes de A. Vivaldi<\/p>\n<p>  21. Vuelo al sur de A. Piazzolla<\/p>\n<p>  22. Spain de Chick Corea<\/p>\n<p>23. Y si fuera ella de Alejandro Sanz<\/p>\n<p>24. Sinfon\u00eda N\u00aa op. 27 de S. Rachmaninoff<\/p>\n<p>25. Waltz N\u00ba 2 de Dmitri Shostak\u00f3vich<\/p>\n<p><strong>\u00a1Escolta aquest CD en Spotify!<\/strong><\/p>\n<p><iframe title=\"Spotify Embed: Jove Orquestra Simf\u00f2nica Federaci\u00f3 de Societats Musicals de la Comunitat Valenciana Temporada 2023 (En Directo)\" style=\"border-radius: 12px\" width=\"100%\" height=\"352\" frameborder=\"0\" allowfullscreen allow=\"autoplay; clipboard-write; encrypted-media; fullscreen; picture-in-picture\" loading=\"lazy\" src=\"https:\/\/open.spotify.com\/embed\/album\/4l4LCqcw18TiQScwAuMsHz?si=Tl646kbwRJupAIkJZGU5mQ&utm_source=oembed\"><\/iframe><\/p><\/p>\n\t\t\t\t\t\t\t\t<\/div>\n\t\t\t\t<\/div>\n\t\t\t\t\t<\/div>\n\t\t<\/div>\n\t\t\t\t\t<\/div>\n\t\t<\/section>\n\t\t\t\t<\/div>\n\t\t","protected":false},"excerpt":{"rendered":"<p>JOVE ORQUESTRA SIMF\u00d2NICA \/ TEMPORADA 2023 JOVE ORQUESTRA SIMF\u00d2NICA \/ TEMPORADA 2023 Segell discogr\u00e0fic Director: Crist\u00f3bal Soler Cont\u00e9: 1. Venta de los gatos &#8211; Intermedio de Jos\u00e9 Serrano 2. El barberillo de lavapi\u00e9s &#8211; La canci\u00f3n de la paloma de F. J. Barbieri 3. Introducci\u00f3n y escena &#8211; Habanera de los reyes godos de Valverde [&hellip;]<\/p>\n","protected":false},"author":17,"featured_media":71100,"parent":20683,"menu_order":0,"comment_status":"closed","ping_status":"closed","template":"elementor_header_footer","meta":{"footnotes":""},"class_list":["post-71185","page","type-page","status-publish","has-post-thumbnail","hentry"],"_links":{"self":[{"href":"https:\/\/fsmcv.org\/vl\/wp-json\/wp\/v2\/pages\/71185","targetHints":{"allow":["GET"]}}],"collection":[{"href":"https:\/\/fsmcv.org\/vl\/wp-json\/wp\/v2\/pages"}],"about":[{"href":"https:\/\/fsmcv.org\/vl\/wp-json\/wp\/v2\/types\/page"}],"author":[{"embeddable":true,"href":"https:\/\/fsmcv.org\/vl\/wp-json\/wp\/v2\/users\/17"}],"replies":[{"embeddable":true,"href":"https:\/\/fsmcv.org\/vl\/wp-json\/wp\/v2\/comments?post=71185"}],"version-history":[{"count":5,"href":"https:\/\/fsmcv.org\/vl\/wp-json\/wp\/v2\/pages\/71185\/revisions"}],"predecessor-version":[{"id":71377,"href":"https:\/\/fsmcv.org\/vl\/wp-json\/wp\/v2\/pages\/71185\/revisions\/71377"}],"up":[{"embeddable":true,"href":"https:\/\/fsmcv.org\/vl\/wp-json\/wp\/v2\/pages\/20683"}],"wp:featuredmedia":[{"embeddable":true,"href":"https:\/\/fsmcv.org\/vl\/wp-json\/wp\/v2\/media\/71100"}],"wp:attachment":[{"href":"https:\/\/fsmcv.org\/vl\/wp-json\/wp\/v2\/media?parent=71185"}],"curies":[{"name":"wp","href":"https:\/\/api.w.org\/{rel}","templated":true}]}}