{"id":71740,"date":"2024-04-04T13:44:30","date_gmt":"2024-04-04T11:44:30","guid":{"rendered":"https:\/\/fsmcv.org\/segell-discografic\/setmana-santa-alcudiana-a-m-la-filharmonica-alcudiana\/"},"modified":"2024-05-13T10:41:10","modified_gmt":"2024-05-13T08:41:10","slug":"setmana-santa-alcudiana-a-m-la-filharmonica-alcudiana","status":"publish","type":"page","link":"https:\/\/fsmcv.org\/vl\/segell-discografic\/setmana-santa-alcudiana-a-m-la-filharmonica-alcudiana\/","title":{"rendered":"Setmana Santa Alcudiana &#8211; A.M. &#8220;La Filharm\u00f2nica Alcudiana&#8221;"},"content":{"rendered":"\t\t<div data-elementor-type=\"wp-page\" data-elementor-id=\"71740\" class=\"elementor elementor-71740 elementor-71734\" data-elementor-post-type=\"page\">\n\t\t\t\t\t\t<section class=\"elementor-section elementor-top-section elementor-element elementor-element-44ecc6e7 elementor-section-boxed elementor-section-height-default elementor-section-height-default\" data-id=\"44ecc6e7\" data-element_type=\"section\" data-e-type=\"section\">\n\t\t\t\t\t\t\t<div class=\"elementor-background-overlay\"><\/div>\n\t\t\t\t\t\t\t<div class=\"elementor-container elementor-column-gap-default\">\n\t\t\t\t\t<div class=\"elementor-column elementor-col-100 elementor-top-column elementor-element elementor-element-25eed19c\" data-id=\"25eed19c\" data-element_type=\"column\" data-e-type=\"column\">\n\t\t\t<div class=\"elementor-widget-wrap elementor-element-populated\">\n\t\t\t\t\t\t<div class=\"elementor-element elementor-element-532d9483 elementor-widget elementor-widget-heading\" data-id=\"532d9483\" data-element_type=\"widget\" data-e-type=\"widget\" data-widget_type=\"heading.default\">\n\t\t\t\t<div class=\"elementor-widget-container\">\n\t\t\t\t\t<h1 class=\"elementor-heading-title elementor-size-default\">Setmana santa alcudiana<\/h1>\t\t\t\t<\/div>\n\t\t\t\t<\/div>\n\t\t\t\t\t<\/div>\n\t\t<\/div>\n\t\t\t\t\t<\/div>\n\t\t<\/section>\n\t\t\t\t<section class=\"elementor-section elementor-top-section elementor-element elementor-element-4939b73a elementor-section-boxed elementor-section-height-default elementor-section-height-default\" data-id=\"4939b73a\" data-element_type=\"section\" data-e-type=\"section\">\n\t\t\t\t\t\t<div class=\"elementor-container elementor-column-gap-wide\">\n\t\t\t\t\t<div class=\"elementor-column elementor-col-50 elementor-top-column elementor-element elementor-element-276883a4\" data-id=\"276883a4\" data-element_type=\"column\" data-e-type=\"column\">\n\t\t\t<div class=\"elementor-widget-wrap elementor-element-populated\">\n\t\t\t\t\t\t<div class=\"elementor-element elementor-element-5dac3352 elementor-view-default elementor-position-block-start elementor-mobile-position-block-start elementor-widget elementor-widget-icon-box\" data-id=\"5dac3352\" data-element_type=\"widget\" data-e-type=\"widget\" data-widget_type=\"icon-box.default\">\n\t\t\t\t<div class=\"elementor-widget-container\">\n\t\t\t\t\t\t\t<div class=\"elementor-icon-box-wrapper\">\n\n\t\t\t\t\t\t<div class=\"elementor-icon-box-icon\">\n\t\t\t\t<span  class=\"elementor-icon\">\n\t\t\t\t<i aria-hidden=\"true\" class=\"fas fa-compact-disc\"><\/i>\t\t\t\t<\/span>\n\t\t\t<\/div>\n\t\t\t\n\t\t\t\t\t\t<div class=\"elementor-icon-box-content\">\n\n\t\t\t\t\t\t\t\t\t<h2 class=\"elementor-icon-box-title\">\n\t\t\t\t\t\t<span  >\n\t\t\t\t\t\t\tsetmana santa alcudiana\t\t\t\t\t\t<\/span>\n\t\t\t\t\t<\/h2>\n\t\t\t\t\n\t\t\t\t\t\t\t\t\t<p class=\"elementor-icon-box-description\">\n\t\t\t\t\t\t\n\n\t\t\t\t\t<\/p>\n\t\t\t\t\n\t\t\t<\/div>\n\t\t\t\n\t\t<\/div>\n\t\t\t\t\t\t<\/div>\n\t\t\t\t<\/div>\n\t\t\t\t<div class=\"elementor-element elementor-element-346bd4ae elementor-widget elementor-widget-image\" data-id=\"346bd4ae\" data-element_type=\"widget\" data-e-type=\"widget\" data-widget_type=\"image.default\">\n\t\t\t\t<div class=\"elementor-widget-container\">\n\t\t\t\t\t\t\t\t\t\t\t\t\t\t\t<img fetchpriority=\"high\" decoding=\"async\" width=\"2048\" height=\"1782\" src=\"https:\/\/fsmcv.org\/wp-content\/uploads\/2024\/04\/PORTADA_page-0001-1-scaled.jpg\" class=\"attachment-full size-full wp-image-71722\" alt=\"\" srcset=\"https:\/\/fsmcv.org\/wp-content\/uploads\/2024\/04\/PORTADA_page-0001-1-scaled.jpg 2048w, https:\/\/fsmcv.org\/wp-content\/uploads\/2024\/04\/PORTADA_page-0001-1-768x668.jpg 768w, https:\/\/fsmcv.org\/wp-content\/uploads\/2024\/04\/PORTADA_page-0001-1-1536x1337.jpg 1536w, https:\/\/fsmcv.org\/wp-content\/uploads\/2024\/04\/PORTADA_page-0001-1-600x522.jpg 600w\" sizes=\"(max-width: 2048px) 100vw, 2048px\" title=\"\">\t\t\t\t\t\t\t\t\t\t\t\t\t\t\t<\/div>\n\t\t\t\t<\/div>\n\t\t\t\t<div class=\"elementor-element elementor-element-263bbdc0 elementor-align-center elementor-widget elementor-widget-button\" data-id=\"263bbdc0\" data-element_type=\"widget\" data-e-type=\"widget\" data-widget_type=\"button.default\">\n\t\t\t\t<div class=\"elementor-widget-container\">\n\t\t\t\t\t\t\t\t\t<div class=\"elementor-button-wrapper\">\n\t\t\t\t\t<a class=\"elementor-button elementor-button-link elementor-size-md\" href=\"https:\/\/fsmcv.org\/vl\/segell-discografic\/\">\n\t\t\t\t\t\t<span class=\"elementor-button-content-wrapper\">\n\t\t\t\t\t\t<span class=\"elementor-button-icon\">\n\t\t\t\t<i aria-hidden=\"true\" class=\"fas fa-arrow-right\"><\/i>\t\t\t<\/span>\n\t\t\t\t\t\t\t\t\t<span class=\"elementor-button-text\">Segell discogr\u00e0fic<\/span>\n\t\t\t\t\t<\/span>\n\t\t\t\t\t<\/a>\n\t\t\t\t<\/div>\n\t\t\t\t\t\t\t\t<\/div>\n\t\t\t\t<\/div>\n\t\t\t\t\t<\/div>\n\t\t<\/div>\n\t\t\t\t<div class=\"elementor-column elementor-col-50 elementor-top-column elementor-element elementor-element-2deb8a9c\" data-id=\"2deb8a9c\" data-element_type=\"column\" data-e-type=\"column\">\n\t\t\t<div class=\"elementor-widget-wrap elementor-element-populated\">\n\t\t\t\t\t\t<div class=\"elementor-element elementor-element-518ee2e5 elementor-widget elementor-widget-text-editor\" data-id=\"518ee2e5\" data-element_type=\"widget\" data-e-type=\"widget\" data-widget_type=\"text-editor.default\">\n\t\t\t\t<div class=\"elementor-widget-container\">\n\t\t\t\t\t\t\t\t\t<p><strong>Banda Simf\u00f2nica de la A.M. &#8220;La Filharm\u00f2nica Alcudiana&#8221;<\/strong><\/p>\n<p><strong>Cont\u00e9:<\/strong><\/p>\n<p>1. LA PROCESS\u00d3 DE LES BURRETES de Dani Miquel Antich.<\/p>\n<p>2. L&#8217;\u00c0NGEL I EL CALZE de Sergi Pastor Puchol.<\/p>\n<p>3. FLAGEL\u00b7LACI\u00d3 DEL SENYOR de Carlos Pardo Baldov\u00ed.<\/p>\n<p>4. JES\u00daS EL NATZAR\u00c9 de Jaume Prats Lacuesta.<\/p>\n<p>5. AL SANT\u00cdSSIM CRIST DE LA FE de Carla Arocas Esteve y Aitor Porta Valero.<\/p>\n<p>6. MAR\u00cdA AL PEU DE LA CREU de Miquel Carri\u00f3n Benavent.<\/p>\n<p>7. SANT SEPULCRE de Miquel Carri\u00f3n Benavent.<\/p>\n<p>8. SACTUS LUNAE de Sergi Pastor Puchol.<\/p>\n<p>9. SETMANA SANTA ALCUDIANA de Azael Tormo Mu\u00f1oz.<\/p>\n<p><strong>Director:<\/strong><\/p>\n<p>Sergi Pastor Puchol<\/p>\n<p><strong>\u00a1Escolta aquest CD en Spotify!<\/strong><\/p>\n<p><iframe title=\"Spotify Embed: Setmana Santa Alcudiana (En Directo)\" style=\"border-radius: 12px\" width=\"100%\" height=\"352\" frameborder=\"0\" allowfullscreen allow=\"autoplay; clipboard-write; encrypted-media; fullscreen; picture-in-picture\" loading=\"lazy\" src=\"https:\/\/open.spotify.com\/embed\/album\/6lVv3XXkmDvSLC4YsNnzVT?si=8TvMrl87Q82wF6iyl9JN2A&utm_source=oembed\"><\/iframe><\/p>\n\t\t\t\t\t\t\t\t<\/div>\n\t\t\t\t<\/div>\n\t\t\t\t\t<\/div>\n\t\t<\/div>\n\t\t\t\t\t<\/div>\n\t\t<\/section>\n\t\t\t\t<\/div>\n\t\t","protected":false},"excerpt":{"rendered":"<p>Setmana santa alcudiana setmana santa alcudiana Segell discogr\u00e0fic Banda Simf\u00f2nica de la A.M. &#8220;La Filharm\u00f2nica Alcudiana&#8221; Cont\u00e9: 1. LA PROCESS\u00d3 DE LES BURRETES de Dani Miquel Antich. 2. L&#8217;\u00c0NGEL I EL CALZE de Sergi Pastor Puchol. 3. FLAGEL\u00b7LACI\u00d3 DEL SENYOR de Carlos Pardo Baldov\u00ed. 4. JES\u00daS EL NATZAR\u00c9 de Jaume Prats Lacuesta. 5. AL SANT\u00cdSSIM [&hellip;]<\/p>\n","protected":false},"author":17,"featured_media":71722,"parent":20683,"menu_order":0,"comment_status":"closed","ping_status":"closed","template":"elementor_header_footer","meta":{"footnotes":""},"class_list":["post-71740","page","type-page","status-publish","has-post-thumbnail","hentry"],"_links":{"self":[{"href":"https:\/\/fsmcv.org\/vl\/wp-json\/wp\/v2\/pages\/71740","targetHints":{"allow":["GET"]}}],"collection":[{"href":"https:\/\/fsmcv.org\/vl\/wp-json\/wp\/v2\/pages"}],"about":[{"href":"https:\/\/fsmcv.org\/vl\/wp-json\/wp\/v2\/types\/page"}],"author":[{"embeddable":true,"href":"https:\/\/fsmcv.org\/vl\/wp-json\/wp\/v2\/users\/17"}],"replies":[{"embeddable":true,"href":"https:\/\/fsmcv.org\/vl\/wp-json\/wp\/v2\/comments?post=71740"}],"version-history":[{"count":5,"href":"https:\/\/fsmcv.org\/vl\/wp-json\/wp\/v2\/pages\/71740\/revisions"}],"predecessor-version":[{"id":72189,"href":"https:\/\/fsmcv.org\/vl\/wp-json\/wp\/v2\/pages\/71740\/revisions\/72189"}],"up":[{"embeddable":true,"href":"https:\/\/fsmcv.org\/vl\/wp-json\/wp\/v2\/pages\/20683"}],"wp:featuredmedia":[{"embeddable":true,"href":"https:\/\/fsmcv.org\/vl\/wp-json\/wp\/v2\/media\/71722"}],"wp:attachment":[{"href":"https:\/\/fsmcv.org\/vl\/wp-json\/wp\/v2\/media?parent=71740"}],"curies":[{"name":"wp","href":"https:\/\/api.w.org\/{rel}","templated":true}]}}