{"id":73731,"date":"2024-08-12T09:24:27","date_gmt":"2024-08-12T07:24:27","guid":{"rendered":"https:\/\/fsmcv.org\/segell-discografic\/col%c2%b7leccio-musica-a-la-llum\/cd-7-musica-a-la-llumtresors-oblidats-de-la-revista-harmonia-els-sarsuelistes-valencians\/"},"modified":"2025-11-04T17:30:46","modified_gmt":"2025-11-04T16:30:46","slug":"cd-7-musica-a-la-llumtresors-oblidats-de-la-revista-harmonia-els-sarsuelistes-valencians","status":"publish","type":"page","link":"https:\/\/fsmcv.org\/vl\/segell-discografic\/col%c2%b7leccio-musica-a-la-llum\/cd-7-musica-a-la-llumtresors-oblidats-de-la-revista-harmonia-els-sarsuelistes-valencians\/","title":{"rendered":"CD 7 M\u00fasica a la llum:&#8221;Tresors oblidats de la revista harmon\u00eda: Els Sarsuelistes Valencians&#8221;"},"content":{"rendered":"\t\t<div data-elementor-type=\"wp-page\" data-elementor-id=\"73731\" class=\"elementor elementor-73731 elementor-73516\" data-elementor-post-type=\"page\">\n\t\t\t\t\t\t<section class=\"elementor-section elementor-top-section elementor-element elementor-element-5fd96a01 elementor-section-boxed elementor-section-height-default elementor-section-height-default\" data-id=\"5fd96a01\" data-element_type=\"section\" data-e-type=\"section\">\n\t\t\t\t\t\t\t<div class=\"elementor-background-overlay\"><\/div>\n\t\t\t\t\t\t\t<div class=\"elementor-container elementor-column-gap-default\">\n\t\t\t\t\t<div class=\"elementor-column elementor-col-100 elementor-top-column elementor-element elementor-element-7644f223\" data-id=\"7644f223\" data-element_type=\"column\" data-e-type=\"column\">\n\t\t\t<div class=\"elementor-widget-wrap elementor-element-populated\">\n\t\t\t\t\t\t<div class=\"elementor-element elementor-element-2088a5b4 elementor-widget elementor-widget-heading\" data-id=\"2088a5b4\" data-element_type=\"widget\" data-e-type=\"widget\" data-widget_type=\"heading.default\">\n\t\t\t\t<div class=\"elementor-widget-container\">\n\t\t\t\t\t<h1 class=\"elementor-heading-title elementor-size-default\">CD 7 M\u00daSICA A LA LLUM:\"TRESORS OBLIDATS DE LA REVISTA HARMON\u00cdA: ELS SARSUELISTES VALENCIANS\"<\/h1>\t\t\t\t<\/div>\n\t\t\t\t<\/div>\n\t\t\t\t\t<\/div>\n\t\t<\/div>\n\t\t\t\t\t<\/div>\n\t\t<\/section>\n\t\t\t\t<section class=\"elementor-section elementor-top-section elementor-element elementor-element-1d862e15 elementor-section-boxed elementor-section-height-default elementor-section-height-default\" data-id=\"1d862e15\" data-element_type=\"section\" data-e-type=\"section\">\n\t\t\t\t\t\t<div class=\"elementor-container elementor-column-gap-wide\">\n\t\t\t\t\t<div class=\"elementor-column elementor-col-50 elementor-top-column elementor-element elementor-element-1146806\" data-id=\"1146806\" data-element_type=\"column\" data-e-type=\"column\">\n\t\t\t<div class=\"elementor-widget-wrap elementor-element-populated\">\n\t\t\t\t\t\t<div class=\"elementor-element elementor-element-761dfe80 elementor-view-default elementor-position-block-start elementor-mobile-position-block-start elementor-widget elementor-widget-icon-box\" data-id=\"761dfe80\" data-element_type=\"widget\" data-e-type=\"widget\" data-widget_type=\"icon-box.default\">\n\t\t\t\t<div class=\"elementor-widget-container\">\n\t\t\t\t\t\t\t<div class=\"elementor-icon-box-wrapper\">\n\n\t\t\t\t\t\t<div class=\"elementor-icon-box-icon\">\n\t\t\t\t<span  class=\"elementor-icon\">\n\t\t\t\t<i aria-hidden=\"true\" class=\"fas fa-compact-disc\"><\/i>\t\t\t\t<\/span>\n\t\t\t<\/div>\n\t\t\t\n\t\t\t\t\t\t<div class=\"elementor-icon-box-content\">\n\n\t\t\t\t\t\t\t\t\t<h2 class=\"elementor-icon-box-title\">\n\t\t\t\t\t\t<span  >\n\t\t\t\t\t\t\tCD 7 M\u00daSICA A LA LLUM:\"TRESORS OBLIDATS DE LA REVISTA HARMON\u00cdA: ELS SARSUELISTES VALENCIANS\"\t\t\t\t\t\t<\/span>\n\t\t\t\t\t<\/h2>\n\t\t\t\t\n\t\t\t\t\t\t\t\t\t<p class=\"elementor-icon-box-description\">\n\t\t\t\t\t\t\n\n\t\t\t\t\t<\/p>\n\t\t\t\t\n\t\t\t<\/div>\n\t\t\t\n\t\t<\/div>\n\t\t\t\t\t\t<\/div>\n\t\t\t\t<\/div>\n\t\t\t\t<div class=\"elementor-element elementor-element-2ac48364 elementor-widget elementor-widget-image\" data-id=\"2ac48364\" data-element_type=\"widget\" data-e-type=\"widget\" data-widget_type=\"image.default\">\n\t\t\t\t<div class=\"elementor-widget-container\">\n\t\t\t\t\t\t\t\t\t\t\t\t\t\t\t<img fetchpriority=\"high\" decoding=\"async\" width=\"1600\" height=\"1430\" src=\"https:\/\/fsmcv.org\/wp-content\/uploads\/2024\/08\/007-CD-musica-a-la-llum-HARMONIA-.jpeg\" class=\"attachment-full size-full wp-image-73666\" alt=\"\" srcset=\"https:\/\/fsmcv.org\/wp-content\/uploads\/2024\/08\/007-CD-musica-a-la-llum-HARMONIA-.jpeg 1600w, https:\/\/fsmcv.org\/wp-content\/uploads\/2024\/08\/007-CD-musica-a-la-llum-HARMONIA--768x686.jpeg 768w, https:\/\/fsmcv.org\/wp-content\/uploads\/2024\/08\/007-CD-musica-a-la-llum-HARMONIA--1536x1373.jpeg 1536w, https:\/\/fsmcv.org\/wp-content\/uploads\/2024\/08\/007-CD-musica-a-la-llum-HARMONIA--600x536.jpeg 600w\" sizes=\"(max-width: 1600px) 100vw, 1600px\" title=\"\">\t\t\t\t\t\t\t\t\t\t\t\t\t\t\t<\/div>\n\t\t\t\t<\/div>\n\t\t\t\t<div class=\"elementor-element elementor-element-244d815b elementor-align-center elementor-widget elementor-widget-button\" data-id=\"244d815b\" data-element_type=\"widget\" data-e-type=\"widget\" data-widget_type=\"button.default\">\n\t\t\t\t<div class=\"elementor-widget-container\">\n\t\t\t\t\t\t\t\t\t<div class=\"elementor-button-wrapper\">\n\t\t\t\t\t<a class=\"elementor-button elementor-button-link elementor-size-md\" href=\"https:\/\/fsmcv.org\/vl\/segell-discografic\/\">\n\t\t\t\t\t\t<span class=\"elementor-button-content-wrapper\">\n\t\t\t\t\t\t<span class=\"elementor-button-icon\">\n\t\t\t\t<i aria-hidden=\"true\" class=\"fas fa-arrow-right\"><\/i>\t\t\t<\/span>\n\t\t\t\t\t\t\t\t\t<span class=\"elementor-button-text\">Segell discogr\u00e0fic<\/span>\n\t\t\t\t\t<\/span>\n\t\t\t\t\t<\/a>\n\t\t\t\t<\/div>\n\t\t\t\t\t\t\t\t<\/div>\n\t\t\t\t<\/div>\n\t\t\t\t\t<\/div>\n\t\t<\/div>\n\t\t\t\t<div class=\"elementor-column elementor-col-50 elementor-top-column elementor-element elementor-element-60889510\" data-id=\"60889510\" data-element_type=\"column\" data-e-type=\"column\">\n\t\t\t<div class=\"elementor-widget-wrap elementor-element-populated\">\n\t\t\t\t\t\t<div class=\"elementor-element elementor-element-2ca65fb6 elementor-widget elementor-widget-text-editor\" data-id=\"2ca65fb6\" data-element_type=\"widget\" data-e-type=\"widget\" data-widget_type=\"text-editor.default\">\n\t\t\t\t<div class=\"elementor-widget-container\">\n\t\t\t\t\t\t\t\t\t<p><b>Director: <\/b>Rafael Grau Vilar<\/p><p><strong>Obres<\/strong><\/p><p>1. La labradora. Rondalla.  (1933) Leopoldo Magenti Chelvi (1894-1969).<\/p><p>2. \u00a1Ave, C\u00e9sar! Gran fantas\u00eda (1920) Vicente Lle\u00f3 Balbastre (1870-1922) \/ arr. \u00c1ngel Arias.   <\/p><p>3. Me caso en la mar. Vals rom\u00e1ntico (1930) Manuel Penella Moreno (1880-1939). <\/p><p>4. El capricho de una reina. Fantas\u00eda (1919) Reveriano soutullo Otero (1880-1932) i Juan Vert Carbonell (1890-1931) \/ arr. Mariano San Miguel.  <\/p><p>5. La barbiana. Intermedio (1932) Leopoldo Magenti Chelvi. <\/p><p>6. Las maravillosas. Mazurca i fos-trot apache (1929) Reveriano Soutullo Otero i Juan Vert Carbonell <\/p><p>7. La cuna. Jota (1904\/1928) Ruperto Chap\u00ed Lorente (1851-1909) \/ arr. Mariano San Miguel  <\/p><p>8. Golondrina de Madrid. Fantas\u00eda (1944) Jos\u00e9 Serrano Sime\u00f3n (1873-1941) \/ arr. Jos\u00e9 Manuel Izquierdo  <\/p><p>9. Jazz-Band. Blues i One-Step (1933) Manuel Penella Moreno <\/p><p><strong>Autor corporatiu<\/strong><\/p><p>Jove Banda Simf\u00f2nica de la Federaci\u00f3 de Societats Musicals de la Comunitat Valenciana.<\/p><p><strong>Int\u00e8rprets<\/strong><\/p><p>Jove Banda Simf\u00f2nica de la Federaci\u00f3 de Societats Musicals de la Comunitat Valenciana. Director: Rafael Grau Vilar.<\/p><p><strong>Dep\u00f2sit legal<\/strong><\/p><p>V-931\/2024<\/p><p><strong>Descripci\u00f3 f\u00edsica<\/strong><\/p><p>1 CD + 1 folleto (12 p.)<\/p><p><strong>Publicaci\u00f3<\/strong><\/p><p>Val\u00e8ncia: Institut Valenci\u00e0 de Cultura-Generalitat Valenciana.<\/p><p><strong>Nota de contingut<\/strong><\/p><p>El programa M\u00fasica a la llum, patrocinat per CaixaBank i organitzat per l&#8217;Institut Valenci\u00e0 de Cultura-Generalitat Valenciana i la Federaci\u00f3 de Societats Musicals de la Comunitat Valenciana, sorgeix per a col\u00b7laborar amb les Societats Musicals en la conservaci\u00f3, posada en valor i difusi\u00f3 de l&#8217;espl\u00e8ndid patrimoni cultural custodiat en els seus arxius. Este \u00e9s el s\u00e8ptim CD de la col\u00b7lecci\u00f3.<\/p><p><strong>\u00a1Escolta aquest CD en Spotify!<\/strong><\/p><p><iframe title=\"Spotify Embed: Tresors oblidats de la revista Harmon\u00eda: Els sarsuelistes valencians\" style=\"border-radius: 12px\" width=\"100%\" height=\"352\" frameborder=\"0\" allowfullscreen allow=\"autoplay; clipboard-write; encrypted-media; fullscreen; picture-in-picture\" loading=\"lazy\" src=\"https:\/\/open.spotify.com\/embed\/album\/3VJvbRNVAMCtLjCUjZXeop?utm_source=oembed\"><\/iframe><\/p>\t\t\t\t\t\t\t\t<\/div>\n\t\t\t\t<\/div>\n\t\t\t\t\t<\/div>\n\t\t<\/div>\n\t\t\t\t\t<\/div>\n\t\t<\/section>\n\t\t\t\t<\/div>\n\t\t","protected":false},"excerpt":{"rendered":"<p>CD 7 M\u00daSICA A LA LLUM:&#8221;TRESORS OBLIDATS DE LA REVISTA HARMON\u00cdA: ELS SARSUELISTES VALENCIANS&#8221; CD 7 M\u00daSICA A LA LLUM:&#8221;TRESORS OBLIDATS DE LA REVISTA HARMON\u00cdA: ELS SARSUELISTES VALENCIANS&#8221; Segell discogr\u00e0fic Director: Rafael Grau Vilar Obres 1. La labradora. Rondalla. (1933) Leopoldo Magenti Chelvi (1894-1969). 2. \u00a1Ave, C\u00e9sar! Gran fantas\u00eda (1920) Vicente Lle\u00f3 Balbastre (1870-1922) \/ [&hellip;]<\/p>\n","protected":false},"author":17,"featured_media":73666,"parent":44341,"menu_order":0,"comment_status":"closed","ping_status":"closed","template":"elementor_header_footer","meta":{"footnotes":""},"class_list":["post-73731","page","type-page","status-publish","has-post-thumbnail","hentry"],"_links":{"self":[{"href":"https:\/\/fsmcv.org\/vl\/wp-json\/wp\/v2\/pages\/73731","targetHints":{"allow":["GET"]}}],"collection":[{"href":"https:\/\/fsmcv.org\/vl\/wp-json\/wp\/v2\/pages"}],"about":[{"href":"https:\/\/fsmcv.org\/vl\/wp-json\/wp\/v2\/types\/page"}],"author":[{"embeddable":true,"href":"https:\/\/fsmcv.org\/vl\/wp-json\/wp\/v2\/users\/17"}],"replies":[{"embeddable":true,"href":"https:\/\/fsmcv.org\/vl\/wp-json\/wp\/v2\/comments?post=73731"}],"version-history":[{"count":7,"href":"https:\/\/fsmcv.org\/vl\/wp-json\/wp\/v2\/pages\/73731\/revisions"}],"predecessor-version":[{"id":80600,"href":"https:\/\/fsmcv.org\/vl\/wp-json\/wp\/v2\/pages\/73731\/revisions\/80600"}],"up":[{"embeddable":true,"href":"https:\/\/fsmcv.org\/vl\/wp-json\/wp\/v2\/pages\/44341"}],"wp:featuredmedia":[{"embeddable":true,"href":"https:\/\/fsmcv.org\/vl\/wp-json\/wp\/v2\/media\/73666"}],"wp:attachment":[{"href":"https:\/\/fsmcv.org\/vl\/wp-json\/wp\/v2\/media?parent=73731"}],"curies":[{"name":"wp","href":"https:\/\/api.w.org\/{rel}","templated":true}]}}