{"id":73789,"date":"2024-08-09T13:48:30","date_gmt":"2024-08-09T11:48:30","guid":{"rendered":"https:\/\/fsmcv.org\/segell-discografic\/a-que-sona-la-nostra-terra-vol-3\/"},"modified":"2024-08-19T09:50:09","modified_gmt":"2024-08-19T07:50:09","slug":"a-que-sona-la-nostra-terra-vol-3","status":"publish","type":"page","link":"https:\/\/fsmcv.org\/vl\/segell-discografic\/a-que-sona-la-nostra-terra-vol-3\/","title":{"rendered":"A qu\u00e8 sona la nostra terra? Vol. 3"},"content":{"rendered":"\t\t<div data-elementor-type=\"wp-page\" data-elementor-id=\"73789\" class=\"elementor elementor-73789 elementor-73721\" data-elementor-post-type=\"page\">\n\t\t\t\t\t\t<section class=\"elementor-section elementor-top-section elementor-element elementor-element-75a39ae2 elementor-section-boxed elementor-section-height-default elementor-section-height-default\" data-id=\"75a39ae2\" data-element_type=\"section\" data-e-type=\"section\">\n\t\t\t\t\t\t\t<div class=\"elementor-background-overlay\"><\/div>\n\t\t\t\t\t\t\t<div class=\"elementor-container elementor-column-gap-default\">\n\t\t\t\t\t<div class=\"elementor-column elementor-col-100 elementor-top-column elementor-element elementor-element-140707b0\" data-id=\"140707b0\" data-element_type=\"column\" data-e-type=\"column\">\n\t\t\t<div class=\"elementor-widget-wrap elementor-element-populated\">\n\t\t\t\t\t\t<div class=\"elementor-element elementor-element-3d014311 elementor-widget elementor-widget-heading\" data-id=\"3d014311\" data-element_type=\"widget\" data-e-type=\"widget\" data-widget_type=\"heading.default\">\n\t\t\t\t<div class=\"elementor-widget-container\">\n\t\t\t\t\t<h1 class=\"elementor-heading-title elementor-size-default\">A QU\u00c8 SONA LA NOSTRA TERRA? VOL. 3<\/h1>\t\t\t\t<\/div>\n\t\t\t\t<\/div>\n\t\t\t\t\t<\/div>\n\t\t<\/div>\n\t\t\t\t\t<\/div>\n\t\t<\/section>\n\t\t\t\t<section class=\"elementor-section elementor-top-section elementor-element elementor-element-6244e4e8 elementor-section-boxed elementor-section-height-default elementor-section-height-default\" data-id=\"6244e4e8\" data-element_type=\"section\" data-e-type=\"section\">\n\t\t\t\t\t\t<div class=\"elementor-container elementor-column-gap-wide\">\n\t\t\t\t\t<div class=\"elementor-column elementor-col-50 elementor-top-column elementor-element elementor-element-3ccb291f\" data-id=\"3ccb291f\" data-element_type=\"column\" data-e-type=\"column\">\n\t\t\t<div class=\"elementor-widget-wrap elementor-element-populated\">\n\t\t\t\t\t\t<div class=\"elementor-element elementor-element-2252ad41 elementor-view-default elementor-position-block-start elementor-mobile-position-block-start elementor-widget elementor-widget-icon-box\" data-id=\"2252ad41\" data-element_type=\"widget\" data-e-type=\"widget\" data-widget_type=\"icon-box.default\">\n\t\t\t\t<div class=\"elementor-widget-container\">\n\t\t\t\t\t\t\t<div class=\"elementor-icon-box-wrapper\">\n\n\t\t\t\t\t\t<div class=\"elementor-icon-box-icon\">\n\t\t\t\t<span  class=\"elementor-icon\">\n\t\t\t\t<i aria-hidden=\"true\" class=\"fas fa-compact-disc\"><\/i>\t\t\t\t<\/span>\n\t\t\t<\/div>\n\t\t\t\n\t\t\t\t\t\t<div class=\"elementor-icon-box-content\">\n\n\t\t\t\t\t\t\t\t\t<h2 class=\"elementor-icon-box-title\">\n\t\t\t\t\t\t<span  >\n\t\t\t\t\t\t\tA QU\u00c8 SONA LA NOSTRA TERRA? VOL. 3\t\t\t\t\t\t<\/span>\n\t\t\t\t\t<\/h2>\n\t\t\t\t\n\t\t\t\t\t\t\t\t\t<p class=\"elementor-icon-box-description\">\n\t\t\t\t\t\t\n\n\t\t\t\t\t<\/p>\n\t\t\t\t\n\t\t\t<\/div>\n\t\t\t\n\t\t<\/div>\n\t\t\t\t\t\t<\/div>\n\t\t\t\t<\/div>\n\t\t\t\t<div class=\"elementor-element elementor-element-3fe09b08 elementor-widget elementor-widget-image\" data-id=\"3fe09b08\" data-element_type=\"widget\" data-e-type=\"widget\" data-widget_type=\"image.default\">\n\t\t\t\t<div class=\"elementor-widget-container\">\n\t\t\t\t\t\t\t\t\t\t\t\t\t\t\t<img fetchpriority=\"high\" decoding=\"async\" width=\"3000\" height=\"3000\" src=\"https:\/\/fsmcv.org\/wp-content\/uploads\/2024\/08\/A-que-sona-la-nostra-terra\u00bf-vol-3.png\" class=\"attachment-full size-full wp-image-73724\" alt=\"\" srcset=\"https:\/\/fsmcv.org\/wp-content\/uploads\/2024\/08\/A-que-sona-la-nostra-terra\u00bf-vol-3.png 3000w, https:\/\/fsmcv.org\/wp-content\/uploads\/2024\/08\/A-que-sona-la-nostra-terra\u00bf-vol-3-768x768.png 768w, https:\/\/fsmcv.org\/wp-content\/uploads\/2024\/08\/A-que-sona-la-nostra-terra\u00bf-vol-3-300x300.png 300w, https:\/\/fsmcv.org\/wp-content\/uploads\/2024\/08\/A-que-sona-la-nostra-terra\u00bf-vol-3-500x500.png 500w, https:\/\/fsmcv.org\/wp-content\/uploads\/2024\/08\/A-que-sona-la-nostra-terra\u00bf-vol-3-1536x1536.png 1536w, https:\/\/fsmcv.org\/wp-content\/uploads\/2024\/08\/A-que-sona-la-nostra-terra\u00bf-vol-3-2048x2048.png 2048w, https:\/\/fsmcv.org\/wp-content\/uploads\/2024\/08\/A-que-sona-la-nostra-terra\u00bf-vol-3-600x600.png 600w, https:\/\/fsmcv.org\/wp-content\/uploads\/2024\/08\/A-que-sona-la-nostra-terra\u00bf-vol-3-100x100.png 100w\" sizes=\"(max-width: 3000px) 100vw, 3000px\" title=\"\">\t\t\t\t\t\t\t\t\t\t\t\t\t\t\t<\/div>\n\t\t\t\t<\/div>\n\t\t\t\t<div class=\"elementor-element elementor-element-1e2fc038 elementor-align-center elementor-widget elementor-widget-button\" data-id=\"1e2fc038\" data-element_type=\"widget\" data-e-type=\"widget\" data-widget_type=\"button.default\">\n\t\t\t\t<div class=\"elementor-widget-container\">\n\t\t\t\t\t\t\t\t\t<div class=\"elementor-button-wrapper\">\n\t\t\t\t\t<a class=\"elementor-button elementor-button-link elementor-size-md\" href=\"https:\/\/fsmcv.org\/vl\/segell-discografic\/\">\n\t\t\t\t\t\t<span class=\"elementor-button-content-wrapper\">\n\t\t\t\t\t\t<span class=\"elementor-button-icon\">\n\t\t\t\t<i aria-hidden=\"true\" class=\"fas fa-arrow-right\"><\/i>\t\t\t<\/span>\n\t\t\t\t\t\t\t\t\t<span class=\"elementor-button-text\">Segell discogr\u00e0fic<\/span>\n\t\t\t\t\t<\/span>\n\t\t\t\t\t<\/a>\n\t\t\t\t<\/div>\n\t\t\t\t\t\t\t\t<\/div>\n\t\t\t\t<\/div>\n\t\t\t\t\t<\/div>\n\t\t<\/div>\n\t\t\t\t<div class=\"elementor-column elementor-col-50 elementor-top-column elementor-element elementor-element-2b2b8948\" data-id=\"2b2b8948\" data-element_type=\"column\" data-e-type=\"column\">\n\t\t\t<div class=\"elementor-widget-wrap elementor-element-populated\">\n\t\t\t\t\t\t<div class=\"elementor-element elementor-element-37af1c8b elementor-widget elementor-widget-text-editor\" data-id=\"37af1c8b\" data-element_type=\"widget\" data-e-type=\"widget\" data-widget_type=\"text-editor.default\">\n\t\t\t\t<div class=\"elementor-widget-container\">\n\t\t\t\t\t\t\t\t\t<p>Jove Banda Simf\u00f2nica de la FSMCV<\/p>\n<p>Cont\u00e9:<\/p>\n<p>1. AP\u00d3STOL POETA &#8220;RAFAEL DUYOS&#8221; de Jos\u00e9 Mar\u00eda Ferrero Pastor.<\/p>\n<p>2. MOROS ESPA\u00d1OLES de Jos\u00e9 P\u00e9rez Ballester.<\/p>\n<p>3. IX EL CRISTI\u00c0 de Jos\u00e9 M. Valls Sotores.<\/p>\n<p>4. L&#8217;AMBAIXADOR CRISTI\u00c0 de Rafael Mullor Grau.<\/p>\n<p>5. EL MORO DEL SINC de Rafael Giner Estruch.<\/p>\n<p>6. CAPITAN\u00cdA C\u00cdDES de Antonio Carrillos Colomina.<\/p>\n<p>Director:<\/p>\n<p>Rafael Grau Vilar<\/p>\n<p><strong>\u00a1Escolta aquest CD en Spotify!<\/strong><\/p>\n<p><iframe title=\"Spotify Embed: A qu\u00e8 sona la nostra terra?, Vol. 3\" style=\"border-radius: 12px\" width=\"100%\" height=\"352\" frameborder=\"0\" allowfullscreen allow=\"autoplay; clipboard-write; encrypted-media; fullscreen; picture-in-picture\" loading=\"lazy\" src=\"https:\/\/open.spotify.com\/embed\/album\/4ZAChdUm7oSplr154rqoH0?si=eQmaFZh3RGeQy3CBqjUBDw&utm_source=oembed\"><\/iframe><\/p>\n\t\t\t\t\t\t\t\t<\/div>\n\t\t\t\t<\/div>\n\t\t\t\t\t<\/div>\n\t\t<\/div>\n\t\t\t\t\t<\/div>\n\t\t<\/section>\n\t\t\t\t<\/div>\n\t\t","protected":false},"excerpt":{"rendered":"<p>A QU\u00c8 SONA LA NOSTRA TERRA? VOL. 3 A QU\u00c8 SONA LA NOSTRA TERRA? VOL. 3 Segell discogr\u00e0fic Jove Banda Simf\u00f2nica de la FSMCV Cont\u00e9: 1. AP\u00d3STOL POETA &#8220;RAFAEL DUYOS&#8221; de Jos\u00e9 Mar\u00eda Ferrero Pastor. 2. MOROS ESPA\u00d1OLES de Jos\u00e9 P\u00e9rez Ballester. 3. IX EL CRISTI\u00c0 de Jos\u00e9 M. Valls Sotores. 4. L&#8217;AMBAIXADOR CRISTI\u00c0 de [&hellip;]<\/p>\n","protected":false},"author":17,"featured_media":73724,"parent":20683,"menu_order":0,"comment_status":"closed","ping_status":"closed","template":"elementor_header_footer","meta":{"footnotes":""},"class_list":["post-73789","page","type-page","status-publish","has-post-thumbnail","hentry"],"_links":{"self":[{"href":"https:\/\/fsmcv.org\/vl\/wp-json\/wp\/v2\/pages\/73789","targetHints":{"allow":["GET"]}}],"collection":[{"href":"https:\/\/fsmcv.org\/vl\/wp-json\/wp\/v2\/pages"}],"about":[{"href":"https:\/\/fsmcv.org\/vl\/wp-json\/wp\/v2\/types\/page"}],"author":[{"embeddable":true,"href":"https:\/\/fsmcv.org\/vl\/wp-json\/wp\/v2\/users\/17"}],"replies":[{"embeddable":true,"href":"https:\/\/fsmcv.org\/vl\/wp-json\/wp\/v2\/comments?post=73789"}],"version-history":[{"count":1,"href":"https:\/\/fsmcv.org\/vl\/wp-json\/wp\/v2\/pages\/73789\/revisions"}],"predecessor-version":[{"id":73791,"href":"https:\/\/fsmcv.org\/vl\/wp-json\/wp\/v2\/pages\/73789\/revisions\/73791"}],"up":[{"embeddable":true,"href":"https:\/\/fsmcv.org\/vl\/wp-json\/wp\/v2\/pages\/20683"}],"wp:featuredmedia":[{"embeddable":true,"href":"https:\/\/fsmcv.org\/vl\/wp-json\/wp\/v2\/media\/73724"}],"wp:attachment":[{"href":"https:\/\/fsmcv.org\/vl\/wp-json\/wp\/v2\/media?parent=73789"}],"curies":[{"name":"wp","href":"https:\/\/api.w.org\/{rel}","templated":true}]}}