{"id":74041,"date":"2024-07-23T11:29:55","date_gmt":"2024-07-23T09:29:55","guid":{"rendered":"https:\/\/fsmcv.org\/segell-discografic\/bous-dalgemesi\/"},"modified":"2024-09-23T13:27:32","modified_gmt":"2024-09-23T11:27:32","slug":"bous-dalgemesi","status":"publish","type":"page","link":"https:\/\/fsmcv.org\/vl\/segell-discografic\/bous-dalgemesi\/","title":{"rendered":"BOUS D&#8217;ALGEMES\u00cd"},"content":{"rendered":"\t\t<div data-elementor-type=\"wp-page\" data-elementor-id=\"74041\" class=\"elementor elementor-74041 elementor-73368\" data-elementor-post-type=\"page\">\n\t\t\t\t\t\t<section class=\"elementor-section elementor-top-section elementor-element elementor-element-398629f5 elementor-section-boxed elementor-section-height-default elementor-section-height-default\" data-id=\"398629f5\" data-element_type=\"section\" data-e-type=\"section\">\n\t\t\t\t\t\t\t<div class=\"elementor-background-overlay\"><\/div>\n\t\t\t\t\t\t\t<div class=\"elementor-container elementor-column-gap-default\">\n\t\t\t\t\t<div class=\"elementor-column elementor-col-100 elementor-top-column elementor-element elementor-element-2dedd5c8\" data-id=\"2dedd5c8\" data-element_type=\"column\" data-e-type=\"column\">\n\t\t\t<div class=\"elementor-widget-wrap elementor-element-populated\">\n\t\t\t\t\t\t<div class=\"elementor-element elementor-element-313f113d elementor-widget elementor-widget-heading\" data-id=\"313f113d\" data-element_type=\"widget\" data-e-type=\"widget\" data-widget_type=\"heading.default\">\n\t\t\t\t<div class=\"elementor-widget-container\">\n\t\t\t\t\t<h1 class=\"elementor-heading-title elementor-size-default\">BOUS D'ALGEMES\u00cd<\/h1>\t\t\t\t<\/div>\n\t\t\t\t<\/div>\n\t\t\t\t\t<\/div>\n\t\t<\/div>\n\t\t\t\t\t<\/div>\n\t\t<\/section>\n\t\t\t\t<section class=\"elementor-section elementor-top-section elementor-element elementor-element-7ed5bc6 elementor-section-boxed elementor-section-height-default elementor-section-height-default\" data-id=\"7ed5bc6\" data-element_type=\"section\" data-e-type=\"section\">\n\t\t\t\t\t\t<div class=\"elementor-container elementor-column-gap-wide\">\n\t\t\t\t\t<div class=\"elementor-column elementor-col-50 elementor-top-column elementor-element elementor-element-2a80580d\" data-id=\"2a80580d\" data-element_type=\"column\" data-e-type=\"column\">\n\t\t\t<div class=\"elementor-widget-wrap elementor-element-populated\">\n\t\t\t\t\t\t<div class=\"elementor-element elementor-element-4eefce0a elementor-view-default elementor-position-block-start elementor-mobile-position-block-start elementor-widget elementor-widget-icon-box\" data-id=\"4eefce0a\" data-element_type=\"widget\" data-e-type=\"widget\" data-widget_type=\"icon-box.default\">\n\t\t\t\t<div class=\"elementor-widget-container\">\n\t\t\t\t\t\t\t<div class=\"elementor-icon-box-wrapper\">\n\n\t\t\t\t\t\t<div class=\"elementor-icon-box-icon\">\n\t\t\t\t<span  class=\"elementor-icon\">\n\t\t\t\t<i aria-hidden=\"true\" class=\"fas fa-compact-disc\"><\/i>\t\t\t\t<\/span>\n\t\t\t<\/div>\n\t\t\t\n\t\t\t\t\t\t<div class=\"elementor-icon-box-content\">\n\n\t\t\t\t\t\t\t\t\t<h2 class=\"elementor-icon-box-title\">\n\t\t\t\t\t\t<span  >\n\t\t\t\t\t\t\tBOUS D'ALGEMES\u00cd\t\t\t\t\t\t<\/span>\n\t\t\t\t\t<\/h2>\n\t\t\t\t\n\t\t\t\t\t\t\t\t\t<p class=\"elementor-icon-box-description\">\n\t\t\t\t\t\t\n\n\t\t\t\t\t<\/p>\n\t\t\t\t\n\t\t\t<\/div>\n\t\t\t\n\t\t<\/div>\n\t\t\t\t\t\t<\/div>\n\t\t\t\t<\/div>\n\t\t\t\t<div class=\"elementor-element elementor-element-9858586 elementor-widget elementor-widget-image\" data-id=\"9858586\" data-element_type=\"widget\" data-e-type=\"widget\" data-widget_type=\"image.default\">\n\t\t\t\t<div class=\"elementor-widget-container\">\n\t\t\t\t\t\t\t\t\t\t\t\t\t\t\t<img fetchpriority=\"high\" decoding=\"async\" width=\"373\" height=\"378\" src=\"https:\/\/fsmcv.org\/wp-content\/uploads\/2024\/07\/Bous-dAlgemesi.png\" class=\"attachment-full size-full wp-image-73371\" alt=\"\" srcset=\"https:\/\/fsmcv.org\/wp-content\/uploads\/2024\/07\/Bous-dAlgemesi.png 373w, https:\/\/fsmcv.org\/wp-content\/uploads\/2024\/07\/Bous-dAlgemesi-100x100.png 100w\" sizes=\"(max-width: 373px) 100vw, 373px\" title=\"\">\t\t\t\t\t\t\t\t\t\t\t\t\t\t\t<\/div>\n\t\t\t\t<\/div>\n\t\t\t\t<div class=\"elementor-element elementor-element-68482437 elementor-align-center elementor-widget elementor-widget-button\" data-id=\"68482437\" data-element_type=\"widget\" data-e-type=\"widget\" data-widget_type=\"button.default\">\n\t\t\t\t<div class=\"elementor-widget-container\">\n\t\t\t\t\t\t\t\t\t<div class=\"elementor-button-wrapper\">\n\t\t\t\t\t<a class=\"elementor-button elementor-button-link elementor-size-md\" href=\"https:\/\/fsmcv.org\/vl\/segell-discografic\/\">\n\t\t\t\t\t\t<span class=\"elementor-button-content-wrapper\">\n\t\t\t\t\t\t<span class=\"elementor-button-icon\">\n\t\t\t\t<i aria-hidden=\"true\" class=\"fas fa-arrow-right\"><\/i>\t\t\t<\/span>\n\t\t\t\t\t\t\t\t\t<span class=\"elementor-button-text\">Segell discogr\u00e0fic<\/span>\n\t\t\t\t\t<\/span>\n\t\t\t\t\t<\/a>\n\t\t\t\t<\/div>\n\t\t\t\t\t\t\t\t<\/div>\n\t\t\t\t<\/div>\n\t\t\t\t\t<\/div>\n\t\t<\/div>\n\t\t\t\t<div class=\"elementor-column elementor-col-50 elementor-top-column elementor-element elementor-element-54b93916\" data-id=\"54b93916\" data-element_type=\"column\" data-e-type=\"column\">\n\t\t\t<div class=\"elementor-widget-wrap elementor-element-populated\">\n\t\t\t\t\t\t<div class=\"elementor-element elementor-element-765e795c elementor-widget elementor-widget-text-editor\" data-id=\"765e795c\" data-element_type=\"widget\" data-e-type=\"widget\" data-widget_type=\"text-editor.default\">\n\t\t\t\t<div class=\"elementor-widget-container\">\n\t\t\t\t\t\t\t\t\t<p><strong>Banda Simf\u00f2nica d&#8217;Algemes\u00ed<\/strong><\/p>\n<p><strong>Cont\u00e9:<\/strong><\/p>\n<p>1. JES\u00daS CHOVER de Ferrer Ferran.<\/p>\n<p>2. CHURUMBELER\u00cdAS de Emilio Cebri\u00e1n Ruiz.<\/p>\n<p>3. OL\u00c9, MANUEL BENITEZ &#8220;EL CORDOB\u00c9S&#8221; de Juan Amador Jim\u00e9nez i Alfonso Fuentes Cazalilla.<\/p>\n<p>4. NERVA de Manuel Rojas Tirado.<\/p>\n<p>5. VILO de Santiago Lope Gonzalo.<\/p>\n<p>6. ALBERTO DUR\u00c1N de David Rivas Dom\u00ednguez.<\/p>\n<p>7. GLORIA TORERA de A. Miravet.<\/p>\n<p>8. DUNIA PIRIS de Rafael Talons Pell\u00f3.<\/p>\n<p>9. ENRIQUE PONCE de Domingo Vela Alcayna.<\/p>\n<p>10. COMISI\u00d3N TAURINA DE ALGEMES\u00cd de Antonio Mart\u00ednez Ca\u00f1o.<\/p>\n<p>11. LA CONCHA FLAMENCA de Perfecto Artola Prats.<\/p>\n<p>12. BOUS D&#8217;ALGEMES\u00cd de Toni Gim\u00e9nez Cerezo.<\/p>\n<p>13. PAN Y TOROS de Francisco Asenjo Barbieri.<\/p>\n<p><strong>Director:<\/strong><\/p>\n<p>Alberto Ferrer Mart\u00ednez<\/p>\n<p><strong>\u00a1Escolta aquest CD en Spotify!<\/strong><\/p>\n<p><iframe title=\"Spotify Embed: Bous d&amp;apos;Algemes\u00ed\" style=\"border-radius: 12px\" width=\"100%\" height=\"352\" frameborder=\"0\" allowfullscreen allow=\"autoplay; clipboard-write; encrypted-media; fullscreen; picture-in-picture\" loading=\"lazy\" src=\"https:\/\/open.spotify.com\/embed\/album\/2oZtRIiZyeZWGbZW1sgXA8?si=15B8F9pmQfic-gru87yKig&utm_source=oembed\"><\/iframe><\/p>\n\t\t\t\t\t\t\t\t<\/div>\n\t\t\t\t<\/div>\n\t\t\t\t\t<\/div>\n\t\t<\/div>\n\t\t\t\t\t<\/div>\n\t\t<\/section>\n\t\t\t\t<\/div>\n\t\t","protected":false},"excerpt":{"rendered":"<p>BOUS D&#8217;ALGEMES\u00cd BOUS D&#8217;ALGEMES\u00cd Segell discogr\u00e0fic Banda Simf\u00f2nica d&#8217;Algemes\u00ed Cont\u00e9: 1. JES\u00daS CHOVER de Ferrer Ferran. 2. CHURUMBELER\u00cdAS de Emilio Cebri\u00e1n Ruiz. 3. OL\u00c9, MANUEL BENITEZ &#8220;EL CORDOB\u00c9S&#8221; de Juan Amador Jim\u00e9nez i Alfonso Fuentes Cazalilla. 4. NERVA de Manuel Rojas Tirado. 5. VILO de Santiago Lope Gonzalo. 6. ALBERTO DUR\u00c1N de David Rivas Dom\u00ednguez. [&hellip;]<\/p>\n","protected":false},"author":17,"featured_media":73371,"parent":20683,"menu_order":0,"comment_status":"closed","ping_status":"closed","template":"elementor_header_footer","meta":{"footnotes":""},"class_list":["post-74041","page","type-page","status-publish","has-post-thumbnail","hentry"],"_links":{"self":[{"href":"https:\/\/fsmcv.org\/vl\/wp-json\/wp\/v2\/pages\/74041","targetHints":{"allow":["GET"]}}],"collection":[{"href":"https:\/\/fsmcv.org\/vl\/wp-json\/wp\/v2\/pages"}],"about":[{"href":"https:\/\/fsmcv.org\/vl\/wp-json\/wp\/v2\/types\/page"}],"author":[{"embeddable":true,"href":"https:\/\/fsmcv.org\/vl\/wp-json\/wp\/v2\/users\/17"}],"replies":[{"embeddable":true,"href":"https:\/\/fsmcv.org\/vl\/wp-json\/wp\/v2\/comments?post=74041"}],"version-history":[{"count":1,"href":"https:\/\/fsmcv.org\/vl\/wp-json\/wp\/v2\/pages\/74041\/revisions"}],"predecessor-version":[{"id":74043,"href":"https:\/\/fsmcv.org\/vl\/wp-json\/wp\/v2\/pages\/74041\/revisions\/74043"}],"up":[{"embeddable":true,"href":"https:\/\/fsmcv.org\/vl\/wp-json\/wp\/v2\/pages\/20683"}],"wp:featuredmedia":[{"embeddable":true,"href":"https:\/\/fsmcv.org\/vl\/wp-json\/wp\/v2\/media\/73371"}],"wp:attachment":[{"href":"https:\/\/fsmcv.org\/vl\/wp-json\/wp\/v2\/media?parent=74041"}],"curies":[{"name":"wp","href":"https:\/\/api.w.org\/{rel}","templated":true}]}}