{"id":75506,"date":"2024-11-28T12:12:00","date_gmt":"2024-11-28T11:12:00","guid":{"rendered":"https:\/\/fsmcv.org\/segell-discografic\/musica-per-al-poble-de-sant-joan-vol-5\/"},"modified":"2025-01-03T10:28:40","modified_gmt":"2025-01-03T09:28:40","slug":"musica-per-al-poble-de-sant-joan-vol-5","status":"publish","type":"page","link":"https:\/\/fsmcv.org\/vl\/segell-discografic\/musica-per-al-poble-de-sant-joan-vol-5\/","title":{"rendered":"M\u00fasica per al poble de sant joan vol. 5"},"content":{"rendered":"\t\t<div data-elementor-type=\"wp-page\" data-elementor-id=\"75506\" class=\"elementor elementor-75506 elementor-75484\" data-elementor-post-type=\"page\">\n\t\t\t\t\t\t<section class=\"elementor-section elementor-top-section elementor-element elementor-element-55e204ca elementor-section-boxed elementor-section-height-default elementor-section-height-default\" data-id=\"55e204ca\" data-element_type=\"section\" data-e-type=\"section\">\n\t\t\t\t\t\t\t<div class=\"elementor-background-overlay\"><\/div>\n\t\t\t\t\t\t\t<div class=\"elementor-container elementor-column-gap-default\">\n\t\t\t\t\t<div class=\"elementor-column elementor-col-100 elementor-top-column elementor-element elementor-element-2d06fb76\" data-id=\"2d06fb76\" data-element_type=\"column\" data-e-type=\"column\">\n\t\t\t<div class=\"elementor-widget-wrap elementor-element-populated\">\n\t\t\t\t\t\t<div class=\"elementor-element elementor-element-345e01df elementor-widget elementor-widget-heading\" data-id=\"345e01df\" data-element_type=\"widget\" data-e-type=\"widget\" data-widget_type=\"heading.default\">\n\t\t\t\t<div class=\"elementor-widget-container\">\n\t\t\t\t\t<h1 class=\"elementor-heading-title elementor-size-default\">M\u00fasica per al poble de sant joan vol. 5<\/h1>\t\t\t\t<\/div>\n\t\t\t\t<\/div>\n\t\t\t\t\t<\/div>\n\t\t<\/div>\n\t\t\t\t\t<\/div>\n\t\t<\/section>\n\t\t\t\t<section class=\"elementor-section elementor-top-section elementor-element elementor-element-55f993de elementor-section-boxed elementor-section-height-default elementor-section-height-default\" data-id=\"55f993de\" data-element_type=\"section\" data-e-type=\"section\">\n\t\t\t\t\t\t<div class=\"elementor-container elementor-column-gap-wide\">\n\t\t\t\t\t<div class=\"elementor-column elementor-col-50 elementor-top-column elementor-element elementor-element-662422a8\" data-id=\"662422a8\" data-element_type=\"column\" data-e-type=\"column\">\n\t\t\t<div class=\"elementor-widget-wrap elementor-element-populated\">\n\t\t\t\t\t\t<div class=\"elementor-element elementor-element-53fb3f37 elementor-view-default elementor-position-block-start elementor-mobile-position-block-start elementor-widget elementor-widget-icon-box\" data-id=\"53fb3f37\" data-element_type=\"widget\" data-e-type=\"widget\" data-widget_type=\"icon-box.default\">\n\t\t\t\t<div class=\"elementor-widget-container\">\n\t\t\t\t\t\t\t<div class=\"elementor-icon-box-wrapper\">\n\n\t\t\t\t\t\t<div class=\"elementor-icon-box-icon\">\n\t\t\t\t<span  class=\"elementor-icon\">\n\t\t\t\t<i aria-hidden=\"true\" class=\"fas fa-compact-disc\"><\/i>\t\t\t\t<\/span>\n\t\t\t<\/div>\n\t\t\t\n\t\t\t\t\t\t<div class=\"elementor-icon-box-content\">\n\n\t\t\t\t\t\t\t\t\t<h2 class=\"elementor-icon-box-title\">\n\t\t\t\t\t\t<span  >\n\t\t\t\t\t\t\tM\u00fasica per al poble de sant joan vol. 5\t\t\t\t\t\t<\/span>\n\t\t\t\t\t<\/h2>\n\t\t\t\t\n\t\t\t\t\t\t\t\t\t<p class=\"elementor-icon-box-description\">\n\t\t\t\t\t\t\n\n\t\t\t\t\t<\/p>\n\t\t\t\t\n\t\t\t<\/div>\n\t\t\t\n\t\t<\/div>\n\t\t\t\t\t\t<\/div>\n\t\t\t\t<\/div>\n\t\t\t\t<div class=\"elementor-element elementor-element-74b9d7e9 elementor-widget elementor-widget-image\" data-id=\"74b9d7e9\" data-element_type=\"widget\" data-e-type=\"widget\" data-widget_type=\"image.default\">\n\t\t\t\t<div class=\"elementor-widget-container\">\n\t\t\t\t\t\t\t\t\t\t\t\t\t\t\t<img fetchpriority=\"high\" decoding=\"async\" width=\"750\" height=\"745\" src=\"https:\/\/fsmcv.org\/wp-content\/uploads\/2024\/11\/Portada-actualizada.jpg\" class=\"attachment-full size-full wp-image-75470\" alt=\"\" srcset=\"https:\/\/fsmcv.org\/wp-content\/uploads\/2024\/11\/Portada-actualizada.jpg 750w, https:\/\/fsmcv.org\/wp-content\/uploads\/2024\/11\/Portada-actualizada-600x596.jpg 600w, https:\/\/fsmcv.org\/wp-content\/uploads\/2024\/11\/Portada-actualizada-100x100.jpg 100w\" sizes=\"(max-width: 750px) 100vw, 750px\" title=\"\">\t\t\t\t\t\t\t\t\t\t\t\t\t\t\t<\/div>\n\t\t\t\t<\/div>\n\t\t\t\t<div class=\"elementor-element elementor-element-ca44b35 elementor-align-center elementor-widget elementor-widget-button\" data-id=\"ca44b35\" data-element_type=\"widget\" data-e-type=\"widget\" data-widget_type=\"button.default\">\n\t\t\t\t<div class=\"elementor-widget-container\">\n\t\t\t\t\t\t\t\t\t<div class=\"elementor-button-wrapper\">\n\t\t\t\t\t<a class=\"elementor-button elementor-button-link elementor-size-md\" href=\"https:\/\/fsmcv.org\/vl\/segell-discografic\/\">\n\t\t\t\t\t\t<span class=\"elementor-button-content-wrapper\">\n\t\t\t\t\t\t<span class=\"elementor-button-icon\">\n\t\t\t\t<i aria-hidden=\"true\" class=\"fas fa-arrow-right\"><\/i>\t\t\t<\/span>\n\t\t\t\t\t\t\t\t\t<span class=\"elementor-button-text\">Segell discogr\u00e0fic<\/span>\n\t\t\t\t\t<\/span>\n\t\t\t\t\t<\/a>\n\t\t\t\t<\/div>\n\t\t\t\t\t\t\t\t<\/div>\n\t\t\t\t<\/div>\n\t\t\t\t\t<\/div>\n\t\t<\/div>\n\t\t\t\t<div class=\"elementor-column elementor-col-50 elementor-top-column elementor-element elementor-element-2b83dbf7\" data-id=\"2b83dbf7\" data-element_type=\"column\" data-e-type=\"column\">\n\t\t\t<div class=\"elementor-widget-wrap elementor-element-populated\">\n\t\t\t\t\t\t<div class=\"elementor-element elementor-element-5c6575a2 elementor-widget elementor-widget-text-editor\" data-id=\"5c6575a2\" data-element_type=\"widget\" data-e-type=\"widget\" data-widget_type=\"text-editor.default\">\n\t\t\t\t<div class=\"elementor-widget-container\">\n\t\t\t\t\t\t\t\t\t<p><strong>Societat Musical La Paz De Sant Joan D\u00b4Alacant<\/strong><\/p>\n<p><strong>Cont\u00e9:<\/strong><\/p>\n<p>1. FOGUERA PLA\u00c7A MAISONAVE de Jorge Baeza<\/p>\n<p>2. VARCARCEL \u00a1VIVA ALICANTE! de Jos\u00e9 Alfonsea<\/p>\n<p>3. VENTALL DEL FOC de Jos\u00e9 Sala<\/p>\n<p>4. RAM\u00d3N GILABERT de Jos\u00e9 Alfonsea<\/p>\n<p>5. JULIA QUEREDA LLOPIS de Jos\u00e9 Ignacio Baeza<\/p>\n<p>6. EL TIO SALAURA de Josep Cano<\/p>\n<p>7. SOF\u00cdA de Josep Cano<\/p>\n<p>8. LES FOGUERES SAN CHUAN de Lu\u00eds Torregrosa<\/p>\n<p><strong>Director:<\/strong><\/p>\n<p>Joan A. Espinosa Zaragoza \u2013 Director titular y art\u00edstic de la societat musical La Paz.<\/p>\n<p><strong>Escolta este CD en Spotify<\/strong><\/p>\n<p><iframe title=\"Spotify Embed: M\u00fasica per al poble de Sant Joan, Vol. 5 (En Directo)\" style=\"border-radius: 12px\" width=\"100%\" height=\"352\" frameborder=\"0\" allowfullscreen allow=\"autoplay; clipboard-write; encrypted-media; fullscreen; picture-in-picture\" loading=\"lazy\" src=\"https:\/\/open.spotify.com\/embed\/album\/7eyUZ2mGM9vlSUgeNmAY0B?si=5UF-kqDoRNibDg0gw_7tjg&utm_source=oembed\"><\/iframe><\/p>\n\t\t\t\t\t\t\t\t<\/div>\n\t\t\t\t<\/div>\n\t\t\t\t\t<\/div>\n\t\t<\/div>\n\t\t\t\t\t<\/div>\n\t\t<\/section>\n\t\t\t\t<\/div>\n\t\t","protected":false},"excerpt":{"rendered":"<p>Segell discogr\u00e0fic Societat Musical La Paz De Sant Joan D\u00b4Alacant Cont\u00e9: 1. FOGUERA PLA\u00c7A MAISONAVE de Jorge Baeza 2. VARCARCEL \u00a1VIVA ALICANTE! de Jos\u00e9 Alfonsea 3. VENTALL DEL FOC de Jos\u00e9 Sala 4. RAM\u00d3N GILABERT de Jos\u00e9 Alfonsea 5. JULIA QUEREDA LLOPIS de Jos\u00e9 Ignacio Baeza 6. EL TIO SALAURA de Josep Cano 7. SOF\u00cdA [&hellip;]<\/p>\n","protected":false},"author":17,"featured_media":75470,"parent":20683,"menu_order":0,"comment_status":"closed","ping_status":"closed","template":"elementor_header_footer","meta":{"footnotes":""},"class_list":["post-75506","page","type-page","status-publish","has-post-thumbnail","hentry"],"_links":{"self":[{"href":"https:\/\/fsmcv.org\/vl\/wp-json\/wp\/v2\/pages\/75506","targetHints":{"allow":["GET"]}}],"collection":[{"href":"https:\/\/fsmcv.org\/vl\/wp-json\/wp\/v2\/pages"}],"about":[{"href":"https:\/\/fsmcv.org\/vl\/wp-json\/wp\/v2\/types\/page"}],"author":[{"embeddable":true,"href":"https:\/\/fsmcv.org\/vl\/wp-json\/wp\/v2\/users\/17"}],"replies":[{"embeddable":true,"href":"https:\/\/fsmcv.org\/vl\/wp-json\/wp\/v2\/comments?post=75506"}],"version-history":[{"count":6,"href":"https:\/\/fsmcv.org\/vl\/wp-json\/wp\/v2\/pages\/75506\/revisions"}],"predecessor-version":[{"id":76054,"href":"https:\/\/fsmcv.org\/vl\/wp-json\/wp\/v2\/pages\/75506\/revisions\/76054"}],"up":[{"embeddable":true,"href":"https:\/\/fsmcv.org\/vl\/wp-json\/wp\/v2\/pages\/20683"}],"wp:featuredmedia":[{"embeddable":true,"href":"https:\/\/fsmcv.org\/vl\/wp-json\/wp\/v2\/media\/75470"}],"wp:attachment":[{"href":"https:\/\/fsmcv.org\/vl\/wp-json\/wp\/v2\/media?parent=75506"}],"curies":[{"name":"wp","href":"https:\/\/api.w.org\/{rel}","templated":true}]}}