{"id":75508,"date":"2024-11-28T12:19:55","date_gmt":"2024-11-28T11:19:55","guid":{"rendered":"https:\/\/fsmcv.org\/segell-discografic\/musica-per-al-poble-de-sant-joan-vol-6\/"},"modified":"2025-01-03T10:34:52","modified_gmt":"2025-01-03T09:34:52","slug":"musica-per-al-poble-de-sant-joan-vol-6","status":"publish","type":"page","link":"https:\/\/fsmcv.org\/vl\/segell-discografic\/musica-per-al-poble-de-sant-joan-vol-6\/","title":{"rendered":"M\u00fasica per al poble de sant joan vol. 6"},"content":{"rendered":"\t\t<div data-elementor-type=\"wp-page\" data-elementor-id=\"75508\" class=\"elementor elementor-75508 elementor-75494\" data-elementor-post-type=\"page\">\n\t\t\t\t\t\t<section class=\"elementor-section elementor-top-section elementor-element elementor-element-60ac7ffd elementor-section-boxed elementor-section-height-default elementor-section-height-default\" data-id=\"60ac7ffd\" data-element_type=\"section\" data-e-type=\"section\">\n\t\t\t\t\t\t\t<div class=\"elementor-background-overlay\"><\/div>\n\t\t\t\t\t\t\t<div class=\"elementor-container elementor-column-gap-default\">\n\t\t\t\t\t<div class=\"elementor-column elementor-col-100 elementor-top-column elementor-element elementor-element-58cbd522\" data-id=\"58cbd522\" data-element_type=\"column\" data-e-type=\"column\">\n\t\t\t<div class=\"elementor-widget-wrap elementor-element-populated\">\n\t\t\t\t\t\t<div class=\"elementor-element elementor-element-47cb27e3 elementor-widget elementor-widget-heading\" data-id=\"47cb27e3\" data-element_type=\"widget\" data-e-type=\"widget\" data-widget_type=\"heading.default\">\n\t\t\t\t<div class=\"elementor-widget-container\">\n\t\t\t\t\t<h1 class=\"elementor-heading-title elementor-size-default\">M\u00fasica per al poble de sant joan vol. 6<\/h1>\t\t\t\t<\/div>\n\t\t\t\t<\/div>\n\t\t\t\t\t<\/div>\n\t\t<\/div>\n\t\t\t\t\t<\/div>\n\t\t<\/section>\n\t\t\t\t<section class=\"elementor-section elementor-top-section elementor-element elementor-element-5dce2a6c elementor-section-boxed elementor-section-height-default elementor-section-height-default\" data-id=\"5dce2a6c\" data-element_type=\"section\" data-e-type=\"section\">\n\t\t\t\t\t\t<div class=\"elementor-container elementor-column-gap-wide\">\n\t\t\t\t\t<div class=\"elementor-column elementor-col-50 elementor-top-column elementor-element elementor-element-674dbc5a\" data-id=\"674dbc5a\" data-element_type=\"column\" data-e-type=\"column\">\n\t\t\t<div class=\"elementor-widget-wrap elementor-element-populated\">\n\t\t\t\t\t\t<div class=\"elementor-element elementor-element-75364919 elementor-view-default elementor-position-block-start elementor-mobile-position-block-start elementor-widget elementor-widget-icon-box\" data-id=\"75364919\" data-element_type=\"widget\" data-e-type=\"widget\" data-widget_type=\"icon-box.default\">\n\t\t\t\t<div class=\"elementor-widget-container\">\n\t\t\t\t\t\t\t<div class=\"elementor-icon-box-wrapper\">\n\n\t\t\t\t\t\t<div class=\"elementor-icon-box-icon\">\n\t\t\t\t<span  class=\"elementor-icon\">\n\t\t\t\t<i aria-hidden=\"true\" class=\"fas fa-compact-disc\"><\/i>\t\t\t\t<\/span>\n\t\t\t<\/div>\n\t\t\t\n\t\t\t\t\t\t<div class=\"elementor-icon-box-content\">\n\n\t\t\t\t\t\t\t\t\t<h2 class=\"elementor-icon-box-title\">\n\t\t\t\t\t\t<span  >\n\t\t\t\t\t\t\tM\u00fasica per al poble de sant joan vol. 6\t\t\t\t\t\t<\/span>\n\t\t\t\t\t<\/h2>\n\t\t\t\t\n\t\t\t\t\t\t\t\t\t<p class=\"elementor-icon-box-description\">\n\t\t\t\t\t\t\n\n\t\t\t\t\t<\/p>\n\t\t\t\t\n\t\t\t<\/div>\n\t\t\t\n\t\t<\/div>\n\t\t\t\t\t\t<\/div>\n\t\t\t\t<\/div>\n\t\t\t\t<div class=\"elementor-element elementor-element-349978ef elementor-widget elementor-widget-image\" data-id=\"349978ef\" data-element_type=\"widget\" data-e-type=\"widget\" data-widget_type=\"image.default\">\n\t\t\t\t<div class=\"elementor-widget-container\">\n\t\t\t\t\t\t\t\t\t\t\t\t\t\t\t<img fetchpriority=\"high\" decoding=\"async\" width=\"750\" height=\"745\" src=\"https:\/\/fsmcv.org\/wp-content\/uploads\/2024\/11\/Portada-actualizada-1.jpg\" class=\"attachment-full size-full wp-image-75476\" alt=\"\" srcset=\"https:\/\/fsmcv.org\/wp-content\/uploads\/2024\/11\/Portada-actualizada-1.jpg 750w, https:\/\/fsmcv.org\/wp-content\/uploads\/2024\/11\/Portada-actualizada-1-600x596.jpg 600w, https:\/\/fsmcv.org\/wp-content\/uploads\/2024\/11\/Portada-actualizada-1-100x100.jpg 100w\" sizes=\"(max-width: 750px) 100vw, 750px\" title=\"\">\t\t\t\t\t\t\t\t\t\t\t\t\t\t\t<\/div>\n\t\t\t\t<\/div>\n\t\t\t\t<div class=\"elementor-element elementor-element-7940b625 elementor-align-center elementor-widget elementor-widget-button\" data-id=\"7940b625\" data-element_type=\"widget\" data-e-type=\"widget\" data-widget_type=\"button.default\">\n\t\t\t\t<div class=\"elementor-widget-container\">\n\t\t\t\t\t\t\t\t\t<div class=\"elementor-button-wrapper\">\n\t\t\t\t\t<a class=\"elementor-button elementor-button-link elementor-size-md\" href=\"https:\/\/fsmcv.org\/vl\/segell-discografic\/\">\n\t\t\t\t\t\t<span class=\"elementor-button-content-wrapper\">\n\t\t\t\t\t\t<span class=\"elementor-button-icon\">\n\t\t\t\t<i aria-hidden=\"true\" class=\"fas fa-arrow-right\"><\/i>\t\t\t<\/span>\n\t\t\t\t\t\t\t\t\t<span class=\"elementor-button-text\">Segell discogr\u00e0fic<\/span>\n\t\t\t\t\t<\/span>\n\t\t\t\t\t<\/a>\n\t\t\t\t<\/div>\n\t\t\t\t\t\t\t\t<\/div>\n\t\t\t\t<\/div>\n\t\t\t\t\t<\/div>\n\t\t<\/div>\n\t\t\t\t<div class=\"elementor-column elementor-col-50 elementor-top-column elementor-element elementor-element-4ba8190b\" data-id=\"4ba8190b\" data-element_type=\"column\" data-e-type=\"column\">\n\t\t\t<div class=\"elementor-widget-wrap elementor-element-populated\">\n\t\t\t\t\t\t<div class=\"elementor-element elementor-element-b33674a elementor-widget elementor-widget-text-editor\" data-id=\"b33674a\" data-element_type=\"widget\" data-e-type=\"widget\" data-widget_type=\"text-editor.default\">\n\t\t\t\t<div class=\"elementor-widget-container\">\n\t\t\t\t\t\t\t\t\t<p><strong>Societat Musical La Paz De Sant Joan D\u00b4Alacant<\/strong><\/p>\n<p><strong>Cont\u00e9:<\/strong><\/p>\n<p>1. SOCIEDAD MUSICAL LA PAZ de Ferran Campos-Vald\u00e9s<\/p>\n<p>2. DEL COLOR DE LAS MAREAS de Jos\u00e9 Miguel Fayos-Jord\u00e1n<\/p>\n<p> I. El despertar de la bah\u00eda<\/p>\n<p> II. Senderos de Poseid\u00f3n<\/p>\n<p> III. De Sorolla y la Luz<\/p>\n<p>3. HOUDINI: THE FIRST ILLUSIONIST de Josep Ros Garc\u00eda<\/p>\n<ul>\n<li>The Magician<\/li>\n<li>Metamorphosis<\/li>\n<li>Spiritism<\/li>\n<li>Bess<\/li>\n<li>Death<\/li>\n<\/ul>\n<p><strong>Director:<\/strong><\/p>\n<p>Joan A. Espinosa Zaragoza \u2013 Director titular y art\u00edstic de la Societat Musical &#8220;La Paz&#8221;.<\/p>\n<\/p>\n<p><strong>Escolta aquest CD en Spotify:<\/strong><\/p>\n<p><iframe title=\"Spotify Embed: M\u00fasica per al poble de Sant Joan, Vol. 6 (En Directo)\" style=\"border-radius: 12px\" width=\"100%\" height=\"352\" frameborder=\"0\" allowfullscreen allow=\"autoplay; clipboard-write; encrypted-media; fullscreen; picture-in-picture\" loading=\"lazy\" src=\"https:\/\/open.spotify.com\/embed\/album\/40NaMJ2oAGZru3y3TBSdSf?si=lMTfm8ELTsy3UoG5nb-x9Q&utm_source=oembed\"><\/iframe><\/p>\n<\/p><\/p>\n\t\t\t\t\t\t\t\t<\/div>\n\t\t\t\t<\/div>\n\t\t\t\t\t<\/div>\n\t\t<\/div>\n\t\t\t\t\t<\/div>\n\t\t<\/section>\n\t\t\t\t<\/div>\n\t\t","protected":false},"excerpt":{"rendered":"<p>Segell discogr\u00e0fic Societat Musical La Paz De Sant Joan D\u00b4Alacant Cont\u00e9: 1. SOCIEDAD MUSICAL LA PAZ de Ferran Campos-Vald\u00e9s 2. DEL COLOR DE LAS MAREAS de Jos\u00e9 Miguel Fayos-Jord\u00e1n I. El despertar de la bah\u00eda II. Senderos de Poseid\u00f3n III. De Sorolla y la Luz 3. HOUDINI: THE FIRST ILLUSIONIST de Josep Ros Garc\u00eda The [&hellip;]<\/p>\n","protected":false},"author":17,"featured_media":75476,"parent":20683,"menu_order":0,"comment_status":"closed","ping_status":"closed","template":"elementor_header_footer","meta":{"footnotes":""},"class_list":["post-75508","page","type-page","status-publish","has-post-thumbnail","hentry"],"_links":{"self":[{"href":"https:\/\/fsmcv.org\/vl\/wp-json\/wp\/v2\/pages\/75508","targetHints":{"allow":["GET"]}}],"collection":[{"href":"https:\/\/fsmcv.org\/vl\/wp-json\/wp\/v2\/pages"}],"about":[{"href":"https:\/\/fsmcv.org\/vl\/wp-json\/wp\/v2\/types\/page"}],"author":[{"embeddable":true,"href":"https:\/\/fsmcv.org\/vl\/wp-json\/wp\/v2\/users\/17"}],"replies":[{"embeddable":true,"href":"https:\/\/fsmcv.org\/vl\/wp-json\/wp\/v2\/comments?post=75508"}],"version-history":[{"count":9,"href":"https:\/\/fsmcv.org\/vl\/wp-json\/wp\/v2\/pages\/75508\/revisions"}],"predecessor-version":[{"id":76069,"href":"https:\/\/fsmcv.org\/vl\/wp-json\/wp\/v2\/pages\/75508\/revisions\/76069"}],"up":[{"embeddable":true,"href":"https:\/\/fsmcv.org\/vl\/wp-json\/wp\/v2\/pages\/20683"}],"wp:featuredmedia":[{"embeddable":true,"href":"https:\/\/fsmcv.org\/vl\/wp-json\/wp\/v2\/media\/75476"}],"wp:attachment":[{"href":"https:\/\/fsmcv.org\/vl\/wp-json\/wp\/v2\/media?parent=75508"}],"curies":[{"name":"wp","href":"https:\/\/api.w.org\/{rel}","templated":true}]}}