{"id":76928,"date":"2025-02-19T10:30:59","date_gmt":"2025-02-19T09:30:59","guid":{"rendered":"https:\/\/fsmcv.org\/jove-banda-simfonica\/"},"modified":"2026-04-02T09:26:17","modified_gmt":"2026-04-02T07:26:17","slug":"jove-banda-simfonica","status":"publish","type":"page","link":"https:\/\/fsmcv.org\/vl\/jove-banda-simfonica\/","title":{"rendered":"JOVE BANDA SIMF\u00d2NICA"},"content":{"rendered":"\t\t<div data-elementor-type=\"wp-page\" data-elementor-id=\"76928\" class=\"elementor elementor-76928 elementor-76855\" data-elementor-post-type=\"page\">\n\t\t\t\t\t\t<section class=\"elementor-section elementor-top-section elementor-element elementor-element-83e6ca9 elementor-section-boxed elementor-section-height-default elementor-section-height-default\" data-id=\"83e6ca9\" data-element_type=\"section\" data-e-type=\"section\">\n\t\t\t\t\t\t\t<div class=\"elementor-background-overlay\"><\/div>\n\t\t\t\t\t\t\t<div class=\"elementor-container elementor-column-gap-default\">\n\t\t\t\t\t<div class=\"elementor-column elementor-col-100 elementor-top-column elementor-element elementor-element-3454aa6\" data-id=\"3454aa6\" data-element_type=\"column\" data-e-type=\"column\">\n\t\t\t<div class=\"elementor-widget-wrap elementor-element-populated\">\n\t\t\t\t\t\t<div class=\"elementor-element elementor-element-2781e32 elementor-widget elementor-widget-heading\" data-id=\"2781e32\" data-element_type=\"widget\" data-e-type=\"widget\" data-widget_type=\"heading.default\">\n\t\t\t\t<div class=\"elementor-widget-container\">\n\t\t\t\t\t<h1 class=\"elementor-heading-title elementor-size-default\">JOVE BANDA SIMF\u00d2NICA<\/h1>\t\t\t\t<\/div>\n\t\t\t\t<\/div>\n\t\t\t\t<div class=\"elementor-element elementor-element-c045b7a elementor-widget elementor-widget-text-editor\" data-id=\"c045b7a\" data-element_type=\"widget\" data-e-type=\"widget\" data-widget_type=\"text-editor.default\">\n\t\t\t\t<div class=\"elementor-widget-container\">\n\t\t\t\t\t\t\t\t\t<p>El director de la Jove Banda Simf\u00f2nica de la FSMCV en 2026 \u00e9s Sergio D\u00edaz Garc\u00eda<\/p>\t\t\t\t\t\t\t\t<\/div>\n\t\t\t\t<\/div>\n\t\t\t\t\t<\/div>\n\t\t<\/div>\n\t\t\t\t\t<\/div>\n\t\t<\/section>\n\t\t\t\t<section class=\"elementor-section elementor-top-section elementor-element elementor-element-b22e3b8 elementor-section-boxed elementor-section-height-default elementor-section-height-default\" data-id=\"b22e3b8\" data-element_type=\"section\" data-e-type=\"section\">\n\t\t\t\t\t\t<div class=\"elementor-container elementor-column-gap-custom\">\n\t\t\t\t\t<div class=\"elementor-column elementor-col-50 elementor-top-column elementor-element elementor-element-ff73efc\" data-id=\"ff73efc\" data-element_type=\"column\" data-e-type=\"column\">\n\t\t\t<div class=\"elementor-widget-wrap elementor-element-populated\">\n\t\t\t\t\t\t<div class=\"elementor-element elementor-element-a0f7b3d elementor-widget elementor-widget-heading\" data-id=\"a0f7b3d\" data-element_type=\"widget\" data-e-type=\"widget\" data-widget_type=\"heading.default\">\n\t\t\t\t<div class=\"elementor-widget-container\">\n\t\t\t\t\t<h3 class=\"elementor-heading-title elementor-size-default\">La Jove Banda Simf\u00f2nica de la FSMCV (JBS) \u00e9s una unitat art\u00edstica d'alt rendiment musical formada per joves int\u00e8rprets procedents de les societats musicals valencianes<\/h3>\t\t\t\t<\/div>\n\t\t\t\t<\/div>\n\t\t\t\t\t<\/div>\n\t\t<\/div>\n\t\t\t\t<div class=\"elementor-column elementor-col-50 elementor-top-column elementor-element elementor-element-6e270a6\" data-id=\"6e270a6\" data-element_type=\"column\" data-e-type=\"column\">\n\t\t\t<div class=\"elementor-widget-wrap elementor-element-populated\">\n\t\t\t\t\t\t<div class=\"elementor-element elementor-element-3e9275e elementor-widget elementor-widget-text-editor\" data-id=\"3e9275e\" data-element_type=\"widget\" data-e-type=\"widget\" data-widget_type=\"text-editor.default\">\n\t\t\t\t<div class=\"elementor-widget-container\">\n\t\t\t\t\t\t\t\t\t<p>El seu origen es remunta a l&#8217;Exposici\u00f3 Universal celebrada a Sevilla, on es va formar especialment una banda de 300 m\u00fasics per a representar davant el m\u00f3n aquesta singular mostra cultural valenciana.<\/p><p><strong>La Jove Banda Simf\u00f2nica de la Federaci\u00f3 de Societats Musicals de la Comunitat Valenciana<\/strong> es va constituir de manera oficial en el 2000, amb l&#8217;objectiu inicial que les societats musicals valencianes van estar representades en el VIII Festival Nacional de Bandes de M\u00fasica que la Confederaci\u00f3 Espanyola de Societats Musicals (CESM) va organitzar a Val\u00e8ncia en 2001. Despr\u00e9s de l&#8217;\u00e8xit obtingut, es va donar forma estable a la seua estructura participant en nombroses trobades nacionals i internacionals.<\/p><p>Actualment la Banda compta amb 80 membres d&#8217;entre 18 i 28 anys pertanyents a alguna de les Societats Musicals afiliades a la Federaci\u00f3.<\/p><ul><li style=\"list-style-type: none;\"> <\/li><\/ul>\t\t\t\t\t\t\t\t<\/div>\n\t\t\t\t<\/div>\n\t\t\t\t\t<\/div>\n\t\t<\/div>\n\t\t\t\t\t<\/div>\n\t\t<\/section>\n\t\t\t\t<section class=\"elementor-section elementor-top-section elementor-element elementor-element-5a4035b elementor-section-boxed elementor-section-height-default elementor-section-height-default\" data-id=\"5a4035b\" data-element_type=\"section\" data-e-type=\"section\">\n\t\t\t\t\t\t<div class=\"elementor-container elementor-column-gap-default\">\n\t\t\t\t\t<div class=\"elementor-column elementor-col-50 elementor-top-column elementor-element elementor-element-d7aba97\" data-id=\"d7aba97\" data-element_type=\"column\" data-e-type=\"column\">\n\t\t\t<div class=\"elementor-widget-wrap elementor-element-populated\">\n\t\t\t\t\t\t<div class=\"elementor-element elementor-element-afb96a1 elementor-align-center elementor-widget elementor-widget-button\" data-id=\"afb96a1\" data-element_type=\"widget\" data-e-type=\"widget\" data-widget_type=\"button.default\">\n\t\t\t\t<div class=\"elementor-widget-container\">\n\t\t\t\t\t\t\t\t\t<div class=\"elementor-button-wrapper\">\n\t\t\t\t\t<a class=\"elementor-button elementor-button-link elementor-size-sm\" href=\"https:\/\/fsmcv.org\/wp-content\/uploads\/2026\/04\/REGLAMENTO-DE-FUNCIONAMIENTO-DE-LA-JOVEN-BANDA-SINFONICA-DE-LA-FSMCV.pdf\">\n\t\t\t\t\t\t<span class=\"elementor-button-content-wrapper\">\n\t\t\t\t\t\t\t\t\t<span class=\"elementor-button-text\">REGLAMENT DE LA JOVE BANDA SIMF\u00d3NICA<\/span>\n\t\t\t\t\t<\/span>\n\t\t\t\t\t<\/a>\n\t\t\t\t<\/div>\n\t\t\t\t\t\t\t\t<\/div>\n\t\t\t\t<\/div>\n\t\t\t\t\t<\/div>\n\t\t<\/div>\n\t\t\t\t<div class=\"elementor-column elementor-col-50 elementor-top-column elementor-element elementor-element-11599e6\" data-id=\"11599e6\" data-element_type=\"column\" data-e-type=\"column\">\n\t\t\t<div class=\"elementor-widget-wrap elementor-element-populated\">\n\t\t\t\t\t\t<div class=\"elementor-element elementor-element-c8a1c20 elementor-align-center elementor-widget elementor-widget-button\" data-id=\"c8a1c20\" data-element_type=\"widget\" data-e-type=\"widget\" data-widget_type=\"button.default\">\n\t\t\t\t<div class=\"elementor-widget-container\">\n\t\t\t\t\t\t\t\t\t<div class=\"elementor-button-wrapper\">\n\t\t\t\t\t<a class=\"elementor-button elementor-button-link elementor-size-sm\" href=\"https:\/\/fsmcv.org\/wp-content\/uploads\/2026\/03\/CS-Bases-Joven-Banda-Sinfonica-FSMCV-2026.pdf\">\n\t\t\t\t\t\t<span class=\"elementor-button-content-wrapper\">\n\t\t\t\t\t\t\t\t\t<span class=\"elementor-button-text\">EDICI\u00d3 2026: BASES DE LA JOVE BANDA SIMF\u00d2NICA<\/span>\n\t\t\t\t\t<\/span>\n\t\t\t\t\t<\/a>\n\t\t\t\t<\/div>\n\t\t\t\t\t\t\t\t<\/div>\n\t\t\t\t<\/div>\n\t\t\t\t\t<\/div>\n\t\t<\/div>\n\t\t\t\t\t<\/div>\n\t\t<\/section>\n\t\t\t\t<section class=\"elementor-section elementor-top-section elementor-element elementor-element-a3d5cdd elementor-section-boxed elementor-section-height-default elementor-section-height-default\" data-id=\"a3d5cdd\" data-element_type=\"section\" data-e-type=\"section\">\n\t\t\t\t\t\t<div class=\"elementor-container elementor-column-gap-default\">\n\t\t\t\t\t<div class=\"elementor-column elementor-col-100 elementor-top-column elementor-element elementor-element-8c05de6\" data-id=\"8c05de6\" data-element_type=\"column\" data-e-type=\"column\">\n\t\t\t<div class=\"elementor-widget-wrap elementor-element-populated\">\n\t\t\t\t\t\t<div class=\"elementor-element elementor-element-d42036d elementor-widget-divider--view-line elementor-widget elementor-widget-divider\" data-id=\"d42036d\" data-element_type=\"widget\" data-e-type=\"widget\" data-widget_type=\"divider.default\">\n\t\t\t\t<div class=\"elementor-widget-container\">\n\t\t\t\t\t\t\t<div class=\"elementor-divider\">\n\t\t\t<span class=\"elementor-divider-separator\">\n\t\t\t\t\t\t<\/span>\n\t\t<\/div>\n\t\t\t\t\t\t<\/div>\n\t\t\t\t<\/div>\n\t\t\t\t\t<\/div>\n\t\t<\/div>\n\t\t\t\t\t<\/div>\n\t\t<\/section>\n\t\t\t\t<section class=\"elementor-section elementor-top-section elementor-element elementor-element-139ebd0 elementor-section-boxed elementor-section-height-default elementor-section-height-default\" data-id=\"139ebd0\" data-element_type=\"section\" data-e-type=\"section\">\n\t\t\t\t\t\t<div class=\"elementor-container elementor-column-gap-default\">\n\t\t\t\t\t<div class=\"elementor-column elementor-col-100 elementor-top-column elementor-element elementor-element-917d26e\" data-id=\"917d26e\" data-element_type=\"column\" data-e-type=\"column\">\n\t\t\t<div class=\"elementor-widget-wrap elementor-element-populated\">\n\t\t\t\t\t\t<div class=\"elementor-element elementor-element-ed86558 elementor-widget elementor-widget-video\" data-id=\"ed86558\" data-element_type=\"widget\" data-e-type=\"widget\" data-settings=\"{&quot;youtube_url&quot;:&quot;https:\\\/\\\/www.youtube.com\\\/watch?v=HJv5GtM0VQ4&amp;list=PL64160bPli3yGugOxP72QNueUaGUIm0tJ&amp;index=1&quot;,&quot;autoplay&quot;:&quot;yes&quot;,&quot;video_type&quot;:&quot;youtube&quot;,&quot;controls&quot;:&quot;yes&quot;}\" data-widget_type=\"video.default\">\n\t\t\t\t<div class=\"elementor-widget-container\">\n\t\t\t\t\t\t\t<div class=\"elementor-wrapper elementor-open-inline\">\n\t\t\t<div class=\"elementor-video\"><\/div>\t\t<\/div>\n\t\t\t\t\t\t<\/div>\n\t\t\t\t<\/div>\n\t\t\t\t\t<\/div>\n\t\t<\/div>\n\t\t\t\t\t<\/div>\n\t\t<\/section>\n\t\t\t\t<section class=\"elementor-section elementor-top-section elementor-element elementor-element-fddcc9f elementor-section-boxed elementor-section-height-default elementor-section-height-default\" data-id=\"fddcc9f\" data-element_type=\"section\" data-e-type=\"section\">\n\t\t\t\t\t\t<div class=\"elementor-container elementor-column-gap-default\">\n\t\t\t\t\t<div class=\"elementor-column elementor-col-100 elementor-top-column elementor-element elementor-element-27de72a\" data-id=\"27de72a\" data-element_type=\"column\" data-e-type=\"column\">\n\t\t\t<div class=\"elementor-widget-wrap elementor-element-populated\">\n\t\t\t\t\t\t<div class=\"elementor-element elementor-element-76800cb elementor-widget-divider--view-line elementor-widget elementor-widget-divider\" data-id=\"76800cb\" data-element_type=\"widget\" data-e-type=\"widget\" data-widget_type=\"divider.default\">\n\t\t\t\t<div class=\"elementor-widget-container\">\n\t\t\t\t\t\t\t<div class=\"elementor-divider\">\n\t\t\t<span class=\"elementor-divider-separator\">\n\t\t\t\t\t\t<\/span>\n\t\t<\/div>\n\t\t\t\t\t\t<\/div>\n\t\t\t\t<\/div>\n\t\t\t\t\t<\/div>\n\t\t<\/div>\n\t\t\t\t\t<\/div>\n\t\t<\/section>\n\t\t\t\t<section class=\"elementor-section elementor-top-section elementor-element elementor-element-399680c elementor-section-boxed elementor-section-height-default elementor-section-height-default\" data-id=\"399680c\" data-element_type=\"section\" data-e-type=\"section\">\n\t\t\t\t\t\t<div class=\"elementor-container elementor-column-gap-default\">\n\t\t\t\t\t<div class=\"elementor-column elementor-col-100 elementor-top-column elementor-element elementor-element-8c811e6\" data-id=\"8c811e6\" data-element_type=\"column\" data-e-type=\"column\">\n\t\t\t<div class=\"elementor-widget-wrap elementor-element-populated\">\n\t\t\t\t\t\t<div class=\"elementor-element elementor-element-2a817ce elementor-widget elementor-widget-text-editor\" data-id=\"2a817ce\" data-element_type=\"widget\" data-e-type=\"widget\" data-widget_type=\"text-editor.default\">\n\t\t\t\t<div class=\"elementor-widget-container\">\n\t\t\t\t\t\t\t\t\t<p><strong>Directors que ha tingut la Jove Banda Simf\u00f2nica en la seua traject\u00f2ria:<\/strong><\/p><ul><li>2001: Jos\u00e9 Vicente Asensi, <a href=\"https:\/\/www.ferrerferran.com\/\" target=\"_blank\" rel=\"noopener\">Ferrer Ferran<\/a>, Salvador Sebasti\u00e0<\/li><li>2002: Jose Ram\u00f3n Renovell Renovell, <a href=\"https:\/\/www.pascualvilaplana.com\/\" target=\"_blank\" rel=\"noopener\">Jos\u00e9 Rafael Pascual Vilaplana<\/a>, <a href=\"https:\/\/nl.wikipedia.org\/wiki\/Lu%C3%ADs_Sanjaime_Meseguer\" target=\"_blank\" rel=\"noopener\">Luis Sanjaime Meseguer<\/a><\/li><li>2003: Joan Espinosa, Jos\u00e9 Antonio Rebollar, <a href=\"https:\/\/andresvalero.com\/\" target=\"_blank\" rel=\"noopener\">Andr\u00e9s Valero Castells<\/a>, <a href=\"http:\/\/www.angelcrespo-director.es\/\" target=\"_blank\" rel=\"noopener\">\u00c0ngel Crespo<\/a><\/li><li>2004: Pascual Mart\u00ednez Mart\u00ednez, Jaime Belda Cantavella, <a href=\"https:\/\/gl.wikipedia.org\/wiki\/Pablo_Angl%C3%A9s_Galindo\" target=\"_blank\" rel=\"noopener\">Pablo Angl\u00e9s Galindo<\/a><\/li><li>2005: Jos\u00e9 Vicente Diaz Alcaina, Vicente Carot Gil, Vicente Soler Solano<\/li><li>2006: <a href=\"https:\/\/www.henrieadams.es\/\" target=\"_blank\" rel=\"noopener\">Henry Adams<\/a><\/li><li>2007: <a href=\"https:\/\/www.teoaparicio.com\/\" target=\"_blank\" rel=\"noopener\">Teo Aparicio<\/a><\/li><li>2008: <a href=\"https:\/\/www.teoaparicio.com\/\" target=\"_blank\" rel=\"noopener\">Teo Aparicio<\/a><\/li><li>2009: <a href=\"https:\/\/www.teoaparicio.com\/\" target=\"_blank\" rel=\"noopener\">Teo Aparicio<\/a><\/li><li>2010: Jos\u00e9 Mart\u00ednez Colomina<\/li><li>2011: Jes\u00fas Cantos Plaza<\/li><li>2012: Javier Mart\u00ednez Mart\u00ednez<\/li><li>2013: <a href=\"http:\/\/rafagarrigos.com\/\" target=\"_blank\" rel=\"noopener\">Rafael Garrig\u00f3s Garc\u00eda<\/a><\/li><li>2014: <a href=\"https:\/\/www.danielferrerosilvage.com\/\" target=\"_blank\" rel=\"noopener\">Daniel Ferrero Silvage<\/a><\/li><li>2015: <a href=\"http:\/\/www.beatrizfernandezaucejo.com\/es\/\" target=\"_blank\" rel=\"noopener\">Beatriz Fern\u00e1ndez Aucejo<\/a><\/li><li>2016: <a href=\"https:\/\/www.pablomarquesmestre.com\/\" target=\"_blank\" rel=\"noopener\">Pablo Marqu\u00e9s Mestre<\/a><\/li><li>2017: Pere Vicalet (Pedro Vicente Caselles Mulet)<\/li><li>2018: <a href=\"https:\/\/www.saulgomez.es\/biografia\/\" target=\"_blank\" rel=\"noopener\">Sa\u00fcl G\u00f3mez Soler<\/a><\/li><li>2019: <a href=\"http:\/\/carlosramonperez.com\/\" target=\"_blank\" rel=\"noopener\">Carlos Ram\u00f3n-P\u00e9rez<\/a><\/li><li>2020: <a href=\"https:\/\/fsmcv.org\/rafa-garcia-vidal\/\" target=\"_blank\" rel=\"noopener\">Rafa Garc\u00eda Vidal<\/a><\/li><li>2021: <a href=\"https:\/\/fsmcv.org\/rafa-garcia-vidal\/\" target=\"_blank\" rel=\"noopener\">Rafa Garc\u00eda Vidal<\/a><\/li><li>2022: <a href=\"https:\/\/www.lidonvaler.com\/\" target=\"_blank\" rel=\"noopener\">Lid\u00f3n Valer Cabaleiro<\/a><\/li><li>2023: Rafael Grau Vilar<\/li><li>2024: <a href=\"https:\/\/www.quiquemontesinos.com\/\" target=\"_blank\" rel=\"noopener\">Enrique Montesinos Parra<\/a><\/li><li>2025: <a href=\"https:\/\/www.jeronimocastello.es\/\" target=\"_blank\" rel=\"noopener\">Jer\u00f3nimo Castell\u00f3<\/a><\/li><li>2026: Sergio D\u00edaz Garc\u00eda<\/li><\/ul>\t\t\t\t\t\t\t\t<\/div>\n\t\t\t\t<\/div>\n\t\t\t\t\t<\/div>\n\t\t<\/div>\n\t\t\t\t\t<\/div>\n\t\t<\/section>\n\t\t\t\t<section class=\"elementor-section elementor-top-section elementor-element elementor-element-403be10 elementor-section-boxed elementor-section-height-default elementor-section-height-default\" data-id=\"403be10\" data-element_type=\"section\" data-e-type=\"section\">\n\t\t\t\t\t\t<div class=\"elementor-container elementor-column-gap-default\">\n\t\t\t\t\t<div class=\"elementor-column elementor-col-100 elementor-top-column elementor-element elementor-element-fe84335\" data-id=\"fe84335\" data-element_type=\"column\" data-e-type=\"column\">\n\t\t\t<div class=\"elementor-widget-wrap elementor-element-populated\">\n\t\t\t\t\t\t<div class=\"elementor-element elementor-element-f22a800 elementor-widget-divider--view-line elementor-widget elementor-widget-divider\" data-id=\"f22a800\" data-element_type=\"widget\" data-e-type=\"widget\" data-widget_type=\"divider.default\">\n\t\t\t\t<div class=\"elementor-widget-container\">\n\t\t\t\t\t\t\t<div class=\"elementor-divider\">\n\t\t\t<span class=\"elementor-divider-separator\">\n\t\t\t\t\t\t<\/span>\n\t\t<\/div>\n\t\t\t\t\t\t<\/div>\n\t\t\t\t<\/div>\n\t\t\t\t\t<\/div>\n\t\t<\/div>\n\t\t\t\t\t<\/div>\n\t\t<\/section>\n\t\t\t\t<section class=\"elementor-section elementor-top-section elementor-element elementor-element-e8f3035 elementor-section-boxed elementor-section-height-default elementor-section-height-default\" data-id=\"e8f3035\" data-element_type=\"section\" data-e-type=\"section\">\n\t\t\t\t\t\t<div class=\"elementor-container elementor-column-gap-default\">\n\t\t\t\t\t<div class=\"elementor-column elementor-col-100 elementor-top-column elementor-element elementor-element-8d68b2b\" data-id=\"8d68b2b\" data-element_type=\"column\" data-e-type=\"column\">\n\t\t\t<div class=\"elementor-widget-wrap elementor-element-populated\">\n\t\t\t\t\t\t<div class=\"elementor-element elementor-element-e02c5a4 elementor-widget elementor-widget-heading\" data-id=\"e02c5a4\" data-element_type=\"widget\" data-e-type=\"widget\" data-widget_type=\"heading.default\">\n\t\t\t\t<div class=\"elementor-widget-container\">\n\t\t\t\t\t<h2 class=\"elementor-heading-title elementor-size-default\">not\u00edcies de la jove banda simf\u00f3nica de la fsmcv<\/h2>\t\t\t\t<\/div>\n\t\t\t\t<\/div>\n\t\t\t\t\t<\/div>\n\t\t<\/div>\n\t\t\t\t\t<\/div>\n\t\t<\/section>\n\t\t\t\t<section class=\"elementor-section elementor-top-section elementor-element elementor-element-84623cb elementor-section-boxed elementor-section-height-default elementor-section-height-default\" data-id=\"84623cb\" data-element_type=\"section\" data-e-type=\"section\">\n\t\t\t\t\t\t<div class=\"elementor-container elementor-column-gap-default\">\n\t\t\t\t\t<div class=\"elementor-column elementor-col-100 elementor-top-column elementor-element elementor-element-0bc981c\" data-id=\"0bc981c\" data-element_type=\"column\" data-e-type=\"column\">\n\t\t\t<div class=\"elementor-widget-wrap elementor-element-populated\">\n\t\t\t\t\t\t\t<\/div>\n\t\t<\/div>\n\t\t\t\t\t<\/div>\n\t\t<\/section>\n\t\t\t\t<\/div>\n\t\t","protected":false},"excerpt":{"rendered":"<p>JOVE BANDA SIMF\u00d2NICA El director de la Jove Banda Simf\u00f2nica de la FSMCV en 2026 \u00e9s Sergio D\u00edaz Garc\u00eda La Jove Banda Simf\u00f2nica de la FSMCV (JBS) \u00e9s una unitat art\u00edstica d&#8217;alt rendiment musical formada per joves int\u00e8rprets procedents de les societats musicals valencianes El seu origen es remunta a l&#8217;Exposici\u00f3 Universal celebrada a Sevilla, [&hellip;]<\/p>\n","protected":false},"author":22,"featured_media":76869,"parent":0,"menu_order":0,"comment_status":"closed","ping_status":"closed","template":"","meta":{"footnotes":""},"class_list":["post-76928","page","type-page","status-publish","has-post-thumbnail","hentry"],"_links":{"self":[{"href":"https:\/\/fsmcv.org\/vl\/wp-json\/wp\/v2\/pages\/76928","targetHints":{"allow":["GET"]}}],"collection":[{"href":"https:\/\/fsmcv.org\/vl\/wp-json\/wp\/v2\/pages"}],"about":[{"href":"https:\/\/fsmcv.org\/vl\/wp-json\/wp\/v2\/types\/page"}],"author":[{"embeddable":true,"href":"https:\/\/fsmcv.org\/vl\/wp-json\/wp\/v2\/users\/22"}],"replies":[{"embeddable":true,"href":"https:\/\/fsmcv.org\/vl\/wp-json\/wp\/v2\/comments?post=76928"}],"version-history":[{"count":19,"href":"https:\/\/fsmcv.org\/vl\/wp-json\/wp\/v2\/pages\/76928\/revisions"}],"predecessor-version":[{"id":82120,"href":"https:\/\/fsmcv.org\/vl\/wp-json\/wp\/v2\/pages\/76928\/revisions\/82120"}],"wp:featuredmedia":[{"embeddable":true,"href":"https:\/\/fsmcv.org\/vl\/wp-json\/wp\/v2\/media\/76869"}],"wp:attachment":[{"href":"https:\/\/fsmcv.org\/vl\/wp-json\/wp\/v2\/media?parent=76928"}],"curies":[{"name":"wp","href":"https:\/\/api.w.org\/{rel}","templated":true}]}}