{"id":77524,"date":"2025-03-24T11:29:12","date_gmt":"2025-03-24T10:29:12","guid":{"rendered":"https:\/\/fsmcv.org\/concierto-de-musica-festera-unio-musical-i-artistica-de-sax\/"},"modified":"2025-04-01T18:27:59","modified_gmt":"2025-04-01T16:27:59","slug":"concierto-de-musica-festera-unio-musical-i-artistica-de-sax","status":"publish","type":"page","link":"https:\/\/fsmcv.org\/vl\/segell-discografic\/concierto-de-musica-festera-unio-musical-i-artistica-de-sax\/","title":{"rendered":"Concierto de M\u00fasica Festera &#8211; Uni\u00f3 Musical i Art\u00edstica de Sax"},"content":{"rendered":"\t\t<div data-elementor-type=\"wp-page\" data-elementor-id=\"77524\" class=\"elementor elementor-77524 elementor-77518\" data-elementor-post-type=\"page\">\n\t\t\t\t\t\t<section class=\"elementor-section elementor-top-section elementor-element elementor-element-767f5b33 elementor-section-boxed elementor-section-height-default elementor-section-height-default\" data-id=\"767f5b33\" data-element_type=\"section\" data-e-type=\"section\">\n\t\t\t\t\t\t\t<div class=\"elementor-background-overlay\"><\/div>\n\t\t\t\t\t\t\t<div class=\"elementor-container elementor-column-gap-default\">\n\t\t\t\t\t<div class=\"elementor-column elementor-col-100 elementor-top-column elementor-element elementor-element-791fe58b\" data-id=\"791fe58b\" data-element_type=\"column\" data-e-type=\"column\">\n\t\t\t<div class=\"elementor-widget-wrap elementor-element-populated\">\n\t\t\t\t\t\t<div class=\"elementor-element elementor-element-7c3347cb elementor-widget elementor-widget-heading\" data-id=\"7c3347cb\" data-element_type=\"widget\" data-e-type=\"widget\" data-widget_type=\"heading.default\">\n\t\t\t\t<div class=\"elementor-widget-container\">\n\t\t\t\t\t<h1 class=\"elementor-heading-title elementor-size-default\">Concierto de M\u00fasica Festera &#8211; Uni\u00f3 Musical i Art\u00edstica de Sax<\/h1>\t\t\t\t<\/div>\n\t\t\t\t<\/div>\n\t\t\t\t\t<\/div>\n\t\t<\/div>\n\t\t\t\t\t<\/div>\n\t\t<\/section>\n\t\t\t\t<section class=\"elementor-section elementor-top-section elementor-element elementor-element-5a33b6cc elementor-section-boxed elementor-section-height-default elementor-section-height-default\" data-id=\"5a33b6cc\" data-element_type=\"section\" data-e-type=\"section\">\n\t\t\t\t\t\t<div class=\"elementor-container elementor-column-gap-wide\">\n\t\t\t\t\t<div class=\"elementor-column elementor-col-50 elementor-top-column elementor-element elementor-element-171dc118\" data-id=\"171dc118\" data-element_type=\"column\" data-e-type=\"column\">\n\t\t\t<div class=\"elementor-widget-wrap elementor-element-populated\">\n\t\t\t\t\t\t<div class=\"elementor-element elementor-element-58190b04 elementor-view-default elementor-position-block-start elementor-mobile-position-block-start elementor-widget elementor-widget-icon-box\" data-id=\"58190b04\" data-element_type=\"widget\" data-e-type=\"widget\" data-widget_type=\"icon-box.default\">\n\t\t\t\t<div class=\"elementor-widget-container\">\n\t\t\t\t\t\t\t<div class=\"elementor-icon-box-wrapper\">\n\n\t\t\t\t\t\t<div class=\"elementor-icon-box-icon\">\n\t\t\t\t<span  class=\"elementor-icon\">\n\t\t\t\t<i aria-hidden=\"true\" class=\"fas fa-compact-disc\"><\/i>\t\t\t\t<\/span>\n\t\t\t<\/div>\n\t\t\t\n\t\t\t\t\t\t<div class=\"elementor-icon-box-content\">\n\n\t\t\t\t\t\t\t\t\t<h2 class=\"elementor-icon-box-title\">\n\t\t\t\t\t\t<span  >\n\t\t\t\t\t\t\tConcierto de M\u00fasica Festera &#8211; Uni\u00f3 Musical i Art\u00edstica de Sax\t\t\t\t\t\t<\/span>\n\t\t\t\t\t<\/h2>\n\t\t\t\t\n\t\t\t\t\t\t\t\t\t<p class=\"elementor-icon-box-description\">\n\t\t\t\t\t\t\n\n\t\t\t\t\t<\/p>\n\t\t\t\t\n\t\t\t<\/div>\n\t\t\t\n\t\t<\/div>\n\t\t\t\t\t\t<\/div>\n\t\t\t\t<\/div>\n\t\t\t\t<div class=\"elementor-element elementor-element-75f4124f elementor-widget elementor-widget-image\" data-id=\"75f4124f\" data-element_type=\"widget\" data-e-type=\"widget\" data-widget_type=\"image.default\">\n\t\t\t\t<div class=\"elementor-widget-container\">\n\t\t\t\t\t\t\t\t\t\t\t\t\t\t\t<img fetchpriority=\"high\" decoding=\"async\" width=\"4375\" height=\"4375\" src=\"https:\/\/fsmcv.org\/wp-content\/uploads\/2025\/03\/Concierto-de-Musica-Festera-UM-y-artistica-Sax.png\" class=\"attachment-full size-full wp-image-77513\" alt=\"\" srcset=\"https:\/\/fsmcv.org\/wp-content\/uploads\/2025\/03\/Concierto-de-Musica-Festera-UM-y-artistica-Sax.png 4375w, https:\/\/fsmcv.org\/wp-content\/uploads\/2025\/03\/Concierto-de-Musica-Festera-UM-y-artistica-Sax-768x768.png 768w, https:\/\/fsmcv.org\/wp-content\/uploads\/2025\/03\/Concierto-de-Musica-Festera-UM-y-artistica-Sax-300x300.png 300w, https:\/\/fsmcv.org\/wp-content\/uploads\/2025\/03\/Concierto-de-Musica-Festera-UM-y-artistica-Sax-500x500.png 500w, https:\/\/fsmcv.org\/wp-content\/uploads\/2025\/03\/Concierto-de-Musica-Festera-UM-y-artistica-Sax-1536x1536.png 1536w, https:\/\/fsmcv.org\/wp-content\/uploads\/2025\/03\/Concierto-de-Musica-Festera-UM-y-artistica-Sax-2048x2048.png 2048w, https:\/\/fsmcv.org\/wp-content\/uploads\/2025\/03\/Concierto-de-Musica-Festera-UM-y-artistica-Sax-600x600.png 600w, https:\/\/fsmcv.org\/wp-content\/uploads\/2025\/03\/Concierto-de-Musica-Festera-UM-y-artistica-Sax-100x100.png 100w\" sizes=\"(max-width: 4375px) 100vw, 4375px\" title=\"\">\t\t\t\t\t\t\t\t\t\t\t\t\t\t\t<\/div>\n\t\t\t\t<\/div>\n\t\t\t\t<div class=\"elementor-element elementor-element-6b036daa elementor-align-center elementor-widget elementor-widget-button\" data-id=\"6b036daa\" data-element_type=\"widget\" data-e-type=\"widget\" data-widget_type=\"button.default\">\n\t\t\t\t<div class=\"elementor-widget-container\">\n\t\t\t\t\t\t\t\t\t<div class=\"elementor-button-wrapper\">\n\t\t\t\t\t<a class=\"elementor-button elementor-button-link elementor-size-md\" href=\"https:\/\/fsmcv.org\/vl\/segell-discografic\/\">\n\t\t\t\t\t\t<span class=\"elementor-button-content-wrapper\">\n\t\t\t\t\t\t<span class=\"elementor-button-icon\">\n\t\t\t\t<i aria-hidden=\"true\" class=\"fas fa-arrow-right\"><\/i>\t\t\t<\/span>\n\t\t\t\t\t\t\t\t\t<span class=\"elementor-button-text\">Segell discogr\u00e0fic<\/span>\n\t\t\t\t\t<\/span>\n\t\t\t\t\t<\/a>\n\t\t\t\t<\/div>\n\t\t\t\t\t\t\t\t<\/div>\n\t\t\t\t<\/div>\n\t\t\t\t\t<\/div>\n\t\t<\/div>\n\t\t\t\t<div class=\"elementor-column elementor-col-50 elementor-top-column elementor-element elementor-element-685bc9a0\" data-id=\"685bc9a0\" data-element_type=\"column\" data-e-type=\"column\">\n\t\t\t<div class=\"elementor-widget-wrap elementor-element-populated\">\n\t\t\t\t\t\t<div class=\"elementor-element elementor-element-1a9bb3e elementor-widget elementor-widget-text-editor\" data-id=\"1a9bb3e\" data-element_type=\"widget\" data-e-type=\"widget\" data-widget_type=\"text-editor.default\">\n\t\t\t\t<div class=\"elementor-widget-container\">\n\t\t\t\t\t\t\t\t\t<p><strong>Uni\u00f3 Musical i Art\u00edstica de Sax<\/strong><\/p>\n<p><strong>Cont\u00e9:<\/strong><\/p>\n<p>1. CHILABA TURCA de Miguel Villar<\/p>\n<p>2. OCHO ESTANDARTES ALAGONESES de Inocente Gonz\u00e1lez<\/p>\n<p>3. TURSAX de Miguel Villar<\/p>\n<p>4. BLAS MATAIX de Inocente Gonz\u00e1lez<\/p>\n<p>5. TURQUEANDO de Miguel Villar<\/p>\n<p>6. DEL REY OCHOA de Inocente Gonz\u00e1lez<\/p>\n<p>7. EL TEO de Salvador Pe\u00f1a<\/p>\n<p>8. TURCOS DE SAX de Jos\u00e9 Insa<\/p>\n<p>9. GIL L\u00d3PEZ de Inocente Gonz\u00e1lez<\/p>\n<p>10. ALEGR\u00cdA TURCA de Antonio Mil\u00e1n<\/p>\n<p>11. HOMENAJE ALAGONESES de Inocente Gonz\u00e1lez<\/p>\n<p>12. CENTENARIO TURCO de Inocente Gonz\u00e1lez<\/p>\n<p>13. \u00a1VIVA SAN BLAS! de Miguel Villar<\/p>\n<p><strong>Director:<\/strong><\/p>\n<p>Jos\u00e9 Antonio Antol\u00edn Polo<\/p>\n<p> <\/p>\n<p><strong>Escolta aquest CD en Spotify:<\/strong><\/p>\n<p><iframe title=\"Spotify Embed: Concierto de M\u00fasica Festera\" style=\"border-radius: 12px\" width=\"100%\" height=\"352\" frameborder=\"0\" allowfullscreen allow=\"autoplay; clipboard-write; encrypted-media; fullscreen; picture-in-picture\" loading=\"lazy\" src=\"https:\/\/open.spotify.com\/embed\/album\/74PiUeVQcZ04RJIMpNMKl6?si=44QYaxwvS72c_MOI_m2uPA&utm_source=oembed\"><\/iframe><\/p>\t\t\t\t\t\t\t\t<\/div>\n\t\t\t\t<\/div>\n\t\t\t\t\t<\/div>\n\t\t<\/div>\n\t\t\t\t\t<\/div>\n\t\t<\/section>\n\t\t\t\t<\/div>\n\t\t","protected":false},"excerpt":{"rendered":"<p>Segell discogr\u00e0fic Uni\u00f3 Musical i Art\u00edstica de Sax Cont\u00e9: 1. CHILABA TURCA de Miguel Villar 2. OCHO ESTANDARTES ALAGONESES de Inocente Gonz\u00e1lez 3. TURSAX de Miguel Villar 4. BLAS MATAIX de Inocente Gonz\u00e1lez 5. TURQUEANDO de Miguel Villar 6. DEL REY OCHOA de Inocente Gonz\u00e1lez 7. EL TEO de Salvador Pe\u00f1a 8. TURCOS DE SAX [&hellip;]<\/p>\n","protected":false},"author":17,"featured_media":77513,"parent":20683,"menu_order":0,"comment_status":"closed","ping_status":"closed","template":"elementor_header_footer","meta":{"footnotes":""},"class_list":["post-77524","page","type-page","status-publish","has-post-thumbnail","hentry"],"_links":{"self":[{"href":"https:\/\/fsmcv.org\/vl\/wp-json\/wp\/v2\/pages\/77524","targetHints":{"allow":["GET"]}}],"collection":[{"href":"https:\/\/fsmcv.org\/vl\/wp-json\/wp\/v2\/pages"}],"about":[{"href":"https:\/\/fsmcv.org\/vl\/wp-json\/wp\/v2\/types\/page"}],"author":[{"embeddable":true,"href":"https:\/\/fsmcv.org\/vl\/wp-json\/wp\/v2\/users\/17"}],"replies":[{"embeddable":true,"href":"https:\/\/fsmcv.org\/vl\/wp-json\/wp\/v2\/comments?post=77524"}],"version-history":[{"count":13,"href":"https:\/\/fsmcv.org\/vl\/wp-json\/wp\/v2\/pages\/77524\/revisions"}],"predecessor-version":[{"id":77776,"href":"https:\/\/fsmcv.org\/vl\/wp-json\/wp\/v2\/pages\/77524\/revisions\/77776"}],"up":[{"embeddable":true,"href":"https:\/\/fsmcv.org\/vl\/wp-json\/wp\/v2\/pages\/20683"}],"wp:featuredmedia":[{"embeddable":true,"href":"https:\/\/fsmcv.org\/vl\/wp-json\/wp\/v2\/media\/77513"}],"wp:attachment":[{"href":"https:\/\/fsmcv.org\/vl\/wp-json\/wp\/v2\/media?parent=77524"}],"curies":[{"name":"wp","href":"https:\/\/api.w.org\/{rel}","templated":true}]}}