{"id":77984,"date":"2025-04-11T10:33:14","date_gmt":"2025-04-11T08:33:14","guid":{"rendered":"https:\/\/fsmcv.org\/jove-banda-simfonica-temporada-2024\/"},"modified":"2025-04-11T10:40:17","modified_gmt":"2025-04-11T08:40:17","slug":"jove-banda-simfonica-temporada-2024","status":"publish","type":"page","link":"https:\/\/fsmcv.org\/vl\/segell-discografic\/jove-banda-simfonica-temporada-2024\/","title":{"rendered":"JOVE BANDA SIMF\u00d2NICA \/ TEMPORADA 2024"},"content":{"rendered":"\t\t<div data-elementor-type=\"wp-page\" data-elementor-id=\"77984\" class=\"elementor elementor-77984 elementor-77967\" data-elementor-post-type=\"page\">\n\t\t\t\t\t\t<section class=\"elementor-section elementor-top-section elementor-element elementor-element-2eedaa15 elementor-section-boxed elementor-section-height-default elementor-section-height-default\" data-id=\"2eedaa15\" data-element_type=\"section\" data-e-type=\"section\">\n\t\t\t\t\t\t\t<div class=\"elementor-background-overlay\"><\/div>\n\t\t\t\t\t\t\t<div class=\"elementor-container elementor-column-gap-default\">\n\t\t\t\t\t<div class=\"elementor-column elementor-col-100 elementor-top-column elementor-element elementor-element-d280611\" data-id=\"d280611\" data-element_type=\"column\" data-e-type=\"column\">\n\t\t\t<div class=\"elementor-widget-wrap elementor-element-populated\">\n\t\t\t\t\t\t<div class=\"elementor-element elementor-element-6e0cf4a0 elementor-widget elementor-widget-heading\" data-id=\"6e0cf4a0\" data-element_type=\"widget\" data-e-type=\"widget\" data-widget_type=\"heading.default\">\n\t\t\t\t<div class=\"elementor-widget-container\">\n\t\t\t\t\t<h1 class=\"elementor-heading-title elementor-size-default\">JOVE BANDA SIMF\u00d2NICA \/ TEMPORADA 2024<\/h1>\t\t\t\t<\/div>\n\t\t\t\t<\/div>\n\t\t\t\t\t<\/div>\n\t\t<\/div>\n\t\t\t\t\t<\/div>\n\t\t<\/section>\n\t\t\t\t<section class=\"elementor-section elementor-top-section elementor-element elementor-element-8cebf1c elementor-section-boxed elementor-section-height-default elementor-section-height-default\" data-id=\"8cebf1c\" data-element_type=\"section\" data-e-type=\"section\">\n\t\t\t\t\t\t<div class=\"elementor-container elementor-column-gap-wide\">\n\t\t\t\t\t<div class=\"elementor-column elementor-col-50 elementor-top-column elementor-element elementor-element-723d1e0a\" data-id=\"723d1e0a\" data-element_type=\"column\" data-e-type=\"column\">\n\t\t\t<div class=\"elementor-widget-wrap elementor-element-populated\">\n\t\t\t\t\t\t<div class=\"elementor-element elementor-element-44ecabe9 elementor-view-default elementor-position-block-start elementor-mobile-position-block-start elementor-widget elementor-widget-icon-box\" data-id=\"44ecabe9\" data-element_type=\"widget\" data-e-type=\"widget\" data-widget_type=\"icon-box.default\">\n\t\t\t\t<div class=\"elementor-widget-container\">\n\t\t\t\t\t\t\t<div class=\"elementor-icon-box-wrapper\">\n\n\t\t\t\t\t\t<div class=\"elementor-icon-box-icon\">\n\t\t\t\t<span  class=\"elementor-icon\">\n\t\t\t\t<i aria-hidden=\"true\" class=\"fas fa-compact-disc\"><\/i>\t\t\t\t<\/span>\n\t\t\t<\/div>\n\t\t\t\n\t\t\t\t\t\t<div class=\"elementor-icon-box-content\">\n\n\t\t\t\t\t\t\t\t\t<h2 class=\"elementor-icon-box-title\">\n\t\t\t\t\t\t<span  >\n\t\t\t\t\t\t\tJOVE BANDA SIMF\u00d2NICA \/ TEMPORADA 2024\t\t\t\t\t\t<\/span>\n\t\t\t\t\t<\/h2>\n\t\t\t\t\n\t\t\t\t\t\t\t\t\t<p class=\"elementor-icon-box-description\">\n\t\t\t\t\t\t\n\n\t\t\t\t\t<\/p>\n\t\t\t\t\n\t\t\t<\/div>\n\t\t\t\n\t\t<\/div>\n\t\t\t\t\t\t<\/div>\n\t\t\t\t<\/div>\n\t\t\t\t<div class=\"elementor-element elementor-element-7e93358b elementor-widget elementor-widget-image\" data-id=\"7e93358b\" data-element_type=\"widget\" data-e-type=\"widget\" data-widget_type=\"image.default\">\n\t\t\t\t<div class=\"elementor-widget-container\">\n\t\t\t\t\t\t\t\t\t\t\t\t\t\t\t<img fetchpriority=\"high\" decoding=\"async\" width=\"715\" height=\"715\" src=\"https:\/\/fsmcv.org\/wp-content\/uploads\/2025\/03\/JBS-2024.jpg\" class=\"attachment-full size-full wp-image-77579\" alt=\"\" srcset=\"https:\/\/fsmcv.org\/wp-content\/uploads\/2025\/03\/JBS-2024.jpg 715w, https:\/\/fsmcv.org\/wp-content\/uploads\/2025\/03\/JBS-2024-300x300.jpg 300w, https:\/\/fsmcv.org\/wp-content\/uploads\/2025\/03\/JBS-2024-500x500.jpg 500w, https:\/\/fsmcv.org\/wp-content\/uploads\/2025\/03\/JBS-2024-600x600.jpg 600w, https:\/\/fsmcv.org\/wp-content\/uploads\/2025\/03\/JBS-2024-100x100.jpg 100w\" sizes=\"(max-width: 715px) 100vw, 715px\" title=\"\">\t\t\t\t\t\t\t\t\t\t\t\t\t\t\t<\/div>\n\t\t\t\t<\/div>\n\t\t\t\t<div class=\"elementor-element elementor-element-43db9548 elementor-align-center elementor-widget elementor-widget-button\" data-id=\"43db9548\" data-element_type=\"widget\" data-e-type=\"widget\" data-widget_type=\"button.default\">\n\t\t\t\t<div class=\"elementor-widget-container\">\n\t\t\t\t\t\t\t\t\t<div class=\"elementor-button-wrapper\">\n\t\t\t\t\t<a class=\"elementor-button elementor-button-link elementor-size-md\" href=\"https:\/\/fsmcv.org\/vl\/segell-discografic\/\">\n\t\t\t\t\t\t<span class=\"elementor-button-content-wrapper\">\n\t\t\t\t\t\t<span class=\"elementor-button-icon\">\n\t\t\t\t<i aria-hidden=\"true\" class=\"fas fa-arrow-right\"><\/i>\t\t\t<\/span>\n\t\t\t\t\t\t\t\t\t<span class=\"elementor-button-text\">Segell discogr\u00e0fic<\/span>\n\t\t\t\t\t<\/span>\n\t\t\t\t\t<\/a>\n\t\t\t\t<\/div>\n\t\t\t\t\t\t\t\t<\/div>\n\t\t\t\t<\/div>\n\t\t\t\t\t<\/div>\n\t\t<\/div>\n\t\t\t\t<div class=\"elementor-column elementor-col-50 elementor-top-column elementor-element elementor-element-50d9795\" data-id=\"50d9795\" data-element_type=\"column\" data-e-type=\"column\">\n\t\t\t<div class=\"elementor-widget-wrap elementor-element-populated\">\n\t\t\t\t\t\t<div class=\"elementor-element elementor-element-79136848 elementor-widget elementor-widget-text-editor\" data-id=\"79136848\" data-element_type=\"widget\" data-e-type=\"widget\" data-widget_type=\"text-editor.default\">\n\t\t\t\t<div class=\"elementor-widget-container\">\n\t\t\t\t\t\t\t\t\t<p>Director: Enrique Montesinos Parra<\/p>\n<p>Cont\u00e9:<\/p>\n<p>1. GENNA AL ARIFF. EL GENERALIFE de Evaristo P\u00e9rez Monllor <\/p>\n<p>2. EN EL OASIS de Eliseo Mart\u00ed Candela<\/p>\n<p>3. MARCO POLO. THE CATHAY YEARS de Lu\u00eds Serrano Alarc\u00f3n <\/p>\n<p>4. MAR\u00cdA ROSA de Amando Blanquer Ponsoda<\/p>\n<p>5. IMPRESIONES FESTERAS de Bernardo Adam Ferrero<\/p>\n<p>6. BREATHING BITS. SYMPHONY NUMBER de Sa\u00fcl G\u00f3mez Soler <\/p>\n<p>7. PRELUDIO DE LA REVOLTOSA de Ruperto Chap\u00ed<\/p>\n<p>8. CH\u00c9 de Fernando Tormo Ib\u00e1\u00f1ez<\/p>\n<p>\u00a1Escolta aquest CD en Spotify!<\/p>\n<p><iframe title=\"Spotify Embed: Jove Banda Simf\u00f2nica Federaci\u00f3 de Societats Musicals de la Comunitat Valenciana Temporada 2024 (En Directo)\" style=\"border-radius: 12px\" width=\"100%\" height=\"352\" frameborder=\"0\" allowfullscreen allow=\"autoplay; clipboard-write; encrypted-media; fullscreen; picture-in-picture\" loading=\"lazy\" src=\"https:\/\/open.spotify.com\/embed\/album\/5Bhs5MuludwZn6ceRnBZDq?si=rmIvRmm-RBCjxw6HlT6_eA&nd=1&dlsi=cf03f16dcfba4540&utm_source=oembed\"><\/iframe><\/p>\n\t\t\t\t\t\t\t\t<\/div>\n\t\t\t\t<\/div>\n\t\t\t\t\t<\/div>\n\t\t<\/div>\n\t\t\t\t\t<\/div>\n\t\t<\/section>\n\t\t\t\t<\/div>\n\t\t","protected":false},"excerpt":{"rendered":"<p>Segell discogr\u00e0fic Director: Enrique Montesinos Parra Cont\u00e9: 1. GENNA AL ARIFF. EL GENERALIFE de Evaristo P\u00e9rez Monllor 2. EN EL OASIS de Eliseo Mart\u00ed Candela 3. MARCO POLO. THE CATHAY YEARS de Lu\u00eds Serrano Alarc\u00f3n 4. MAR\u00cdA ROSA de Amando Blanquer Ponsoda 5. IMPRESIONES FESTERAS de Bernardo Adam Ferrero 6. BREATHING BITS. SYMPHONY NUMBER de [&hellip;]<\/p>\n","protected":false},"author":17,"featured_media":77579,"parent":20683,"menu_order":0,"comment_status":"closed","ping_status":"closed","template":"elementor_header_footer","meta":{"footnotes":""},"class_list":["post-77984","page","type-page","status-publish","has-post-thumbnail","hentry"],"_links":{"self":[{"href":"https:\/\/fsmcv.org\/vl\/wp-json\/wp\/v2\/pages\/77984","targetHints":{"allow":["GET"]}}],"collection":[{"href":"https:\/\/fsmcv.org\/vl\/wp-json\/wp\/v2\/pages"}],"about":[{"href":"https:\/\/fsmcv.org\/vl\/wp-json\/wp\/v2\/types\/page"}],"author":[{"embeddable":true,"href":"https:\/\/fsmcv.org\/vl\/wp-json\/wp\/v2\/users\/17"}],"replies":[{"embeddable":true,"href":"https:\/\/fsmcv.org\/vl\/wp-json\/wp\/v2\/comments?post=77984"}],"version-history":[{"count":1,"href":"https:\/\/fsmcv.org\/vl\/wp-json\/wp\/v2\/pages\/77984\/revisions"}],"predecessor-version":[{"id":77986,"href":"https:\/\/fsmcv.org\/vl\/wp-json\/wp\/v2\/pages\/77984\/revisions\/77986"}],"up":[{"embeddable":true,"href":"https:\/\/fsmcv.org\/vl\/wp-json\/wp\/v2\/pages\/20683"}],"wp:featuredmedia":[{"embeddable":true,"href":"https:\/\/fsmcv.org\/vl\/wp-json\/wp\/v2\/media\/77579"}],"wp:attachment":[{"href":"https:\/\/fsmcv.org\/vl\/wp-json\/wp\/v2\/media?parent=77984"}],"curies":[{"name":"wp","href":"https:\/\/api.w.org\/{rel}","templated":true}]}}