{"id":78263,"date":"2025-05-09T11:13:27","date_gmt":"2025-05-09T09:13:27","guid":{"rendered":"https:\/\/fsmcv.org\/banda-simfonica-de-dones-de-la-fsmcv-temporada-2024\/"},"modified":"2025-08-07T09:20:42","modified_gmt":"2025-08-07T07:20:42","slug":"banda-simfonica-de-dones-de-la-fsmcv-temporada-2024","status":"publish","type":"page","link":"https:\/\/fsmcv.org\/vl\/banda-simfonica-de-dones-de-la-fsmcv-temporada-2024\/","title":{"rendered":"Banda Simf\u00f2nica de Dones de la FSMCV Temporada 2024"},"content":{"rendered":"\t\t<div data-elementor-type=\"wp-page\" data-elementor-id=\"78263\" class=\"elementor elementor-78263 elementor-78252\" data-elementor-post-type=\"page\">\n\t\t\t\t\t\t<section class=\"elementor-section elementor-top-section elementor-element elementor-element-79489c86 elementor-section-boxed elementor-section-height-default elementor-section-height-default\" data-id=\"79489c86\" data-element_type=\"section\" data-e-type=\"section\">\n\t\t\t\t\t\t\t<div class=\"elementor-background-overlay\"><\/div>\n\t\t\t\t\t\t\t<div class=\"elementor-container elementor-column-gap-default\">\n\t\t\t\t\t<div class=\"elementor-column elementor-col-100 elementor-top-column elementor-element elementor-element-2c54905\" data-id=\"2c54905\" data-element_type=\"column\" data-e-type=\"column\">\n\t\t\t<div class=\"elementor-widget-wrap elementor-element-populated\">\n\t\t\t\t\t\t<div class=\"elementor-element elementor-element-3b920223 elementor-widget elementor-widget-heading\" data-id=\"3b920223\" data-element_type=\"widget\" data-e-type=\"widget\" data-widget_type=\"heading.default\">\n\t\t\t\t<div class=\"elementor-widget-container\">\n\t\t\t\t\t<h1 class=\"elementor-heading-title elementor-size-default\">Banda Simf\u00f2nica de Dones de la FSMCV Temporada 2024<\/h1>\t\t\t\t<\/div>\n\t\t\t\t<\/div>\n\t\t\t\t\t<\/div>\n\t\t<\/div>\n\t\t\t\t\t<\/div>\n\t\t<\/section>\n\t\t\t\t<section class=\"elementor-section elementor-top-section elementor-element elementor-element-61563bb3 elementor-section-boxed elementor-section-height-default elementor-section-height-default\" data-id=\"61563bb3\" data-element_type=\"section\" data-e-type=\"section\">\n\t\t\t\t\t\t<div class=\"elementor-container elementor-column-gap-wide\">\n\t\t\t\t\t<div class=\"elementor-column elementor-col-50 elementor-top-column elementor-element elementor-element-631b487b\" data-id=\"631b487b\" data-element_type=\"column\" data-e-type=\"column\">\n\t\t\t<div class=\"elementor-widget-wrap elementor-element-populated\">\n\t\t\t\t\t\t<div class=\"elementor-element elementor-element-2ae9b187 elementor-view-default elementor-position-block-start elementor-mobile-position-block-start elementor-widget elementor-widget-icon-box\" data-id=\"2ae9b187\" data-element_type=\"widget\" data-e-type=\"widget\" data-widget_type=\"icon-box.default\">\n\t\t\t\t<div class=\"elementor-widget-container\">\n\t\t\t\t\t\t\t<div class=\"elementor-icon-box-wrapper\">\n\n\t\t\t\t\t\t<div class=\"elementor-icon-box-icon\">\n\t\t\t\t<span  class=\"elementor-icon\">\n\t\t\t\t<i aria-hidden=\"true\" class=\"fas fa-compact-disc\"><\/i>\t\t\t\t<\/span>\n\t\t\t<\/div>\n\t\t\t\n\t\t\t\t\t\t<div class=\"elementor-icon-box-content\">\n\n\t\t\t\t\t\t\t\t\t<h2 class=\"elementor-icon-box-title\">\n\t\t\t\t\t\t<span  >\n\t\t\t\t\t\t\tBanda Simf\u00f2nica de Dones de la FSMCV Temporada 2024\t\t\t\t\t\t<\/span>\n\t\t\t\t\t<\/h2>\n\t\t\t\t\n\t\t\t\t\t\t\t\t\t<p class=\"elementor-icon-box-description\">\n\t\t\t\t\t\t\n\n\t\t\t\t\t<\/p>\n\t\t\t\t\n\t\t\t<\/div>\n\t\t\t\n\t\t<\/div>\n\t\t\t\t\t\t<\/div>\n\t\t\t\t<\/div>\n\t\t\t\t<div class=\"elementor-element elementor-element-3f57e5a9 elementor-widget elementor-widget-image\" data-id=\"3f57e5a9\" data-element_type=\"widget\" data-e-type=\"widget\" data-widget_type=\"image.default\">\n\t\t\t\t<div class=\"elementor-widget-container\">\n\t\t\t\t\t\t\t\t\t\t\t\t\t\t\t<img fetchpriority=\"high\" decoding=\"async\" width=\"1476\" height=\"1476\" src=\"https:\/\/fsmcv.org\/wp-content\/uploads\/2025\/05\/BSD-2024.jpg\" class=\"attachment-full size-full wp-image-78248\" alt=\"\" srcset=\"https:\/\/fsmcv.org\/wp-content\/uploads\/2025\/05\/BSD-2024.jpg 1476w, https:\/\/fsmcv.org\/wp-content\/uploads\/2025\/05\/BSD-2024-768x768.jpg 768w, https:\/\/fsmcv.org\/wp-content\/uploads\/2025\/05\/BSD-2024-300x300.jpg 300w, https:\/\/fsmcv.org\/wp-content\/uploads\/2025\/05\/BSD-2024-500x500.jpg 500w, https:\/\/fsmcv.org\/wp-content\/uploads\/2025\/05\/BSD-2024-600x600.jpg 600w, https:\/\/fsmcv.org\/wp-content\/uploads\/2025\/05\/BSD-2024-100x100.jpg 100w\" sizes=\"(max-width: 1476px) 100vw, 1476px\" title=\"\">\t\t\t\t\t\t\t\t\t\t\t\t\t\t\t<\/div>\n\t\t\t\t<\/div>\n\t\t\t\t<div class=\"elementor-element elementor-element-6c9fb23b elementor-align-center elementor-widget elementor-widget-button\" data-id=\"6c9fb23b\" data-element_type=\"widget\" data-e-type=\"widget\" data-widget_type=\"button.default\">\n\t\t\t\t<div class=\"elementor-widget-container\">\n\t\t\t\t\t\t\t\t\t<div class=\"elementor-button-wrapper\">\n\t\t\t\t\t<a class=\"elementor-button elementor-button-link elementor-size-md\" href=\"https:\/\/fsmcv.org\/vl\/segell-discografic\/\">\n\t\t\t\t\t\t<span class=\"elementor-button-content-wrapper\">\n\t\t\t\t\t\t<span class=\"elementor-button-icon\">\n\t\t\t\t<i aria-hidden=\"true\" class=\"fas fa-arrow-right\"><\/i>\t\t\t<\/span>\n\t\t\t\t\t\t\t\t\t<span class=\"elementor-button-text\">Segell discogr\u00e0fic<\/span>\n\t\t\t\t\t<\/span>\n\t\t\t\t\t<\/a>\n\t\t\t\t<\/div>\n\t\t\t\t\t\t\t\t<\/div>\n\t\t\t\t<\/div>\n\t\t\t\t\t<\/div>\n\t\t<\/div>\n\t\t\t\t<div class=\"elementor-column elementor-col-50 elementor-top-column elementor-element elementor-element-6160b9d5\" data-id=\"6160b9d5\" data-element_type=\"column\" data-e-type=\"column\">\n\t\t\t<div class=\"elementor-widget-wrap elementor-element-populated\">\n\t\t\t\t\t\t<div class=\"elementor-element elementor-element-4b9950fa elementor-widget elementor-widget-text-editor\" data-id=\"4b9950fa\" data-element_type=\"widget\" data-e-type=\"widget\" data-widget_type=\"text-editor.default\">\n\t\t\t\t<div class=\"elementor-widget-container\">\n\t\t\t\t\t\t\t\t\t<p>Directora: Sof\u00eda Zarzoso<\/p><p>Cont\u00e9:<\/p><p>1. CHELVA de Laura Beele<\/p><p>2. BAJO EL PUENTE DE LAS PALMAS de M\u00aa Jos\u00e9 Belenguer<\/p><p>3. LA ODISEA de Sara Galiana<\/p><p>4. LAS ARENAS DE NIMES de Elvira Checa<\/p><p>5. D&#8217;UN MATIN DE PRINTEMPS de Lili Boulanger<\/p><p>6. PINK RIBBON de Marta Lozano<\/p><p>7. LA MEZQUITA DE C\u00d3RDOBA de Julie Giroux<\/p><p><strong>\u00a1Escolta aquest CD en Spotify!<\/strong><\/p><p><iframe title=\"Spotify Embed: Banda Simf\u00f2nica de Dones Federaci\u00f3 de Societats Musicals de la Comunitat Valenciana. Temporada 2024 (En Directo)\" style=\"border-radius: 12px\" width=\"100%\" height=\"352\" frameborder=\"0\" allowfullscreen allow=\"autoplay; clipboard-write; encrypted-media; fullscreen; picture-in-picture\" loading=\"lazy\" src=\"https:\/\/open.spotify.com\/embed\/album\/0RZkpqxdCOVnGuuQn3pPRL?utm_source=oembed\"><\/iframe><\/p>\t\t\t\t\t\t\t\t<\/div>\n\t\t\t\t<\/div>\n\t\t\t\t\t<\/div>\n\t\t<\/div>\n\t\t\t\t\t<\/div>\n\t\t<\/section>\n\t\t\t\t<\/div>\n\t\t","protected":false},"excerpt":{"rendered":"<p>Segell discogr\u00e0fic Directora: Sof\u00eda Zarzoso Cont\u00e9: 1. CHELVA de Laura Beele 2. BAJO EL PUENTE DE LAS PALMAS de M\u00aa Jos\u00e9 Belenguer 3. LA ODISEA de Sara Galiana 4. LAS ARENAS DE NIMES de Elvira Checa 5. D&#8217;UN MATIN DE PRINTEMPS de Lili Boulanger 6. PINK RIBBON de Marta Lozano 7. LA MEZQUITA DE C\u00d3RDOBA [&hellip;]<\/p>\n","protected":false},"author":17,"featured_media":78248,"parent":0,"menu_order":0,"comment_status":"closed","ping_status":"closed","template":"elementor_header_footer","meta":{"footnotes":""},"class_list":["post-78263","page","type-page","status-publish","has-post-thumbnail","hentry"],"_links":{"self":[{"href":"https:\/\/fsmcv.org\/vl\/wp-json\/wp\/v2\/pages\/78263","targetHints":{"allow":["GET"]}}],"collection":[{"href":"https:\/\/fsmcv.org\/vl\/wp-json\/wp\/v2\/pages"}],"about":[{"href":"https:\/\/fsmcv.org\/vl\/wp-json\/wp\/v2\/types\/page"}],"author":[{"embeddable":true,"href":"https:\/\/fsmcv.org\/vl\/wp-json\/wp\/v2\/users\/17"}],"replies":[{"embeddable":true,"href":"https:\/\/fsmcv.org\/vl\/wp-json\/wp\/v2\/comments?post=78263"}],"version-history":[{"count":5,"href":"https:\/\/fsmcv.org\/vl\/wp-json\/wp\/v2\/pages\/78263\/revisions"}],"predecessor-version":[{"id":79459,"href":"https:\/\/fsmcv.org\/vl\/wp-json\/wp\/v2\/pages\/78263\/revisions\/79459"}],"wp:featuredmedia":[{"embeddable":true,"href":"https:\/\/fsmcv.org\/vl\/wp-json\/wp\/v2\/media\/78248"}],"wp:attachment":[{"href":"https:\/\/fsmcv.org\/vl\/wp-json\/wp\/v2\/media?parent=78263"}],"curies":[{"name":"wp","href":"https:\/\/api.w.org\/{rel}","templated":true}]}}