{"id":78765,"date":"2025-06-04T16:10:05","date_gmt":"2025-06-04T14:10:05","guid":{"rendered":"https:\/\/fsmcv.org\/segell-discografic\/banda-simfonica-de-dones-de-la-fsmcv-temporada-2025\/"},"modified":"2025-08-07T09:20:44","modified_gmt":"2025-08-07T07:20:44","slug":"banda-simfonica-de-dones-de-la-fsmcv-temporada-2025","status":"publish","type":"page","link":"https:\/\/fsmcv.org\/vl\/segell-discografic\/banda-simfonica-de-dones-de-la-fsmcv-temporada-2025\/","title":{"rendered":"Banda Simf\u00f2nica de Dones de la FSMCV Temporada 2025"},"content":{"rendered":"\t\t<div data-elementor-type=\"wp-page\" data-elementor-id=\"78765\" class=\"elementor elementor-78765 elementor-78759\" data-elementor-post-type=\"page\">\n\t\t\t\t\t\t<section class=\"elementor-section elementor-top-section elementor-element elementor-element-2ed1a03f elementor-section-boxed elementor-section-height-default elementor-section-height-default\" data-id=\"2ed1a03f\" data-element_type=\"section\" data-e-type=\"section\">\n\t\t\t\t\t\t\t<div class=\"elementor-background-overlay\"><\/div>\n\t\t\t\t\t\t\t<div class=\"elementor-container elementor-column-gap-default\">\n\t\t\t\t\t<div class=\"elementor-column elementor-col-100 elementor-top-column elementor-element elementor-element-5a76f636\" data-id=\"5a76f636\" data-element_type=\"column\" data-e-type=\"column\">\n\t\t\t<div class=\"elementor-widget-wrap elementor-element-populated\">\n\t\t\t\t\t\t<div class=\"elementor-element elementor-element-22d29e8e elementor-widget elementor-widget-heading\" data-id=\"22d29e8e\" data-element_type=\"widget\" data-e-type=\"widget\" data-widget_type=\"heading.default\">\n\t\t\t\t<div class=\"elementor-widget-container\">\n\t\t\t\t\t<h1 class=\"elementor-heading-title elementor-size-default\">Banda Simf\u00f2nica de Dones de la FSMCV Temporada 2025<\/h1>\t\t\t\t<\/div>\n\t\t\t\t<\/div>\n\t\t\t\t\t<\/div>\n\t\t<\/div>\n\t\t\t\t\t<\/div>\n\t\t<\/section>\n\t\t\t\t<section class=\"elementor-section elementor-top-section elementor-element elementor-element-25f3b984 elementor-section-boxed elementor-section-height-default elementor-section-height-default\" data-id=\"25f3b984\" data-element_type=\"section\" data-e-type=\"section\">\n\t\t\t\t\t\t<div class=\"elementor-container elementor-column-gap-wide\">\n\t\t\t\t\t<div class=\"elementor-column elementor-col-50 elementor-top-column elementor-element elementor-element-7730d484\" data-id=\"7730d484\" data-element_type=\"column\" data-e-type=\"column\">\n\t\t\t<div class=\"elementor-widget-wrap elementor-element-populated\">\n\t\t\t\t\t\t<div class=\"elementor-element elementor-element-7ee0b45d elementor-view-default elementor-position-block-start elementor-mobile-position-block-start elementor-widget elementor-widget-icon-box\" data-id=\"7ee0b45d\" data-element_type=\"widget\" data-e-type=\"widget\" data-widget_type=\"icon-box.default\">\n\t\t\t\t<div class=\"elementor-widget-container\">\n\t\t\t\t\t\t\t<div class=\"elementor-icon-box-wrapper\">\n\n\t\t\t\t\t\t<div class=\"elementor-icon-box-icon\">\n\t\t\t\t<span  class=\"elementor-icon\">\n\t\t\t\t<i aria-hidden=\"true\" class=\"fas fa-compact-disc\"><\/i>\t\t\t\t<\/span>\n\t\t\t<\/div>\n\t\t\t\n\t\t\t\t\t\t<div class=\"elementor-icon-box-content\">\n\n\t\t\t\t\t\t\t\t\t<h2 class=\"elementor-icon-box-title\">\n\t\t\t\t\t\t<span  >\n\t\t\t\t\t\t\tBanda Simf\u00f2nica de Dones de la FSMCV Temporada 2025\t\t\t\t\t\t<\/span>\n\t\t\t\t\t<\/h2>\n\t\t\t\t\n\t\t\t\t\t\t\t\t\t<p class=\"elementor-icon-box-description\">\n\t\t\t\t\t\t\n\n\t\t\t\t\t<\/p>\n\t\t\t\t\n\t\t\t<\/div>\n\t\t\t\n\t\t<\/div>\n\t\t\t\t\t\t<\/div>\n\t\t\t\t<\/div>\n\t\t\t\t<div class=\"elementor-element elementor-element-b14c25a elementor-widget elementor-widget-image\" data-id=\"b14c25a\" data-element_type=\"widget\" data-e-type=\"widget\" data-widget_type=\"image.default\">\n\t\t\t\t<div class=\"elementor-widget-container\">\n\t\t\t\t\t\t\t\t\t\t\t\t\t\t\t<img fetchpriority=\"high\" decoding=\"async\" width=\"2048\" height=\"2048\" src=\"https:\/\/fsmcv.org\/wp-content\/uploads\/2025\/06\/BSD-2025-scaled.jpeg\" class=\"attachment-full size-full wp-image-78754\" alt=\"\" srcset=\"https:\/\/fsmcv.org\/wp-content\/uploads\/2025\/06\/BSD-2025-scaled.jpeg 2048w, https:\/\/fsmcv.org\/wp-content\/uploads\/2025\/06\/BSD-2025-768x768.jpeg 768w, https:\/\/fsmcv.org\/wp-content\/uploads\/2025\/06\/BSD-2025-300x300.jpeg 300w, https:\/\/fsmcv.org\/wp-content\/uploads\/2025\/06\/BSD-2025-500x500.jpeg 500w, https:\/\/fsmcv.org\/wp-content\/uploads\/2025\/06\/BSD-2025-1536x1536.jpeg 1536w, https:\/\/fsmcv.org\/wp-content\/uploads\/2025\/06\/BSD-2025-600x600.jpeg 600w, https:\/\/fsmcv.org\/wp-content\/uploads\/2025\/06\/BSD-2025-100x100.jpeg 100w\" sizes=\"(max-width: 2048px) 100vw, 2048px\" title=\"\">\t\t\t\t\t\t\t\t\t\t\t\t\t\t\t<\/div>\n\t\t\t\t<\/div>\n\t\t\t\t<div class=\"elementor-element elementor-element-78274e1d elementor-align-center elementor-widget elementor-widget-button\" data-id=\"78274e1d\" data-element_type=\"widget\" data-e-type=\"widget\" data-widget_type=\"button.default\">\n\t\t\t\t<div class=\"elementor-widget-container\">\n\t\t\t\t\t\t\t\t\t<div class=\"elementor-button-wrapper\">\n\t\t\t\t\t<a class=\"elementor-button elementor-button-link elementor-size-md\" href=\"https:\/\/fsmcv.org\/vl\/segell-discografic\/\">\n\t\t\t\t\t\t<span class=\"elementor-button-content-wrapper\">\n\t\t\t\t\t\t<span class=\"elementor-button-icon\">\n\t\t\t\t<i aria-hidden=\"true\" class=\"fas fa-arrow-right\"><\/i>\t\t\t<\/span>\n\t\t\t\t\t\t\t\t\t<span class=\"elementor-button-text\">Segell discogr\u00e0fic<\/span>\n\t\t\t\t\t<\/span>\n\t\t\t\t\t<\/a>\n\t\t\t\t<\/div>\n\t\t\t\t\t\t\t\t<\/div>\n\t\t\t\t<\/div>\n\t\t\t\t\t<\/div>\n\t\t<\/div>\n\t\t\t\t<div class=\"elementor-column elementor-col-50 elementor-top-column elementor-element elementor-element-590f5402\" data-id=\"590f5402\" data-element_type=\"column\" data-e-type=\"column\">\n\t\t\t<div class=\"elementor-widget-wrap elementor-element-populated\">\n\t\t\t\t\t\t<div class=\"elementor-element elementor-element-32364bf2 elementor-widget elementor-widget-text-editor\" data-id=\"32364bf2\" data-element_type=\"widget\" data-e-type=\"widget\" data-widget_type=\"text-editor.default\">\n\t\t\t\t<div class=\"elementor-widget-container\">\n\t\t\t\t\t\t\t\t\t<p>Directora: Elo\u00edsa Dom\u00ednguez<\/p><p>Cont\u00e9:<\/p><p>1. AMPARITO ROCA de Jaime Teixidor<\/p><p>2. A PRINCESS&#8217;S TALES de Thomas Doss<\/p><p>3. THE OPEN WINDOW de Raquel S\u00e1nchez<\/p><p>4. KHAN de Julie Giroux<\/p><p>5. ENCARNI CARRASCO de Elo\u00edsa Dom\u00ednguez<\/p><p>6. LA PASTORA de Merche Femen\u00eda<\/p><p>7. J\u00c9SSICA de Jos\u00e9 Rafael Pascual Vilaplana<\/p><p>8. Marrakesch de Jos\u00e9 M\u00aa Ferrero<\/p><p><strong>\u00a1Escolta aquest CD en Spotify!<\/strong><\/p><p><iframe title=\"Spotify Embed: Banda Simf\u00f2nica de Dones Federaci\u00f3 de Societats Musicals de la Comunitat Valenciana. Temporada 2025 (En Directo)\" style=\"border-radius: 12px\" width=\"100%\" height=\"352\" frameborder=\"0\" allowfullscreen allow=\"autoplay; clipboard-write; encrypted-media; fullscreen; picture-in-picture\" loading=\"lazy\" src=\"https:\/\/open.spotify.com\/embed\/album\/4QxONzFlHGGKBdGc1eFlO2?si=0RN8tMufTHCpw_sZzYVbzQ&utm_source=oembed\"><\/iframe><\/p>\t\t\t\t\t\t\t\t<\/div>\n\t\t\t\t<\/div>\n\t\t\t\t\t<\/div>\n\t\t<\/div>\n\t\t\t\t\t<\/div>\n\t\t<\/section>\n\t\t\t\t<\/div>\n\t\t","protected":false},"excerpt":{"rendered":"<p>Segell discogr\u00e0fic Directora: Elo\u00edsa Dom\u00ednguez Cont\u00e9: 1. AMPARITO ROCA de Jaime Teixidor 2. A PRINCESS&#8217;S TALES de Thomas Doss 3. THE OPEN WINDOW de Raquel S\u00e1nchez 4. KHAN de Julie Giroux 5. ENCARNI CARRASCO de Elo\u00edsa Dom\u00ednguez 6. LA PASTORA de Merche Femen\u00eda 7. J\u00c9SSICA de Jos\u00e9 Rafael Pascual Vilaplana 8. Marrakesch de Jos\u00e9 M\u00aa [&hellip;]<\/p>\n","protected":false},"author":17,"featured_media":78754,"parent":20683,"menu_order":0,"comment_status":"closed","ping_status":"closed","template":"elementor_header_footer","meta":{"footnotes":""},"class_list":["post-78765","page","type-page","status-publish","has-post-thumbnail","hentry"],"_links":{"self":[{"href":"https:\/\/fsmcv.org\/vl\/wp-json\/wp\/v2\/pages\/78765","targetHints":{"allow":["GET"]}}],"collection":[{"href":"https:\/\/fsmcv.org\/vl\/wp-json\/wp\/v2\/pages"}],"about":[{"href":"https:\/\/fsmcv.org\/vl\/wp-json\/wp\/v2\/types\/page"}],"author":[{"embeddable":true,"href":"https:\/\/fsmcv.org\/vl\/wp-json\/wp\/v2\/users\/17"}],"replies":[{"embeddable":true,"href":"https:\/\/fsmcv.org\/vl\/wp-json\/wp\/v2\/comments?post=78765"}],"version-history":[{"count":4,"href":"https:\/\/fsmcv.org\/vl\/wp-json\/wp\/v2\/pages\/78765\/revisions"}],"predecessor-version":[{"id":79462,"href":"https:\/\/fsmcv.org\/vl\/wp-json\/wp\/v2\/pages\/78765\/revisions\/79462"}],"up":[{"embeddable":true,"href":"https:\/\/fsmcv.org\/vl\/wp-json\/wp\/v2\/pages\/20683"}],"wp:featuredmedia":[{"embeddable":true,"href":"https:\/\/fsmcv.org\/vl\/wp-json\/wp\/v2\/media\/78754"}],"wp:attachment":[{"href":"https:\/\/fsmcv.org\/vl\/wp-json\/wp\/v2\/media?parent=78765"}],"curies":[{"name":"wp","href":"https:\/\/api.w.org\/{rel}","templated":true}]}}