{"id":79644,"date":"2025-08-26T13:27:07","date_gmt":"2025-08-26T11:27:07","guid":{"rendered":"https:\/\/fsmcv.org\/la-musica-que-ens-uneix\/"},"modified":"2025-10-28T10:45:25","modified_gmt":"2025-10-28T09:45:25","slug":"la-musica-que-ens-uneix","status":"publish","type":"page","link":"https:\/\/fsmcv.org\/vl\/campanyes\/la-musica-que-ens-uneix\/","title":{"rendered":"La m\u00fasica que ens uneix"},"content":{"rendered":"\t\t<div data-elementor-type=\"wp-page\" data-elementor-id=\"79644\" class=\"elementor elementor-79644 elementor-79583\" data-elementor-post-type=\"page\">\n\t\t\t\t\t\t<section class=\"elementor-section elementor-top-section elementor-element elementor-element-980acc7 elementor-section-boxed elementor-section-height-default elementor-section-height-default\" data-id=\"980acc7\" data-element_type=\"section\" data-e-type=\"section\">\n\t\t\t\t\t\t\t<div class=\"elementor-background-overlay\"><\/div>\n\t\t\t\t\t\t\t<div class=\"elementor-container elementor-column-gap-default\">\n\t\t\t\t\t<div class=\"elementor-column elementor-col-100 elementor-top-column elementor-element elementor-element-57b6fac\" data-id=\"57b6fac\" data-element_type=\"column\" data-e-type=\"column\">\n\t\t\t<div class=\"elementor-widget-wrap elementor-element-populated\">\n\t\t\t\t\t\t<div class=\"elementor-element elementor-element-0ae852a elementor-widget elementor-widget-heading\" data-id=\"0ae852a\" data-element_type=\"widget\" data-e-type=\"widget\" data-widget_type=\"heading.default\">\n\t\t\t\t<div class=\"elementor-widget-container\">\n\t\t\t\t\t<h1 class=\"elementor-heading-title elementor-size-default\">La m\u00fasica que ens uneix<\/h1>\t\t\t\t<\/div>\n\t\t\t\t<\/div>\n\t\t\t\t\t<\/div>\n\t\t<\/div>\n\t\t\t\t\t<\/div>\n\t\t<\/section>\n\t\t\t\t<section class=\"elementor-section elementor-top-section elementor-element elementor-element-74925d0 elementor-section-boxed elementor-section-height-default elementor-section-height-default\" data-id=\"74925d0\" data-element_type=\"section\" data-e-type=\"section\">\n\t\t\t\t\t\t<div class=\"elementor-container elementor-column-gap-default\">\n\t\t\t\t\t<div class=\"elementor-column elementor-col-100 elementor-top-column elementor-element elementor-element-728cb5e\" data-id=\"728cb5e\" data-element_type=\"column\" data-e-type=\"column\">\n\t\t\t<div class=\"elementor-widget-wrap elementor-element-populated\">\n\t\t\t\t\t\t<div class=\"elementor-element elementor-element-723521c elementor-widget elementor-widget-text-editor\" data-id=\"723521c\" data-element_type=\"widget\" data-e-type=\"widget\" data-widget_type=\"text-editor.default\">\n\t\t\t\t<div class=\"elementor-widget-container\">\n\t\t\t\t\t\t\t\t\t<p>Sota el lema <em><strong>&#8220;La M\u00fasica que ens Uneix&#8221;<\/strong><\/em>, el projecte impulsat per <strong>Caixa Popular i la FSMCV<\/strong> pret\u00e9n visibilitzar i posar en valor, a trav\u00e9s d&#8217;un cicle de concerts, el treball, el comprom\u00eds i la dedicaci\u00f3 d&#8217;eixa gran massa social de persones que integren les societats musicals de la Comunitat Valenciana, un moviment art\u00edstic, educatiu i social reconegut \u00fanic en el m\u00f3n, entre altres factors, per la capacitat innata d&#8217;unir generacions entorn de la m\u00fasica.<\/p><p>Un dels principals valors que fomenta este cicle de concerts \u00e9s la intergeneracionalitat, propiciant la conviv\u00e8ncia musical entre m\u00fasics de diferents edats. En cada concert participaran tant int\u00e8rprets j\u00f3vens com m\u00fasics de m\u00e9s edat, creant un entorn enriquidor que refor\u00e7a els vincles socials i el respecte mutu dins de les societats musicals. <\/p><p><em><strong>La M\u00fasica que ens<\/strong><\/em> <strong>U<\/strong><strong>neix<\/strong> s&#8217;emmarca dins del conveni de col\u00b7laboraci\u00f3 entre Caixa Popular i la FSMCV, alineat amb el comprom\u00eds de les dos entitats per protegir i difondre la cultura i les tradicions valencianes, promovent iniciatives nascudes de l&#8217;associacionisme i de la participaci\u00f3 ciutadana.<\/p>\t\t\t\t\t\t\t\t<\/div>\n\t\t\t\t<\/div>\n\t\t\t\t\t<\/div>\n\t\t<\/div>\n\t\t\t\t\t<\/div>\n\t\t<\/section>\n\t\t\t\t<section class=\"elementor-section elementor-top-section elementor-element elementor-element-b58fc5a elementor-section-boxed elementor-section-height-default elementor-section-height-default\" data-id=\"b58fc5a\" data-element_type=\"section\" data-e-type=\"section\">\n\t\t\t\t\t\t<div class=\"elementor-container elementor-column-gap-default\">\n\t\t\t\t\t<div class=\"elementor-column elementor-col-100 elementor-top-column elementor-element elementor-element-7b6896f\" data-id=\"7b6896f\" data-element_type=\"column\" data-e-type=\"column\">\n\t\t\t<div class=\"elementor-widget-wrap elementor-element-populated\">\n\t\t\t\t\t\t<div class=\"elementor-element elementor-element-90e1596 elementor-widget elementor-widget-spacer\" data-id=\"90e1596\" data-element_type=\"widget\" data-e-type=\"widget\" data-widget_type=\"spacer.default\">\n\t\t\t\t<div class=\"elementor-widget-container\">\n\t\t\t\t\t\t\t<div class=\"elementor-spacer\">\n\t\t\t<div class=\"elementor-spacer-inner\"><\/div>\n\t\t<\/div>\n\t\t\t\t\t\t<\/div>\n\t\t\t\t<\/div>\n\t\t\t\t\t<\/div>\n\t\t<\/div>\n\t\t\t\t\t<\/div>\n\t\t<\/section>\n\t\t\t\t<section class=\"elementor-section elementor-top-section elementor-element elementor-element-7060612 elementor-section-boxed elementor-section-height-default elementor-section-height-default\" data-id=\"7060612\" data-element_type=\"section\" data-e-type=\"section\">\n\t\t\t\t\t\t<div class=\"elementor-container elementor-column-gap-default\">\n\t\t\t\t\t<div class=\"elementor-column elementor-col-100 elementor-top-column elementor-element elementor-element-ecbc73d\" data-id=\"ecbc73d\" data-element_type=\"column\" data-e-type=\"column\">\n\t\t\t<div class=\"elementor-widget-wrap elementor-element-populated\">\n\t\t\t\t\t\t<div class=\"elementor-element elementor-element-50c027e elementor-widget elementor-widget-heading\" data-id=\"50c027e\" data-element_type=\"widget\" data-e-type=\"widget\" data-widget_type=\"heading.default\">\n\t\t\t\t<div class=\"elementor-widget-container\">\n\t\t\t\t\t<h2 class=\"elementor-heading-title elementor-size-default\">cicle de concerts \"la m\u00fasica que ens uneix\" 2025<\/h2>\t\t\t\t<\/div>\n\t\t\t\t<\/div>\n\t\t\t\t\t<\/div>\n\t\t<\/div>\n\t\t\t\t\t<\/div>\n\t\t<\/section>\n\t\t\t\t<section class=\"elementor-section elementor-top-section elementor-element elementor-element-cb024bb elementor-section-boxed elementor-section-height-default elementor-section-height-default\" data-id=\"cb024bb\" data-element_type=\"section\" data-e-type=\"section\">\n\t\t\t\t\t\t<div class=\"elementor-container elementor-column-gap-default\">\n\t\t\t\t\t<div class=\"elementor-column elementor-col-50 elementor-top-column elementor-element elementor-element-bfff7e7\" data-id=\"bfff7e7\" data-element_type=\"column\" data-e-type=\"column\">\n\t\t\t<div class=\"elementor-widget-wrap elementor-element-populated\">\n\t\t\t\t\t\t<div class=\"elementor-element elementor-element-8b34b59 elementor-widget elementor-widget-image\" data-id=\"8b34b59\" data-element_type=\"widget\" data-e-type=\"widget\" data-widget_type=\"image.default\">\n\t\t\t\t<div class=\"elementor-widget-container\">\n\t\t\t\t\t\t\t\t\t\t\t\t\t\t\t<img fetchpriority=\"high\" decoding=\"async\" width=\"1480\" height=\"2048\" src=\"https:\/\/fsmcv.org\/wp-content\/uploads\/2025\/08\/CARTEL_CAST_WEB-scaled.jpg\" class=\"attachment-large size-large wp-image-79634\" alt=\"\" srcset=\"https:\/\/fsmcv.org\/wp-content\/uploads\/2025\/08\/CARTEL_CAST_WEB-scaled.jpg 1480w, https:\/\/fsmcv.org\/wp-content\/uploads\/2025\/08\/CARTEL_CAST_WEB-768x1063.jpg 768w, https:\/\/fsmcv.org\/wp-content\/uploads\/2025\/08\/CARTEL_CAST_WEB-1110x1536.jpg 1110w, https:\/\/fsmcv.org\/wp-content\/uploads\/2025\/08\/CARTEL_CAST_WEB-600x830.jpg 600w\" sizes=\"(max-width: 1480px) 100vw, 1480px\" title=\"\">\t\t\t\t\t\t\t\t\t\t\t\t\t\t\t<\/div>\n\t\t\t\t<\/div>\n\t\t\t\t\t<\/div>\n\t\t<\/div>\n\t\t\t\t<div class=\"elementor-column elementor-col-50 elementor-top-column elementor-element elementor-element-b1abd10\" data-id=\"b1abd10\" data-element_type=\"column\" data-e-type=\"column\">\n\t\t\t<div class=\"elementor-widget-wrap elementor-element-populated\">\n\t\t\t\t\t\t<div class=\"elementor-element elementor-element-e57ad88 elementor-widget elementor-widget-text-editor\" data-id=\"e57ad88\" data-element_type=\"widget\" data-e-type=\"widget\" data-widget_type=\"text-editor.default\">\n\t\t\t\t<div class=\"elementor-widget-container\">\n\t\t\t\t\t\t\t\t\t<h4><strong>SOCIETAT &#8220;UNI\u00d3 MUSICAL&#8221; DE CATARROJA<br><\/strong><strong>25 de juliol | 19:30 hores<\/strong><\/h4><p>Pla\u00e7a Corts Valencianes, Catarroja.<\/p><h4><strong>SOCIEDAD MUSICAL &#8220;LA ARM\u00d3NICA&#8221; DE SAN ANTONIO DE REQUENA<\/strong><br><strong>26 de juliol | 22:45 hores<\/strong><\/h4><p>Pla\u00e7a Los Garc\u00eda (darrere del Teatre Garc\u00eda Berlanga), San Antonio de Requena.<\/p><h4><strong>SOCIEDAD MUSICAL &#8220;SANTA CECILIA&#8221; DE REQUENA<\/strong><br><strong>19 de setembre | 20:00 hores<br><\/strong><\/h4><p>Auditori de la Societat Musical, Requena.<\/p><h4><strong>SOCIEDAD ART\u00cdSTICA Y CULTURAL UNI\u00d3N MUSICAL DE BENET\u00daSER<br>5 d&#8217;octubre | 19:30 hores<\/strong><\/h4><p>Plaza de l&#8217;Esgl\u00e9sia, Benet\u00fasser.<\/p><h4><strong>SOCIETAT MUSICAL &#8220;LA ART\u00cdSTICA&#8221; DE BU\u00d1OL<\/strong><br><strong>19 d&#8217;octubre | 19:00 hores<\/strong><\/h4><p>Teatre Montecarlo, Bu\u00f1ol.<\/p><h4><strong>SOCIETAT MUSICAL L&#8217;ARTESANA DE CATARROJA<\/strong><br><strong>26 d&#8217;octubre | 18:00 hores <\/strong> <\/h4><p>C\/ Col\u00f3n 21 Baix, Catarroja.<\/p><h4><strong>BANDA PRIMITIVA DE PAIPORTA<\/strong><br><strong>31 d&#8217;octubre | 19:30 hores<\/strong><\/h4><p>Auditori Florida, Paiporta<\/p><h4><strong>CENTRE INSTRUCTIU MUSICAL LA ARM\u00d3NICA DE BU\u00d1OL<\/strong><br><strong>8 de novembre | 19:00<\/strong><\/h4><p>Palacio de la M\u00fasica, Bu\u00f1ol<\/p>\t\t\t\t\t\t\t\t<\/div>\n\t\t\t\t<\/div>\n\t\t\t\t\t<\/div>\n\t\t<\/div>\n\t\t\t\t\t<\/div>\n\t\t<\/section>\n\t\t\t\t<section class=\"elementor-section elementor-top-section elementor-element elementor-element-9076992 elementor-section-boxed elementor-section-height-default elementor-section-height-default\" data-id=\"9076992\" data-element_type=\"section\" data-e-type=\"section\">\n\t\t\t\t\t\t<div class=\"elementor-container elementor-column-gap-default\">\n\t\t\t\t\t<div class=\"elementor-column elementor-col-100 elementor-top-column elementor-element elementor-element-d5338dd\" data-id=\"d5338dd\" data-element_type=\"column\" data-e-type=\"column\">\n\t\t\t<div class=\"elementor-widget-wrap elementor-element-populated\">\n\t\t\t\t\t\t<div class=\"elementor-element elementor-element-8d31e6a elementor-widget elementor-widget-spacer\" data-id=\"8d31e6a\" data-element_type=\"widget\" data-e-type=\"widget\" data-widget_type=\"spacer.default\">\n\t\t\t\t<div class=\"elementor-widget-container\">\n\t\t\t\t\t\t\t<div class=\"elementor-spacer\">\n\t\t\t<div class=\"elementor-spacer-inner\"><\/div>\n\t\t<\/div>\n\t\t\t\t\t\t<\/div>\n\t\t\t\t<\/div>\n\t\t\t\t\t<\/div>\n\t\t<\/div>\n\t\t\t\t\t<\/div>\n\t\t<\/section>\n\t\t\t\t<section class=\"elementor-section elementor-top-section elementor-element elementor-element-9a0f8c8 elementor-section-boxed elementor-section-height-default elementor-section-height-default\" data-id=\"9a0f8c8\" data-element_type=\"section\" data-e-type=\"section\">\n\t\t\t\t\t\t<div class=\"elementor-container elementor-column-gap-default\">\n\t\t\t\t\t<div class=\"elementor-column elementor-col-50 elementor-top-column elementor-element elementor-element-cf60096\" data-id=\"cf60096\" data-element_type=\"column\" data-e-type=\"column\">\n\t\t\t<div class=\"elementor-widget-wrap elementor-element-populated\">\n\t\t\t\t\t\t<div class=\"elementor-element elementor-element-2a62f3b elementor-widget elementor-widget-image\" data-id=\"2a62f3b\" data-element_type=\"widget\" data-e-type=\"widget\" data-widget_type=\"image.default\">\n\t\t\t\t<div class=\"elementor-widget-container\">\n\t\t\t\t\t\t\t\t\t\t\t\t\t\t\t<img decoding=\"async\" width=\"1890\" height=\"793\" src=\"https:\/\/fsmcv.org\/wp-content\/uploads\/2025\/08\/caixa-cuadrado-2.jpg\" class=\"attachment-large size-large wp-image-79628\" alt=\"\" srcset=\"https:\/\/fsmcv.org\/wp-content\/uploads\/2025\/08\/caixa-cuadrado-2.jpg 1890w, https:\/\/fsmcv.org\/wp-content\/uploads\/2025\/08\/caixa-cuadrado-2-768x322.jpg 768w, https:\/\/fsmcv.org\/wp-content\/uploads\/2025\/08\/caixa-cuadrado-2-1536x644.jpg 1536w, https:\/\/fsmcv.org\/wp-content\/uploads\/2025\/08\/caixa-cuadrado-2-600x252.jpg 600w\" sizes=\"(max-width: 1890px) 100vw, 1890px\" title=\"\">\t\t\t\t\t\t\t\t\t\t\t\t\t\t\t<\/div>\n\t\t\t\t<\/div>\n\t\t\t\t\t<\/div>\n\t\t<\/div>\n\t\t\t\t<div class=\"elementor-column elementor-col-50 elementor-top-column elementor-element elementor-element-acf2dbf\" data-id=\"acf2dbf\" data-element_type=\"column\" data-e-type=\"column\">\n\t\t\t<div class=\"elementor-widget-wrap elementor-element-populated\">\n\t\t\t\t\t\t<div class=\"elementor-element elementor-element-5402fbe elementor-widget elementor-widget-image\" data-id=\"5402fbe\" data-element_type=\"widget\" data-e-type=\"widget\" data-widget_type=\"image.default\">\n\t\t\t\t<div class=\"elementor-widget-container\">\n\t\t\t\t\t\t\t\t\t\t\t\t\t\t\t<img decoding=\"async\" width=\"768\" height=\"368\" src=\"https:\/\/fsmcv.org\/wp-content\/uploads\/2025\/08\/1-768x368.jpg\" class=\"attachment-medium_large size-medium_large wp-image-79623\" alt=\"\" srcset=\"https:\/\/fsmcv.org\/wp-content\/uploads\/2025\/08\/1-768x368.jpg 768w, https:\/\/fsmcv.org\/wp-content\/uploads\/2025\/08\/1-600x288.jpg 600w, https:\/\/fsmcv.org\/wp-content\/uploads\/2025\/08\/1.jpg 795w\" sizes=\"(max-width: 768px) 100vw, 768px\" title=\"\">\t\t\t\t\t\t\t\t\t\t\t\t\t\t\t<\/div>\n\t\t\t\t<\/div>\n\t\t\t\t\t<\/div>\n\t\t<\/div>\n\t\t\t\t\t<\/div>\n\t\t<\/section>\n\t\t\t\t<section class=\"elementor-section elementor-top-section elementor-element elementor-element-387d52b elementor-section-boxed elementor-section-height-default elementor-section-height-default\" data-id=\"387d52b\" data-element_type=\"section\" data-e-type=\"section\">\n\t\t\t\t\t\t<div class=\"elementor-container elementor-column-gap-default\">\n\t\t\t\t\t<div class=\"elementor-column elementor-col-100 elementor-top-column elementor-element elementor-element-887a25d\" data-id=\"887a25d\" data-element_type=\"column\" data-e-type=\"column\">\n\t\t\t<div class=\"elementor-widget-wrap elementor-element-populated\">\n\t\t\t\t\t\t<div class=\"elementor-element elementor-element-21aaa4e elementor-widget-divider--view-line elementor-widget elementor-widget-divider\" data-id=\"21aaa4e\" data-element_type=\"widget\" data-e-type=\"widget\" data-widget_type=\"divider.default\">\n\t\t\t\t<div class=\"elementor-widget-container\">\n\t\t\t\t\t\t\t<div class=\"elementor-divider\">\n\t\t\t<span class=\"elementor-divider-separator\">\n\t\t\t\t\t\t<\/span>\n\t\t<\/div>\n\t\t\t\t\t\t<\/div>\n\t\t\t\t<\/div>\n\t\t\t\t\t<\/div>\n\t\t<\/div>\n\t\t\t\t\t<\/div>\n\t\t<\/section>\n\t\t\t\t<\/div>\n\t\t","protected":false},"excerpt":{"rendered":"<p>Sota el lema &#8220;La M\u00fasica que ens Uneix&#8221;, el projecte impulsat per Caixa Popular i la FSMCV pret\u00e9n visibilitzar i posar en valor, a trav\u00e9s d&#8217;un cicle de concerts, el treball, el comprom\u00eds i la dedicaci\u00f3 d&#8217;eixa gran massa social de persones que integren les societats musicals de la Comunitat Valenciana, un moviment art\u00edstic, educatiu [&hellip;]<\/p>\n","protected":false},"author":17,"featured_media":79587,"parent":39697,"menu_order":7,"comment_status":"closed","ping_status":"closed","template":"","meta":{"footnotes":""},"class_list":["post-79644","page","type-page","status-publish","has-post-thumbnail","hentry"],"_links":{"self":[{"href":"https:\/\/fsmcv.org\/vl\/wp-json\/wp\/v2\/pages\/79644","targetHints":{"allow":["GET"]}}],"collection":[{"href":"https:\/\/fsmcv.org\/vl\/wp-json\/wp\/v2\/pages"}],"about":[{"href":"https:\/\/fsmcv.org\/vl\/wp-json\/wp\/v2\/types\/page"}],"author":[{"embeddable":true,"href":"https:\/\/fsmcv.org\/vl\/wp-json\/wp\/v2\/users\/17"}],"replies":[{"embeddable":true,"href":"https:\/\/fsmcv.org\/vl\/wp-json\/wp\/v2\/comments?post=79644"}],"version-history":[{"count":11,"href":"https:\/\/fsmcv.org\/vl\/wp-json\/wp\/v2\/pages\/79644\/revisions"}],"predecessor-version":[{"id":80518,"href":"https:\/\/fsmcv.org\/vl\/wp-json\/wp\/v2\/pages\/79644\/revisions\/80518"}],"up":[{"embeddable":true,"href":"https:\/\/fsmcv.org\/vl\/wp-json\/wp\/v2\/pages\/39697"}],"wp:featuredmedia":[{"embeddable":true,"href":"https:\/\/fsmcv.org\/vl\/wp-json\/wp\/v2\/media\/79587"}],"wp:attachment":[{"href":"https:\/\/fsmcv.org\/vl\/wp-json\/wp\/v2\/media?parent=79644"}],"curies":[{"name":"wp","href":"https:\/\/api.w.org\/{rel}","templated":true}]}}