{"id":80606,"date":"2025-11-05T09:39:25","date_gmt":"2025-11-05T08:39:25","guid":{"rendered":"https:\/\/fsmcv.org\/segell-discografic\/col%c2%b7leccio-musica-a-la-llum\/musica-a-la-llum-008-manuel-parra-bernabeu-i-la-societat-musical-la-pau-de-beneixama\/"},"modified":"2026-03-06T13:20:12","modified_gmt":"2026-03-06T12:20:12","slug":"musica-a-la-llum-008-manuel-parra-bernabeu-i-la-societat-musical-la-pau-de-beneixama","status":"publish","type":"page","link":"https:\/\/fsmcv.org\/vl\/segell-discografic\/col%c2%b7leccio-musica-a-la-llum\/musica-a-la-llum-008-manuel-parra-bernabeu-i-la-societat-musical-la-pau-de-beneixama\/","title":{"rendered":"CD 8 M\u00fasica a la Llum: Manuel Parra Bernabeu i la Societat Musical La Pau de Beneixama"},"content":{"rendered":"\t\t<div data-elementor-type=\"wp-page\" data-elementor-id=\"80606\" class=\"elementor elementor-80606 elementor-80581\" data-elementor-post-type=\"page\">\n\t\t\t\t\t\t<section class=\"elementor-section elementor-top-section elementor-element elementor-element-729a8012 elementor-section-boxed elementor-section-height-default elementor-section-height-default\" data-id=\"729a8012\" data-element_type=\"section\" data-e-type=\"section\">\n\t\t\t\t\t\t\t<div class=\"elementor-background-overlay\"><\/div>\n\t\t\t\t\t\t\t<div class=\"elementor-container elementor-column-gap-default\">\n\t\t\t\t\t<div class=\"elementor-column elementor-col-100 elementor-top-column elementor-element elementor-element-25b9e406\" data-id=\"25b9e406\" data-element_type=\"column\" data-e-type=\"column\">\n\t\t\t<div class=\"elementor-widget-wrap elementor-element-populated\">\n\t\t\t\t\t\t<div class=\"elementor-element elementor-element-25612294 elementor-widget elementor-widget-heading\" data-id=\"25612294\" data-element_type=\"widget\" data-e-type=\"widget\" data-widget_type=\"heading.default\">\n\t\t\t\t<div class=\"elementor-widget-container\">\n\t\t\t\t\t<h1 class=\"elementor-heading-title elementor-size-default\">CD 8 M\u00fasica a la Llum: Manuel Parra Bernabeu i la Societat Musical La Pau de Beneixama<\/h1>\t\t\t\t<\/div>\n\t\t\t\t<\/div>\n\t\t\t\t\t<\/div>\n\t\t<\/div>\n\t\t\t\t\t<\/div>\n\t\t<\/section>\n\t\t\t\t<section class=\"elementor-section elementor-top-section elementor-element elementor-element-118305b8 elementor-section-boxed elementor-section-height-default elementor-section-height-default\" data-id=\"118305b8\" data-element_type=\"section\" data-e-type=\"section\">\n\t\t\t\t\t\t<div class=\"elementor-container elementor-column-gap-wide\">\n\t\t\t\t\t<div class=\"elementor-column elementor-col-50 elementor-top-column elementor-element elementor-element-33cbd883\" data-id=\"33cbd883\" data-element_type=\"column\" data-e-type=\"column\">\n\t\t\t<div class=\"elementor-widget-wrap elementor-element-populated\">\n\t\t\t\t\t\t<div class=\"elementor-element elementor-element-1cd6e04c elementor-view-default elementor-position-block-start elementor-mobile-position-block-start elementor-widget elementor-widget-icon-box\" data-id=\"1cd6e04c\" data-element_type=\"widget\" data-e-type=\"widget\" data-widget_type=\"icon-box.default\">\n\t\t\t\t<div class=\"elementor-widget-container\">\n\t\t\t\t\t\t\t<div class=\"elementor-icon-box-wrapper\">\n\n\t\t\t\t\t\t<div class=\"elementor-icon-box-icon\">\n\t\t\t\t<span  class=\"elementor-icon\">\n\t\t\t\t<i aria-hidden=\"true\" class=\"fas fa-compact-disc\"><\/i>\t\t\t\t<\/span>\n\t\t\t<\/div>\n\t\t\t\n\t\t\t\t\t\t<div class=\"elementor-icon-box-content\">\n\n\t\t\t\t\t\t\t\t\t<h2 class=\"elementor-icon-box-title\">\n\t\t\t\t\t\t<span  >\n\t\t\t\t\t\t\tCD 8 M\u00fasica a la Llum: Manuel Parra Bernabeu i la Societat Musical La Pau de Beneixama\t\t\t\t\t\t<\/span>\n\t\t\t\t\t<\/h2>\n\t\t\t\t\n\t\t\t\t\t\t\t\t\t<p class=\"elementor-icon-box-description\">\n\t\t\t\t\t\t\n\n\t\t\t\t\t<\/p>\n\t\t\t\t\n\t\t\t<\/div>\n\t\t\t\n\t\t<\/div>\n\t\t\t\t\t\t<\/div>\n\t\t\t\t<\/div>\n\t\t\t\t<div class=\"elementor-element elementor-element-4b35704f elementor-widget elementor-widget-image\" data-id=\"4b35704f\" data-element_type=\"widget\" data-e-type=\"widget\" data-widget_type=\"image.default\">\n\t\t\t\t<div class=\"elementor-widget-container\">\n\t\t\t\t\t\t\t\t\t\t\t\t\t\t\t<img fetchpriority=\"high\" decoding=\"async\" width=\"1600\" height=\"1430\" src=\"https:\/\/fsmcv.org\/wp-content\/uploads\/2025\/11\/008-CD-Musica-a-la-llum-Manuel-Parra-Bernabeu-1.jpg\" class=\"attachment-full size-full wp-image-80615\" alt=\"\" srcset=\"https:\/\/fsmcv.org\/wp-content\/uploads\/2025\/11\/008-CD-Musica-a-la-llum-Manuel-Parra-Bernabeu-1.jpg 1600w, https:\/\/fsmcv.org\/wp-content\/uploads\/2025\/11\/008-CD-Musica-a-la-llum-Manuel-Parra-Bernabeu-1-768x686.jpg 768w, https:\/\/fsmcv.org\/wp-content\/uploads\/2025\/11\/008-CD-Musica-a-la-llum-Manuel-Parra-Bernabeu-1-1536x1373.jpg 1536w, https:\/\/fsmcv.org\/wp-content\/uploads\/2025\/11\/008-CD-Musica-a-la-llum-Manuel-Parra-Bernabeu-1-600x536.jpg 600w\" sizes=\"(max-width: 1600px) 100vw, 1600px\" title=\"\">\t\t\t\t\t\t\t\t\t\t\t\t\t\t\t<\/div>\n\t\t\t\t<\/div>\n\t\t\t\t<div class=\"elementor-element elementor-element-71a3b2fd elementor-align-center elementor-widget elementor-widget-button\" data-id=\"71a3b2fd\" data-element_type=\"widget\" data-e-type=\"widget\" data-widget_type=\"button.default\">\n\t\t\t\t<div class=\"elementor-widget-container\">\n\t\t\t\t\t\t\t\t\t<div class=\"elementor-button-wrapper\">\n\t\t\t\t\t<a class=\"elementor-button elementor-button-link elementor-size-md\" href=\"https:\/\/fsmcv.org\/vl\/segell-discografic\/\">\n\t\t\t\t\t\t<span class=\"elementor-button-content-wrapper\">\n\t\t\t\t\t\t<span class=\"elementor-button-icon\">\n\t\t\t\t<i aria-hidden=\"true\" class=\"fas fa-arrow-right\"><\/i>\t\t\t<\/span>\n\t\t\t\t\t\t\t\t\t<span class=\"elementor-button-text\">Segell discogr\u00e0fic<\/span>\n\t\t\t\t\t<\/span>\n\t\t\t\t\t<\/a>\n\t\t\t\t<\/div>\n\t\t\t\t\t\t\t\t<\/div>\n\t\t\t\t<\/div>\n\t\t\t\t\t<\/div>\n\t\t<\/div>\n\t\t\t\t<div class=\"elementor-column elementor-col-50 elementor-top-column elementor-element elementor-element-2bf28c98\" data-id=\"2bf28c98\" data-element_type=\"column\" data-e-type=\"column\">\n\t\t\t<div class=\"elementor-widget-wrap elementor-element-populated\">\n\t\t\t\t\t\t<div class=\"elementor-element elementor-element-399b5c51 elementor-widget elementor-widget-text-editor\" data-id=\"399b5c51\" data-element_type=\"widget\" data-e-type=\"widget\" data-widget_type=\"text-editor.default\">\n\t\t\t\t<div class=\"elementor-widget-container\">\n\t\t\t\t\t\t\t\t\t<p><b>Director<\/b>: Enrique Montesinos Parra<\/p><p><strong>Obres<\/strong><\/p><p>1. Marcha de los cosacos. (1932).<\/p><p>2. Extravagancias (Fantas\u00eda capricho) (1924).<\/p><p>3. Rebeli\u00f3n (polka para clarinete) (1931).<\/p><p>4. Un d\u00eda de casera en les estribacions de Castell\u00f3 (fantas\u00eda campestre) (1932).<\/p><p>5. A\u00f1oranzas (fox-trot) (1921).<\/p><p>6. Recuerdos de mi cuna (preludio) (ca. 1920).<\/p><p>7. La cieguieta (couplet) (1931).<\/p><p>8. La a\u00f1ovense (jota) (1911).<\/p><p>9. En el ocaso (fantas\u00eda-capricho) (1929).<\/p><p>Totes les obres s\u00f3n de Manuel Parra Bernabeu, excepte <em>A\u00f1oranzas<\/em>, de Joaqu\u00edn Belda Pastor, arranjada per Manuel Parra.<\/p><p><strong>Autor corporatiu<\/strong><\/p><p>Jove Banda Simf\u00f2nica de la Federaci\u00f3 de Societats Musicals de la Comunitat Valenciana.<\/p><p><strong>Int\u00e8rprets<\/strong><\/p><p>Jove Banda Simf\u00f2nica de la Federaci\u00f3 de Societats Musicals de la Comunitat Valenciana. Director: Rafael Grau Vilar.<\/p><p><strong>Dep\u00f2sit legal<\/strong><\/p><p>V-2776\/2025<\/p><p><strong>Descripci\u00f3 f\u00edsica<\/strong><\/p><p>1 CD + 1 fullet (14 p.)<\/p><p><strong>Publicaci\u00f3<\/strong><\/p><p>Val\u00e8ncia: Institut Valenci\u00e0 de Cultura-Generalitat Valenciana.<\/p><p><strong>Nota de contingut<\/strong><\/p><p>El programa M\u00fasica a la llum, patrocinat per CaixaBank i organitzat per l&#8217;Institut Valenci\u00e0 de Cultura-Generalitat Valenciana i la Federaci\u00f3 de Societats Musicals de la Comunitat Valenciana, sorgeix per a col\u00b7laborar amb les Societats Musicals en la conservaci\u00f3, posada en valor i difusi\u00f3 de l&#8217;espl\u00e8ndid patrimoni cultural custodiat en els seus arxius. Este \u00e9s el s\u00e8ptim CD de la col\u00b7lecci\u00f3.<\/p>\t\t\t\t\t\t\t\t<\/div>\n\t\t\t\t<\/div>\n\t\t\t\t\t<\/div>\n\t\t<\/div>\n\t\t\t\t\t<\/div>\n\t\t<\/section>\n\t\t\t\t<\/div>\n\t\t","protected":false},"excerpt":{"rendered":"<p>Segell discogr\u00e0fic Director: Enrique Montesinos Parra Obres 1. Marcha de los cosacos. (1932). 2. Extravagancias (Fantas\u00eda capricho) (1924). 3. Rebeli\u00f3n (polka para clarinete) (1931). 4. Un d\u00eda de casera en les estribacions de Castell\u00f3 (fantas\u00eda campestre) (1932). 5. A\u00f1oranzas (fox-trot) (1921). 6. Recuerdos de mi cuna (preludio) (ca. 1920). 7. La cieguieta (couplet) (1931). 8. [&hellip;]<\/p>\n","protected":false},"author":17,"featured_media":80615,"parent":44341,"menu_order":0,"comment_status":"closed","ping_status":"closed","template":"elementor_header_footer","meta":{"footnotes":""},"class_list":["post-80606","page","type-page","status-publish","has-post-thumbnail","hentry"],"_links":{"self":[{"href":"https:\/\/fsmcv.org\/vl\/wp-json\/wp\/v2\/pages\/80606","targetHints":{"allow":["GET"]}}],"collection":[{"href":"https:\/\/fsmcv.org\/vl\/wp-json\/wp\/v2\/pages"}],"about":[{"href":"https:\/\/fsmcv.org\/vl\/wp-json\/wp\/v2\/types\/page"}],"author":[{"embeddable":true,"href":"https:\/\/fsmcv.org\/vl\/wp-json\/wp\/v2\/users\/17"}],"replies":[{"embeddable":true,"href":"https:\/\/fsmcv.org\/vl\/wp-json\/wp\/v2\/comments?post=80606"}],"version-history":[{"count":9,"href":"https:\/\/fsmcv.org\/vl\/wp-json\/wp\/v2\/pages\/80606\/revisions"}],"predecessor-version":[{"id":81809,"href":"https:\/\/fsmcv.org\/vl\/wp-json\/wp\/v2\/pages\/80606\/revisions\/81809"}],"up":[{"embeddable":true,"href":"https:\/\/fsmcv.org\/vl\/wp-json\/wp\/v2\/pages\/44341"}],"wp:featuredmedia":[{"embeddable":true,"href":"https:\/\/fsmcv.org\/vl\/wp-json\/wp\/v2\/media\/80615"}],"wp:attachment":[{"href":"https:\/\/fsmcv.org\/vl\/wp-json\/wp\/v2\/media?parent=80606"}],"curies":[{"name":"wp","href":"https:\/\/api.w.org\/{rel}","templated":true}]}}