{"id":59101,"date":"2022-09-05T13:51:59","date_gmt":"2022-09-05T11:51:59","guid":{"rendered":"https:\/\/fsmcv.org\/?post_type=product&#038;p=59101"},"modified":"2023-06-18T12:11:56","modified_gmt":"2023-06-18T10:11:56","slug":"cd-jove-banda-simfonica-de-la-fsmcv-temporada-2004","status":"publish","type":"product","link":"https:\/\/fsmcv.org\/vl\/tenda\/discos\/jove-banda-simfonica-de-la-fsmcv\/cd-jove-banda-simfonica-de-la-fsmcv-temporada-2004\/","title":{"rendered":"CD Jove Banda Simf\u00f2nica de la FSMCV \u2013 Temporada 2004"},"content":{"rendered":"<p><strong>DISC I<\/strong><\/p>\n<p>Cont\u00e9:<\/p>\n<p>1. Eduardo Cifre de Pascual Mart\u00ednez<br \/>\n2. Secuencias de Pascual Mart\u00ednez<\/p>\n<p>I. Preludio<br \/>\nII. Nocturno<br \/>\nIII. Scherzo<\/p>\n<p>Dir: Pascual Mart\u00ednez Mart\u00ednez<\/p>\n<p>3. Divertimento de Bernardo Adam Ferrero<br \/>\n4. Ocurr\u00e8ncies de Francisco A. Bort<\/p>\n<p>I. Dubtes<br \/>\nII. Reflexi\u00f3<br \/>\nIII. Resoluci\u00f3<\/p>\n<p>Dir: Jaime Belda Cantavella<\/p>\n<p>5. Alabarda de Pablo Angl\u00e9s<br \/>\n6. FoxP2 de Pablo Angl\u00e9s<br \/>\nDir: Pablo Angl\u00e9s Galindo<\/p>\n","protected":false},"excerpt":{"rendered":"<p>Jove Banda Simf\u00f2nica de la FSMCV \u2013 Temporada 2004<\/p>\n<p><strong>Directors:<\/strong> Pascual Mart\u00ednez Mart\u00ednez, Jaime Belda Cantavella y Pablo Angl\u00e9s Galindo<\/p>\n<p><strong>DISC I<\/strong><\/p>\n<p>Cont\u00e9:<\/p>\n<p>1. Eduardo Cifre de Pascual Mart\u00ednez<br \/>\n2. Secuencias de Pascual Mart\u00ednez<\/p>\n<p>I. Preludio<br \/>\nII. Nocturno<br \/>\nIII. Scherzo<\/p>\n<p>Dir: Pascual Mart\u00ednez Mart\u00ednez<\/p>\n<p>3. Divertimento de Bernardo Adam Ferrero<br \/>\n4. Ocurr\u00e8ncies de Francisco A. Bort<\/p>\n<p>I. Dubtes<br \/>\nII. Reflexi\u00f3<br \/>\nIII. Resoluci\u00f3<\/p>\n<p>Dir: Jaime Belda Cantavella<\/p>\n<p>5. Alabarda de Pablo Angl\u00e9s<br \/>\n6. FoxP2 de Pablo Angl\u00e9s<br \/>\nDir: Pablo Angl\u00e9s Galindo<\/p>\n","protected":false},"featured_media":20123,"template":"","meta":[],"product_brand":[],"product_cat":[404,587],"product_tag":[],"class_list":{"0":"post-59101","1":"product","2":"type-product","3":"status-publish","4":"has-post-thumbnail","6":"product_cat-discos","7":"product_cat-jove-banda-simfonica-de-la-fsmcv","9":"first","10":"instock","11":"taxable","12":"shipping-taxable","13":"purchasable","14":"product-type-simple"},"_links":{"self":[{"href":"https:\/\/fsmcv.org\/vl\/wp-json\/wp\/v2\/product\/59101","targetHints":{"allow":["GET"]}}],"collection":[{"href":"https:\/\/fsmcv.org\/vl\/wp-json\/wp\/v2\/product"}],"about":[{"href":"https:\/\/fsmcv.org\/vl\/wp-json\/wp\/v2\/types\/product"}],"wp:featuredmedia":[{"embeddable":true,"href":"https:\/\/fsmcv.org\/vl\/wp-json\/wp\/v2\/media\/20123"}],"wp:attachment":[{"href":"https:\/\/fsmcv.org\/vl\/wp-json\/wp\/v2\/media?parent=59101"}],"wp:term":[{"taxonomy":"product_brand","embeddable":true,"href":"https:\/\/fsmcv.org\/vl\/wp-json\/wp\/v2\/product_brand?post=59101"},{"taxonomy":"product_cat","embeddable":true,"href":"https:\/\/fsmcv.org\/vl\/wp-json\/wp\/v2\/product_cat?post=59101"},{"taxonomy":"product_tag","embeddable":true,"href":"https:\/\/fsmcv.org\/vl\/wp-json\/wp\/v2\/product_tag?post=59101"}],"curies":[{"name":"wp","href":"https:\/\/api.w.org\/{rel}","templated":true}]}}