{"id":59102,"date":"2022-09-05T11:56:24","date_gmt":"2022-09-05T09:56:24","guid":{"rendered":"https:\/\/fsmcv.org\/?post_type=product&#038;p=59102"},"modified":"2023-06-18T12:10:40","modified_gmt":"2023-06-18T10:10:40","slug":"cd-jove-banda-simfonica-de-la-fsmcv-temporada-2003","status":"publish","type":"product","link":"https:\/\/fsmcv.org\/vl\/tenda\/discos\/jove-banda-simfonica-de-la-fsmcv\/cd-jove-banda-simfonica-de-la-fsmcv-temporada-2003\/","title":{"rendered":"CD Jove Banda Simf\u00f2nica de la FSMCV \u2013 Temporada 2003"},"content":{"rendered":"<p><strong>DISC I<\/strong><\/p>\n<p>DISC I<\/p>\n<p>1. Pasacaglia de Ram\u00f3n Ramos<br \/>\n2. Iridisc\u00e8ncies Simf\u00f2niques de Amando Blanquer<\/p>\n<p>I. Hoqueto<br \/>\nII. Intermedio<br \/>\nIII. Ricercare<\/p>\n<p>Dir: Joan Espinosa<\/p>\n<p>3. Ernesto P\u00e9rez de Eugenio Mart\u00ed<br \/>\n4. Ra\u00edces de Juan J. Colomer<br \/>\nDir: Jos\u00e9 Antonio Rebollar<\/p>\n<p>DISC II<\/p>\n<p>1. Arco de Montele\u00f3n de Miguel Asins Arb\u00f3<br \/>\n2. La vall de la Murta de Andr\u00e9s Valero-Castells<\/p>\n<p>I. Les Serres (Cavall bernat, Les Agulles), L\u2019incendi<br \/>\nII. El Monestir, 1401<br \/>\nIII. Els pirates moros, El pont de pedra<\/p>\n<p>Dir: Andr\u00e9s Valero-Castells<\/p>\n<p>3. Radio Alcira de Miguel Villar<br \/>\nDir: \u00c1ngel Crespo<\/p>\n","protected":false},"excerpt":{"rendered":"<p>Jove Banda Simf\u00f2nica de la FSMCV \u2013 Temporada 2003<\/p>\n<p><strong>Directors<\/strong>: Joan Espinosa, Jos\u00e9 Antonio Rebollar, Andr\u00e9s Valero Castells y \u00c0ngel Crespo.<\/p>\n<p><strong>Aquest producte est\u00e0 compost de dos CDs.<\/strong><\/p>\n<p><strong>DISC I<\/strong><\/p>\n<p>1. Pasacaglia de Ram\u00f3n Ramos<br \/>\n2. Iridisc\u00e8ncies Simf\u00f2niques de Amando Blanquer<\/p>\n<p>I. Hoqueto<br \/>\nII. Intermedio<br \/>\nIII. Ricercare<\/p>\n<p>Dir: Joan Espinosa<\/p>\n<p>3. Ernesto P\u00e9rez de Eugenio Mart\u00ed<br \/>\n4. Ra\u00edces de Juan J. Colomer<br \/>\nDir: Jos\u00e9 Antonio Rebollar<\/p>\n<p><strong>DISC II<\/strong><\/p>\n<p>1. Arco de Montele\u00f3n de Miguel Asins Arb\u00f3<br \/>\n2. La vall de la Murta de Andr\u00e9s Valero-Castells<\/p>\n<p>I. Les Serres (Cavall bernat, Les Agulles), L\u2019incendi<br \/>\nII. El Monestir, 1401<br \/>\nIII. Els pirates moros, El pont de pedra<\/p>\n<p>Dir: Andr\u00e9s Valero-Castells<\/p>\n<p>3. Radio Alcira de Miguel Villar<br \/>\nDir: \u00c1ngel Crespo<\/p>\n","protected":false},"featured_media":20125,"template":"","meta":[],"product_brand":[],"product_cat":[404,587],"product_tag":[],"class_list":{"0":"post-59102","1":"product","2":"type-product","3":"status-publish","4":"has-post-thumbnail","6":"product_cat-discos","7":"product_cat-jove-banda-simfonica-de-la-fsmcv","9":"first","10":"instock","11":"taxable","12":"shipping-taxable","13":"purchasable","14":"product-type-simple"},"_links":{"self":[{"href":"https:\/\/fsmcv.org\/vl\/wp-json\/wp\/v2\/product\/59102","targetHints":{"allow":["GET"]}}],"collection":[{"href":"https:\/\/fsmcv.org\/vl\/wp-json\/wp\/v2\/product"}],"about":[{"href":"https:\/\/fsmcv.org\/vl\/wp-json\/wp\/v2\/types\/product"}],"wp:featuredmedia":[{"embeddable":true,"href":"https:\/\/fsmcv.org\/vl\/wp-json\/wp\/v2\/media\/20125"}],"wp:attachment":[{"href":"https:\/\/fsmcv.org\/vl\/wp-json\/wp\/v2\/media?parent=59102"}],"wp:term":[{"taxonomy":"product_brand","embeddable":true,"href":"https:\/\/fsmcv.org\/vl\/wp-json\/wp\/v2\/product_brand?post=59102"},{"taxonomy":"product_cat","embeddable":true,"href":"https:\/\/fsmcv.org\/vl\/wp-json\/wp\/v2\/product_cat?post=59102"},{"taxonomy":"product_tag","embeddable":true,"href":"https:\/\/fsmcv.org\/vl\/wp-json\/wp\/v2\/product_tag?post=59102"}],"curies":[{"name":"wp","href":"https:\/\/api.w.org\/{rel}","templated":true}]}}