{"id":59109,"date":"2022-09-06T11:42:59","date_gmt":"2022-09-06T09:42:59","guid":{"rendered":"https:\/\/fsmcv.org\/?post_type=product&#038;p=59109"},"modified":"2023-06-18T12:13:13","modified_gmt":"2023-06-18T10:13:13","slug":"cd-jove-banda-simfonica-de-la-fsmcv-temporada-2005","status":"publish","type":"product","link":"https:\/\/fsmcv.org\/vl\/tenda\/discos\/jove-banda-simfonica-de-la-fsmcv\/cd-jove-banda-simfonica-de-la-fsmcv-temporada-2005\/","title":{"rendered":"CD Jove Banda Simf\u00f2nica de la FSMCV \u2013 Temporada 2005"},"content":{"rendered":"<p><strong>DISC I<\/strong><\/p>\n<p>Cont\u00e9:<\/p>\n<p>1. Tercer centenario de Jos\u00e9 V. D\u00edaz Alcaina<br \/>\n2. Tres grandes amores de Manuel Bern\u00e1<\/p>\n<p>I. La familia (poema I)<br \/>\nII. El mar (poema II)<br \/>\nIII. Mi Albatera (poema III)<\/p>\n<p>3. Fantas\u00eda sobre motivos del maestro Serrano de R. Lamote de Gri\u00f1\u00f3n<br \/>\n4. Petrer de Manuel Villar<br \/>\nDir: Jos\u00e9 Vicente D\u00edaz Alcaina<\/p>\n<p>5. Pilar S\u00e1ez de J. Salvador Gonz\u00e1lez<br \/>\n6. La leyenda de la Malinche de Salvador Sebasti\u00e1<\/p>\n<p>I. La ruta de Hern\u00e1n Cort\u00e9s<br \/>\nII. La leyenda de la Malinche<br \/>\nIII. Canci\u00f3n de amor<br \/>\nIV. La conquista de M\u00e9xico-Tecnochtitlan<\/p>\n<p>7. Burriana de M. Gimeno<br \/>\nDir: Vicente Carot Gil<\/p>\n<p>8. Rosalina de Rafael Talens<br \/>\n9. Astrof\u00edsica de J. G. G\u00f3mez Deval<\/p>\n<p>I. Selenograf\u00eda<br \/>\nII. La cara oculta<\/p>\n<p>10. Cora d\u2019Algar de Rafael Talens<br \/>\n11. Silla de Fernando Penella<br \/>\nDir: Vicente Soler Solano<\/p>\n","protected":false},"excerpt":{"rendered":"<p>Jove Banda Simf\u00f2nica de la FSMCV \u2013 Temporada 2005<\/p>\n<p><strong>Directors:<\/strong> Jos\u00e9 Vicente D\u00edaz Alcaina, Vicente Carot Gil i Vicente Soler Solano<\/p>\n<p><strong>DISC I<\/strong><\/p>\n<p>Cont\u00e9:<\/p>\n<p>1. Tercer centenario de Jos\u00e9 V. D\u00edaz Alcaina<br \/>\n2. Tres grandes amores de Manuel Bern\u00e1<\/p>\n<p>I. La familia (poema I)<br \/>\nII. El mar (poema II)<br \/>\nIII. Mi Albatera (poema III)<\/p>\n<p>3. Fantas\u00eda sobre motivos del maestro Serrano de R. Lamote de Gri\u00f1\u00f3n<br \/>\n4. Petrer de Manuel Villar<br \/>\nDir: Jos\u00e9 Vicente D\u00edaz Alcaina<\/p>\n<p>5. Pilar S\u00e1ez de J. Salvador Gonz\u00e1lez<br \/>\n6. La leyenda de la Malinche de Salvador Sebasti\u00e1<\/p>\n<p>I. La ruta de Hern\u00e1n Cort\u00e9s<br \/>\nII. La leyenda de la Malinche<br \/>\nIII. Canci\u00f3n de amor<br \/>\nIV. La conquista de M\u00e9xico-Tecnochtitlan<\/p>\n<p>7. Burriana de M. Gimeno<br \/>\nDir: Vicente Carot Gil<\/p>\n<p>8. Rosalina de Rafael Talens<br \/>\n9. Astrof\u00edsica de J. G. G\u00f3mez Deval<\/p>\n<p>I. Selenograf\u00eda<br \/>\nII. La cara oculta<\/p>\n<p>10. Cora d\u2019Algar de Rafael Talens<br \/>\n11. Silla de Fernando Penella<br \/>\nDir: Vicente Soler Solano<\/p>\n","protected":false},"featured_media":20121,"template":"","meta":[],"product_brand":[],"product_cat":[404,587],"product_tag":[],"class_list":{"0":"post-59109","1":"product","2":"type-product","3":"status-publish","4":"has-post-thumbnail","6":"product_cat-discos","7":"product_cat-jove-banda-simfonica-de-la-fsmcv","9":"first","10":"instock","11":"taxable","12":"shipping-taxable","13":"purchasable","14":"product-type-simple"},"_links":{"self":[{"href":"https:\/\/fsmcv.org\/vl\/wp-json\/wp\/v2\/product\/59109","targetHints":{"allow":["GET"]}}],"collection":[{"href":"https:\/\/fsmcv.org\/vl\/wp-json\/wp\/v2\/product"}],"about":[{"href":"https:\/\/fsmcv.org\/vl\/wp-json\/wp\/v2\/types\/product"}],"wp:featuredmedia":[{"embeddable":true,"href":"https:\/\/fsmcv.org\/vl\/wp-json\/wp\/v2\/media\/20121"}],"wp:attachment":[{"href":"https:\/\/fsmcv.org\/vl\/wp-json\/wp\/v2\/media?parent=59109"}],"wp:term":[{"taxonomy":"product_brand","embeddable":true,"href":"https:\/\/fsmcv.org\/vl\/wp-json\/wp\/v2\/product_brand?post=59109"},{"taxonomy":"product_cat","embeddable":true,"href":"https:\/\/fsmcv.org\/vl\/wp-json\/wp\/v2\/product_cat?post=59109"},{"taxonomy":"product_tag","embeddable":true,"href":"https:\/\/fsmcv.org\/vl\/wp-json\/wp\/v2\/product_tag?post=59109"}],"curies":[{"name":"wp","href":"https:\/\/api.w.org\/{rel}","templated":true}]}}