{"id":59119,"date":"2022-09-06T12:12:07","date_gmt":"2022-09-06T10:12:07","guid":{"rendered":"https:\/\/fsmcv.org\/?post_type=product&#038;p=59119"},"modified":"2023-06-18T12:16:18","modified_gmt":"2023-06-18T10:16:18","slug":"cd-jove-banda-simfonica-de-la-fsmcv-temporada-2008-2009","status":"publish","type":"product","link":"https:\/\/fsmcv.org\/vl\/tenda\/discos\/jove-banda-simfonica-de-la-fsmcv\/cd-jove-banda-simfonica-de-la-fsmcv-temporada-2008-2009\/","title":{"rendered":"CD Jove Banda Simf\u00f2nica de la FSMCV \/ Temporada 2008-2009 (40 Aniversario)"},"content":{"rendered":"<p><strong>DISC I<\/strong><\/p>\n<p>1. Batalla Imperial de Joan B. Cabanilles<br \/>\n2. Piet\u00e4sinn de Joan Enric Canet Todol\u00ed<br \/>\n3. Semblances de la meua terra de Luis Blanes Arques<br \/>\n4. Memorias de un hombre de ciudad de Luis Serrano Alarc\u00f3n<br \/>\n5. Marcha de celebraci\u00f3n (de Cue Sheets) de Teo Aparicio Barber\u00e1n<br \/>\n6. Suspiros del Serpis (pasodoble) de Jos\u00e9 Carbonell Garc\u00eda<\/p>\n<p><strong>DISC II<\/strong><\/p>\n<p>1. Escenas levantinas de Gonzalo Barrachina<\/p>\n<p>I. Vall de Velles<br \/>\nII. En la Romeria<br \/>\nIII. Cant del Batre<br \/>\nIV. Danses<\/p>\n<p>2. Homenaje a Joaqu\u00edn Sorolla de Bernardo A. Ferrero<\/p>\n<p>I. El crit del palleter<br \/>\nII. Pescadoras valencianas<br \/>\nIII. Sol de la tarde<br \/>\nIV. Las grupas<\/p>\n<p>3. A Bandolero Story de Teo Aparicio Barber\u00e1n<br \/>\n4. Saxum de Rafael Mullor Grau<br \/>\n5. Rollo y Ca\u00f1a (pasodoble) de Jos\u00e9 Mar\u00eda Garc\u00eda<\/p>\n","protected":false},"excerpt":{"rendered":"<p>Jove Banda Simf\u00f2nica de la FSMCV \/ Temporada 2008-2009 (40 Aniversario)<\/p>\n<p><strong>Director:<\/strong> Teo Aparicio Barber\u00e1n<\/p>\n<p><strong>DISC I<\/strong><\/p>\n<p>1. Batalla Imperial de Joan B. Cabanilles<br \/>\n2. Piet\u00e4sinn de Joan Enric Canet Todol\u00ed<br \/>\n3. Semblances de la meua terra de Luis Blanes Arques<br \/>\n4. Memorias de un hombre de ciudad de Luis Serrano Alarc\u00f3n<br \/>\n5. Marcha de celebraci\u00f3n (de Cue Sheets) de Teo Aparicio Barber\u00e1n<br \/>\n6. Suspiros del Serpis (pasodoble) de Jos\u00e9 Carbonell Garc\u00eda<\/p>\n<p><strong>DISC II<\/strong><\/p>\n<p>1. Escenas levantinas de Gonzalo Barrachina<\/p>\n<p>I. Vall de Velles<br \/>\nII. En la Romeria<br \/>\nIII. Cant del Batre<br \/>\nIV. Danses<\/p>\n<p>2. Homenaje a Joaqu\u00edn Sorolla de Bernardo A. Ferrero<\/p>\n<p>I. El crit del palleter<br \/>\nII. Pescadoras valencianas<br \/>\nIII. Sol de la tarde<br \/>\nIV. Las grupas<\/p>\n<p>3. A Bandolero Story de Teo Aparicio Barber\u00e1n<br \/>\n4. Saxum de Rafael Mullor Grau<br \/>\n5. Rollo y Ca\u00f1a (pasodoble) de Jos\u00e9 Mar\u00eda Garc\u00eda<\/p>\n","protected":false},"featured_media":20115,"template":"","meta":[],"product_brand":[],"product_cat":[404,587],"product_tag":[],"class_list":{"0":"post-59119","1":"product","2":"type-product","3":"status-publish","4":"has-post-thumbnail","6":"product_cat-discos","7":"product_cat-jove-banda-simfonica-de-la-fsmcv","9":"first","10":"instock","11":"taxable","12":"shipping-taxable","13":"purchasable","14":"product-type-simple"},"_links":{"self":[{"href":"https:\/\/fsmcv.org\/vl\/wp-json\/wp\/v2\/product\/59119","targetHints":{"allow":["GET"]}}],"collection":[{"href":"https:\/\/fsmcv.org\/vl\/wp-json\/wp\/v2\/product"}],"about":[{"href":"https:\/\/fsmcv.org\/vl\/wp-json\/wp\/v2\/types\/product"}],"wp:featuredmedia":[{"embeddable":true,"href":"https:\/\/fsmcv.org\/vl\/wp-json\/wp\/v2\/media\/20115"}],"wp:attachment":[{"href":"https:\/\/fsmcv.org\/vl\/wp-json\/wp\/v2\/media?parent=59119"}],"wp:term":[{"taxonomy":"product_brand","embeddable":true,"href":"https:\/\/fsmcv.org\/vl\/wp-json\/wp\/v2\/product_brand?post=59119"},{"taxonomy":"product_cat","embeddable":true,"href":"https:\/\/fsmcv.org\/vl\/wp-json\/wp\/v2\/product_cat?post=59119"},{"taxonomy":"product_tag","embeddable":true,"href":"https:\/\/fsmcv.org\/vl\/wp-json\/wp\/v2\/product_tag?post=59119"}],"curies":[{"name":"wp","href":"https:\/\/api.w.org\/{rel}","templated":true}]}}