{"id":59121,"date":"2022-09-06T12:31:52","date_gmt":"2022-09-06T10:31:52","guid":{"rendered":"https:\/\/fsmcv.org\/?post_type=product&#038;p=59121"},"modified":"2023-06-18T12:17:23","modified_gmt":"2023-06-18T10:17:23","slug":"cd-jove-banda-simfonica-de-la-fsmcv-temporada-2010","status":"publish","type":"product","link":"https:\/\/fsmcv.org\/vl\/tenda\/discos\/jove-banda-simfonica-de-la-fsmcv\/cd-jove-banda-simfonica-de-la-fsmcv-temporada-2010\/","title":{"rendered":"CD Jove Banda Simf\u00f2nica de la FSMCV \u2013 Temporada 2010"},"content":{"rendered":"<p><strong>DISC I<\/strong><\/p>\n<p>Cont\u00e9:<\/p>\n<p>1. Yakka (pasodoble) de Jos\u00e9 R. Pascual-Vilaplana<br \/>\n2. Sinfon\u00eda Nobilisima de Robert Jager<br \/>\n3. El Misteri del Foc (Sinfonietta n\u00ba 3 ) de Ferrer Ferran<\/p>\n<p>I. Calixto III<br \/>\nII. Els Canals<br \/>\nIII. Foguera i Festa<\/p>\n<p>4. Music of the Spheres de Philip Sparke<br \/>\n5. Bolero de Ludwig Stiel<br \/>\n6. Anta\u00f1ona (pasodoble) de Fernando Tormo Ib\u00e1\u00f1ez<\/p>\n","protected":false},"excerpt":{"rendered":"<p>Jove Banda Simf\u00f2nica de la FSMCV \u2013 Temporada 2010<\/p>\n<p><strong>Director:<\/strong>Jos\u00e9 Mart\u00ednez Colomina<\/p>\n<p><strong>DISC I<\/strong><\/p>\n<p>Cont\u00e9:<\/p>\n<p>1. Yakka (pasodoble) de Jos\u00e9 R. Pascual-Vilaplana<br \/>\n2. Sinfon\u00eda Nobilisima de Robert Jager<br \/>\n3. El Misteri del Foc (Sinfonietta n\u00ba 3 ) de Ferrer Ferran<\/p>\n<p>I. Calixto III<br \/>\nII. Els Canals<br \/>\nIII. Foguera i Festa<\/p>\n<p>4. Music of the Spheres de Philip Sparke<br \/>\n5. Bolero de Ludwig Stiel<br \/>\n6. Anta\u00f1ona (pasodoble) de Fernando Tormo Ib\u00e1\u00f1ez<\/p>\n","protected":false},"featured_media":20113,"template":"","meta":[],"product_brand":[],"product_cat":[404,587],"product_tag":[],"class_list":{"0":"post-59121","1":"product","2":"type-product","3":"status-publish","4":"has-post-thumbnail","6":"product_cat-discos","7":"product_cat-jove-banda-simfonica-de-la-fsmcv","9":"first","10":"instock","11":"taxable","12":"shipping-taxable","13":"purchasable","14":"product-type-simple"},"_links":{"self":[{"href":"https:\/\/fsmcv.org\/vl\/wp-json\/wp\/v2\/product\/59121","targetHints":{"allow":["GET"]}}],"collection":[{"href":"https:\/\/fsmcv.org\/vl\/wp-json\/wp\/v2\/product"}],"about":[{"href":"https:\/\/fsmcv.org\/vl\/wp-json\/wp\/v2\/types\/product"}],"wp:featuredmedia":[{"embeddable":true,"href":"https:\/\/fsmcv.org\/vl\/wp-json\/wp\/v2\/media\/20113"}],"wp:attachment":[{"href":"https:\/\/fsmcv.org\/vl\/wp-json\/wp\/v2\/media?parent=59121"}],"wp:term":[{"taxonomy":"product_brand","embeddable":true,"href":"https:\/\/fsmcv.org\/vl\/wp-json\/wp\/v2\/product_brand?post=59121"},{"taxonomy":"product_cat","embeddable":true,"href":"https:\/\/fsmcv.org\/vl\/wp-json\/wp\/v2\/product_cat?post=59121"},{"taxonomy":"product_tag","embeddable":true,"href":"https:\/\/fsmcv.org\/vl\/wp-json\/wp\/v2\/product_tag?post=59121"}],"curies":[{"name":"wp","href":"https:\/\/api.w.org\/{rel}","templated":true}]}}