{"id":59123,"date":"2022-09-06T12:37:37","date_gmt":"2022-09-06T10:37:37","guid":{"rendered":"https:\/\/fsmcv.org\/?post_type=product&#038;p=59123"},"modified":"2023-06-18T12:18:40","modified_gmt":"2023-06-18T10:18:40","slug":"cd-jove-banda-simfonica-de-la-fsmcv-temporada-2011","status":"publish","type":"product","link":"https:\/\/fsmcv.org\/vl\/tenda\/discos\/jove-banda-simfonica-de-la-fsmcv\/cd-jove-banda-simfonica-de-la-fsmcv-temporada-2011\/","title":{"rendered":"CD Jove Banda Simf\u00f2nica de la FSMCV \u2013 Temporada 2011"},"content":{"rendered":"<p><strong>DISC I<\/strong><\/p>\n<p><strong>Cont\u00e9:<\/strong><\/p>\n<p>1. Dunia Piris (Pasodoble) de Rafael Talens Pell\u00f3<br \/>\n2. Siluetes de Manuel Palau Boix<\/p>\n<p>I. Dol\u00e7ainers<br \/>\nII. Llauradors<br \/>\nIII. Xiquets<\/p>\n<p>3. Gran Fantas\u00eda Espa\u00f1ola de Ricardo Villa Gonz\u00e1lez<br \/>\n4. Tarde de Abril-Abencerrajes de Amando Blanquer Ponsoda<br \/>\n5. X\u00faquer de Jos\u00e9 Grau Benedito<\/p>\n<p>I. Andante \u2013 Allegro<br \/>\nII. Andante religi\u00f3s \u2013 Allegro<\/p>\n<p>6. Centenari de J. Salvador Gonz\u00e1lez Moreno<\/p>\n","protected":false},"excerpt":{"rendered":"<p>Jove Banda Simf\u00f2nica de la FSMCV \u2013 Temporada 2011<\/p>\n<p><strong>Director:<\/strong> Jes\u00fas Cantos Plaza<\/p>\n<p><strong>DISC I<\/strong><\/p>\n<p><strong>Cont\u00e9:<\/strong><\/p>\n<p>1. Dunia Piris (Pasodoble) de Rafael Talens Pell\u00f3<br \/>\n2. Siluetes de Manuel Palau Boix<\/p>\n<p>I. Dol\u00e7ainers<br \/>\nII. Llauradors<br \/>\nIII. Xiquets<\/p>\n<p>3. Gran Fantas\u00eda Espa\u00f1ola de Ricardo Villa Gonz\u00e1lez<br \/>\n4. Tarde de Abril-Abencerrajes de Amando Blanquer Ponsoda<br \/>\n5. X\u00faquer de Jos\u00e9 Grau Benedito<\/p>\n<p>I. Andante \u2013 Allegro<br \/>\nII. Andante religi\u00f3s \u2013 Allegro<\/p>\n<p>6. Centenari de J. Salvador Gonz\u00e1lez Moreno<\/p>\n","protected":false},"featured_media":20109,"template":"","meta":[],"product_brand":[],"product_cat":[404,587],"product_tag":[],"class_list":{"0":"post-59123","1":"product","2":"type-product","3":"status-publish","4":"has-post-thumbnail","6":"product_cat-discos","7":"product_cat-jove-banda-simfonica-de-la-fsmcv","9":"first","10":"outofstock","11":"taxable","12":"shipping-taxable","13":"purchasable","14":"product-type-simple"},"_links":{"self":[{"href":"https:\/\/fsmcv.org\/vl\/wp-json\/wp\/v2\/product\/59123","targetHints":{"allow":["GET"]}}],"collection":[{"href":"https:\/\/fsmcv.org\/vl\/wp-json\/wp\/v2\/product"}],"about":[{"href":"https:\/\/fsmcv.org\/vl\/wp-json\/wp\/v2\/types\/product"}],"wp:featuredmedia":[{"embeddable":true,"href":"https:\/\/fsmcv.org\/vl\/wp-json\/wp\/v2\/media\/20109"}],"wp:attachment":[{"href":"https:\/\/fsmcv.org\/vl\/wp-json\/wp\/v2\/media?parent=59123"}],"wp:term":[{"taxonomy":"product_brand","embeddable":true,"href":"https:\/\/fsmcv.org\/vl\/wp-json\/wp\/v2\/product_brand?post=59123"},{"taxonomy":"product_cat","embeddable":true,"href":"https:\/\/fsmcv.org\/vl\/wp-json\/wp\/v2\/product_cat?post=59123"},{"taxonomy":"product_tag","embeddable":true,"href":"https:\/\/fsmcv.org\/vl\/wp-json\/wp\/v2\/product_tag?post=59123"}],"curies":[{"name":"wp","href":"https:\/\/api.w.org\/{rel}","templated":true}]}}