{"id":59127,"date":"2022-09-06T12:49:34","date_gmt":"2022-09-06T10:49:34","guid":{"rendered":"https:\/\/fsmcv.org\/?post_type=product&#038;p=59127"},"modified":"2023-06-18T12:20:20","modified_gmt":"2023-06-18T10:20:20","slug":"cd-jove-banda-simfonica-de-la-fsmcv-temporada-2013","status":"publish","type":"product","link":"https:\/\/fsmcv.org\/vl\/tenda\/discos\/jove-banda-simfonica-de-la-fsmcv\/cd-jove-banda-simfonica-de-la-fsmcv-temporada-2013\/","title":{"rendered":"CD Jove Banda Simf\u00f2nica de la FSMCV \u2013 Temporada 2013"},"content":{"rendered":"<p><strong>DISC I<\/strong><\/p>\n<p>Cont\u00e9:<\/p>\n<p>1. Los Barbas (pasodoble) de Ferrer Ferran<br \/>\n2. Estructuras Sinf\u00f3nicas de B. Adam Ferrero<br \/>\n3. Bestiarium (Suite for Symphonic Band)<br \/>\nTirannosaurus Rex de Ferrer Ferran<br \/>\nCharlie, el Camale\u00f3n de Luis Serrano Alarc\u00f3n<br \/>\nLa Mosca de Oscar Navarro<br \/>\n4. Any d\u2019Alferes (marcha mora) de Amando Blanquer<br \/>\n5. Danzas Alicantinas de B. Adam Ferrero<\/p>\n<p>I Ja te n\u2019has anat<br \/>\nII Baile de ceremonia<br \/>\nIII Du\u00e9rmete, mi ni\u00f1a<br \/>\nIV Una huela y un huelo<br \/>\nV Jota de Ibi-Castalla<\/p>\n<p>6. Villener\u00edas (pasodoble) de Pedro J. Franc\u00e9s Sanju\u00e1n<br \/>\n7. Portillo Andaluz de Juan M. Molina Mill\u00e1<\/p>\n<p>I Evocando<br \/>\nII En el tablao<br \/>\nIII Zapateado<\/p>\n<p>8. Tico Tico de Zequinha Abreu \u2013 Arr: Naohiro Iwai<\/p>\n","protected":false},"excerpt":{"rendered":"<p>Jove Banda Simf\u00f2nica de la FSMCV \u2013 Temporada 2013<\/p>\n<p><strong>Director:<\/strong> Rafael Garrig\u00f3s Garc\u00eda<\/p>\n<p><strong>DISC I<\/strong><\/p>\n<p>Cont\u00e9:<\/p>\n<p>1. Los Barbas (pasodoble) de Ferrer Ferran<br \/>\n2. Estructuras Sinf\u00f3nicas de B. Adam Ferrero<br \/>\n3. Bestiarium (Suite for Symphonic Band)<br \/>\nTirannosaurus Rex de Ferrer Ferran<br \/>\nCharlie, el Camale\u00f3n de Luis Serrano Alarc\u00f3n<br \/>\nLa Mosca de Oscar Navarro<br \/>\n4. Any d\u2019Alferes (marcha mora) de Amando Blanquer<br \/>\n5. Danzas Alicantinas de B. Adam Ferrero<\/p>\n<p>I Ja te n\u2019has anat<br \/>\nII Baile de ceremonia<br \/>\nIII Du\u00e9rmete, mi ni\u00f1a<br \/>\nIV Una huela y un huelo<br \/>\nV Jota de Ibi-Castalla<\/p>\n<p>6. Villener\u00edas (pasodoble) de Pedro J. Franc\u00e9s Sanju\u00e1n<br \/>\n7. Portillo Andaluz de Juan M. Molina Mill\u00e1<\/p>\n<p>I Evocando<br \/>\nII En el tablao<br \/>\nIII Zapateado<\/p>\n<p>8. Tico Tico de Zequinha Abreu \u2013 Arr: Naohiro Iwai<\/p>\n","protected":false},"featured_media":20105,"template":"","meta":[],"product_brand":[],"product_cat":[404,587],"product_tag":[],"class_list":{"0":"post-59127","1":"product","2":"type-product","3":"status-publish","4":"has-post-thumbnail","6":"product_cat-discos","7":"product_cat-jove-banda-simfonica-de-la-fsmcv","9":"first","10":"outofstock","11":"taxable","12":"shipping-taxable","13":"purchasable","14":"product-type-simple"},"_links":{"self":[{"href":"https:\/\/fsmcv.org\/vl\/wp-json\/wp\/v2\/product\/59127","targetHints":{"allow":["GET"]}}],"collection":[{"href":"https:\/\/fsmcv.org\/vl\/wp-json\/wp\/v2\/product"}],"about":[{"href":"https:\/\/fsmcv.org\/vl\/wp-json\/wp\/v2\/types\/product"}],"wp:featuredmedia":[{"embeddable":true,"href":"https:\/\/fsmcv.org\/vl\/wp-json\/wp\/v2\/media\/20105"}],"wp:attachment":[{"href":"https:\/\/fsmcv.org\/vl\/wp-json\/wp\/v2\/media?parent=59127"}],"wp:term":[{"taxonomy":"product_brand","embeddable":true,"href":"https:\/\/fsmcv.org\/vl\/wp-json\/wp\/v2\/product_brand?post=59127"},{"taxonomy":"product_cat","embeddable":true,"href":"https:\/\/fsmcv.org\/vl\/wp-json\/wp\/v2\/product_cat?post=59127"},{"taxonomy":"product_tag","embeddable":true,"href":"https:\/\/fsmcv.org\/vl\/wp-json\/wp\/v2\/product_tag?post=59127"}],"curies":[{"name":"wp","href":"https:\/\/api.w.org\/{rel}","templated":true}]}}