{"id":59131,"date":"2022-09-06T13:04:11","date_gmt":"2022-09-06T11:04:11","guid":{"rendered":"https:\/\/fsmcv.org\/?post_type=product&#038;p=59131"},"modified":"2023-06-18T09:10:35","modified_gmt":"2023-06-18T07:10:35","slug":"cd-mediterranew-musix-comunitat-valenciana","status":"publish","type":"product","link":"https:\/\/fsmcv.org\/vl\/tenda\/discos\/societats-musicals\/cd-mediterranew-musix-comunitat-valenciana\/","title":{"rendered":"CD Mediterranew Musix &#8211; Comunitat Valenciana"},"content":{"rendered":"<p><strong>DISC I<\/strong><\/p>\n<p>Cont\u00e9:<\/p>\n<p>1. CHIMO de Jos\u00e9 M\u00aa Ferrero Pastor<br \/>\n2. CREU D\u00b4ARSUF de Jos\u00e9 Rafael Pascual \u2013 Vilaplana<br \/>\n3. GAUDIUM ! de Ram\u00f3n Garc\u00eda i Soler<br \/>\n4. JARDIN DEL TURIA de Pablo Bas<br \/>\n5. INVICTUS de Miquel Morales<br \/>\n6. CID de Pedro Joaqu\u00edn Franc\u00e9s Sanju\u00e1n<br \/>\n7. HABIBI de Alfredo Anduix Rodr\u00edguez<br \/>\n8. MAGDALENA 1990 de Francisco Signes Castell\u00f3<br \/>\n9. L\u00b4ARBRE BLANC de Pere Vicalet<br \/>\n10. A QUICK VISIT TO SPAIN:<br \/>\n10.1. ZAFIR de Azael Tormo<br \/>\n10.2. VICTORUM de Frank Cogollos<br \/>\n10.3. ANDALUSIAN DANCE de Jos\u00e9 Ram\u00f3n Rico<br \/>\n10.4. AIRES A CATALUNYA de Ignasi Revert\u00e9<br \/>\n10.5. DESDE LOS \u00c1NGELES de Sara Galiana<br \/>\n10.6. CAPILLA de David G\u00f3mez<br \/>\n10.7. CELTIC DANS de David Rivas<br \/>\n10.8. EL TEMPLETE de Guillermo Ruano<\/p>\n","protected":false},"excerpt":{"rendered":"<p>Mediterranew Musix &#8211; Comunitat Valenciana<\/p>\n<p><strong>DISC I<\/strong><\/p>\n<p>Cont\u00e9:<\/p>\n<p>1. CHIMO de Jos\u00e9 M\u00aa Ferrero Pastor<br \/>\n2. CREU D\u00b4ARSUF de Jos\u00e9 Rafael Pascual \u2013 Vilaplana<br \/>\n3. GAUDIUM ! de Ram\u00f3n Garc\u00eda i Soler<br \/>\n4. JARDIN DEL TURIA de Pablo Bas<br \/>\n5. INVICTUS de Miquel Morales<br \/>\n6. CID de Pedro Joaqu\u00edn Franc\u00e9s Sanju\u00e1n<br \/>\n7. HABIBI de Alfredo Anduix Rodr\u00edguez<br \/>\n8. MAGDALENA 1990 de Francisco Signes Castell\u00f3<br \/>\n9. L\u00b4ARBRE BLANC de Pere Vicalet<br \/>\n10. A QUICK VISIT TO SPAIN:<br \/>\n10.1. ZAFIR de Azael Tormo<br \/>\n10.2. VICTORUM de Frank Cogollos<br \/>\n10.3. ANDALUSIAN DANCE de Jos\u00e9 Ram\u00f3n Rico<br \/>\n10.4. AIRES A CATALUNYA de Ignasi Revert\u00e9<br \/>\n10.5. DESDE LOS \u00c1NGELES de Sara Galiana<br \/>\n10.6. CAPILLA de David G\u00f3mez<br \/>\n10.7. CELTIC DANS de David Rivas<br \/>\n10.8. EL TEMPLETE de Guillermo Ruano<\/p>\n","protected":false},"featured_media":20085,"template":"","meta":[],"product_brand":[],"product_cat":[404,588],"product_tag":[],"class_list":{"0":"post-59131","1":"product","2":"type-product","3":"status-publish","4":"has-post-thumbnail","6":"product_cat-discos","7":"product_cat-societats-musicals","9":"first","10":"outofstock","11":"taxable","12":"shipping-taxable","13":"purchasable","14":"product-type-simple"},"_links":{"self":[{"href":"https:\/\/fsmcv.org\/vl\/wp-json\/wp\/v2\/product\/59131","targetHints":{"allow":["GET"]}}],"collection":[{"href":"https:\/\/fsmcv.org\/vl\/wp-json\/wp\/v2\/product"}],"about":[{"href":"https:\/\/fsmcv.org\/vl\/wp-json\/wp\/v2\/types\/product"}],"wp:featuredmedia":[{"embeddable":true,"href":"https:\/\/fsmcv.org\/vl\/wp-json\/wp\/v2\/media\/20085"}],"wp:attachment":[{"href":"https:\/\/fsmcv.org\/vl\/wp-json\/wp\/v2\/media?parent=59131"}],"wp:term":[{"taxonomy":"product_brand","embeddable":true,"href":"https:\/\/fsmcv.org\/vl\/wp-json\/wp\/v2\/product_brand?post=59131"},{"taxonomy":"product_cat","embeddable":true,"href":"https:\/\/fsmcv.org\/vl\/wp-json\/wp\/v2\/product_cat?post=59131"},{"taxonomy":"product_tag","embeddable":true,"href":"https:\/\/fsmcv.org\/vl\/wp-json\/wp\/v2\/product_tag?post=59131"}],"curies":[{"name":"wp","href":"https:\/\/api.w.org\/{rel}","templated":true}]}}