{"id":62404,"date":"2023-02-21T09:58:33","date_gmt":"2023-02-21T08:58:33","guid":{"rendered":"https:\/\/fsmcv.org\/?post_type=product&#038;p=62404"},"modified":"2023-06-18T13:03:42","modified_gmt":"2023-06-18T11:03:42","slug":"cd-a-que-sona-la-nostra-terra","status":"publish","type":"product","link":"https:\/\/fsmcv.org\/vl\/tenda\/discos\/jove-banda-simfonica-de-la-fsmcv\/cd-a-que-sona-la-nostra-terra\/","title":{"rendered":"CD A qu\u00e8 sona la nostra terra? VOL.1"},"content":{"rendered":"<p><strong>DISC I<\/strong><\/p>\n<p>Cont\u00e9:<\/p>\n<p>1. VALENCIA de Jos\u00e9 Padilla<br \/>\n2. LO CANT DEL VALENCI\u00c0 de Pedro Sosa L\u00f3pez<br \/>\n3. L&#8217;ENTR\u00c0 DE LA MURTA de Salvador Giner<br \/>\n4. ROTLLO I CANYA de Jos\u00e9 Garc\u00eda G\u00f3mez<br \/>\n5. EL FALLERO de Jos\u00e9 Serrano<br \/>\n6. LES FOGUERES DE SANT JOAN de Luis Torregrosa Garc\u00eda<br \/>\n7. PAQUITO EL CHOCOLATERO de Gustavo Pascual Falc\u00f3<br \/>\n8. CHIMO de Jos\u00e9 M\u00aa Ferrero Pastor<br \/>\n9. ALELUYA de Amando Blanquer Ponsoda<br \/>\n10. AMPARITO ROCA de Jaime Teixidor Dalmau<br \/>\n11. LA FLOR DEL TARONGER de Miguel Asins Arb\u00f3<br \/>\n12. AIRES LLEVANTINS de Bernab\u00e9 Sanch\u00eds Porta<\/p>\n<p>Director: Rafa Garc\u00eda Vidal<\/p>\n","protected":false},"excerpt":{"rendered":"<p>A qu\u00e8 sona la nostra terra? VOL.1<\/p>\n<p><strong>Director:<\/strong> Rafa Garc\u00eda Vidal<\/p>\n<p>Interpretat per la Jove Banda Simf\u00f2nica de la FSMCV.<\/p>\n<p><strong>DISC I<\/strong><\/p>\n<p>Cont\u00e9:<\/p>\n<p>1. VALENCIA de Jos\u00e9 Padilla<br \/>\n2. LO CANT DEL VALENCI\u00c0 de Pedro Sosa L\u00f3pez<br \/>\n3. L&#8217;ENTR\u00c0 DE LA MURTA de Salvador Giner<br \/>\n4. ROTLLO I CANYA de Jos\u00e9 Garc\u00eda G\u00f3mez<br \/>\n5. EL FALLERO de Jos\u00e9 Serrano<br \/>\n6. LES FOGUERES DE SANT JOAN de Luis Torregrosa Garc\u00eda<br \/>\n7. PAQUITO EL CHOCOLATERO de Gustavo Pascual Falc\u00f3<br \/>\n8. CHIMO de Jos\u00e9 M\u00aa Ferrero Pastor<br \/>\n9. ALELUYA de Amando Blanquer Ponsoda<br \/>\n10. AMPARITO ROCA de Jaime Teixidor Dalmau<br \/>\n11. LA FLOR DEL TARONGER de Miguel Asins Arb\u00f3<br \/>\n12. AIRES LLEVANTINS de Bernab\u00e9 Sanch\u00eds Porta<\/p>\n","protected":false},"featured_media":60388,"template":"","meta":[],"product_brand":[],"product_cat":[404,587],"product_tag":[],"class_list":{"0":"post-62404","1":"product","2":"type-product","3":"status-publish","4":"has-post-thumbnail","6":"product_cat-discos","7":"product_cat-jove-banda-simfonica-de-la-fsmcv","9":"first","10":"instock","11":"featured","12":"taxable","13":"shipping-taxable","14":"purchasable","15":"product-type-simple"},"_links":{"self":[{"href":"https:\/\/fsmcv.org\/vl\/wp-json\/wp\/v2\/product\/62404","targetHints":{"allow":["GET"]}}],"collection":[{"href":"https:\/\/fsmcv.org\/vl\/wp-json\/wp\/v2\/product"}],"about":[{"href":"https:\/\/fsmcv.org\/vl\/wp-json\/wp\/v2\/types\/product"}],"wp:featuredmedia":[{"embeddable":true,"href":"https:\/\/fsmcv.org\/vl\/wp-json\/wp\/v2\/media\/60388"}],"wp:attachment":[{"href":"https:\/\/fsmcv.org\/vl\/wp-json\/wp\/v2\/media?parent=62404"}],"wp:term":[{"taxonomy":"product_brand","embeddable":true,"href":"https:\/\/fsmcv.org\/vl\/wp-json\/wp\/v2\/product_brand?post=62404"},{"taxonomy":"product_cat","embeddable":true,"href":"https:\/\/fsmcv.org\/vl\/wp-json\/wp\/v2\/product_cat?post=62404"},{"taxonomy":"product_tag","embeddable":true,"href":"https:\/\/fsmcv.org\/vl\/wp-json\/wp\/v2\/product_tag?post=62404"}],"curies":[{"name":"wp","href":"https:\/\/api.w.org\/{rel}","templated":true}]}}