{"id":65901,"date":"2022-09-21T18:15:02","date_gmt":"2022-09-21T16:15:02","guid":{"rendered":"https:\/\/fsmcv.org\/tienda\/uncategorized\/partitura-benafarrez\/"},"modified":"2023-06-18T13:02:03","modified_gmt":"2023-06-18T11:02:03","slug":"partitura-benafarrez","status":"publish","type":"product","link":"https:\/\/fsmcv.org\/vl\/tenda\/partitures\/obres-pedagogiques\/partitura-benafarrez\/","title":{"rendered":"Partitura Benafarrez"},"content":{"rendered":"<p><em>Obra composta per a la III Trobada d&#8217;Escoles de M\u00fasica de la comarca de l&#8217;Alcoi\u00e0-Comtat de la FSMCV. Beniarr\u00e9s, 2008.<\/em><\/p>\n<p>Es tracta d&#8217;una Marxa Cristiana dedicada a la Uni\u00f3 Musical de Beniarr\u00e9s amb una duraci\u00f3 de 2,40 minuts.<\/p>\n<p>Pot triar entre <strong>format f\u00edsic<\/strong> o <strong>format digital<\/strong> (descargable). L&#8217;obra en format digital ha sigut editada per la Federaci\u00f3 de Societats Musicals de la Comunitat Valenciana.<\/p>\n","protected":false},"excerpt":{"rendered":"<p>BENAFARREZ: Obra pedag\u00f2gica composta per <strong> D. Eduard Terol i Botella.<\/strong><\/p>\n<p>Pot triar entre <strong>format f\u00edsic<\/strong> o <strong>format digital<\/strong> (descargable).<\/p>\n","protected":false},"featured_media":60993,"template":"","meta":[],"product_brand":[],"product_cat":[591,405],"product_tag":[],"class_list":{"0":"post-65901","1":"product","2":"type-product","3":"status-publish","4":"has-post-thumbnail","6":"product_cat-obres-pedagogiques","7":"product_cat-partitures","8":"pa_formato-digital-descarregable","9":"pa_formato-fisic-digital","11":"first","12":"instock","13":"taxable","14":"shipping-taxable","15":"purchasable","16":"product-type-variable","17":"has-default-attributes"},"_links":{"self":[{"href":"https:\/\/fsmcv.org\/vl\/wp-json\/wp\/v2\/product\/65901","targetHints":{"allow":["GET"]}}],"collection":[{"href":"https:\/\/fsmcv.org\/vl\/wp-json\/wp\/v2\/product"}],"about":[{"href":"https:\/\/fsmcv.org\/vl\/wp-json\/wp\/v2\/types\/product"}],"wp:featuredmedia":[{"embeddable":true,"href":"https:\/\/fsmcv.org\/vl\/wp-json\/wp\/v2\/media\/60993"}],"wp:attachment":[{"href":"https:\/\/fsmcv.org\/vl\/wp-json\/wp\/v2\/media?parent=65901"}],"wp:term":[{"taxonomy":"product_brand","embeddable":true,"href":"https:\/\/fsmcv.org\/vl\/wp-json\/wp\/v2\/product_brand?post=65901"},{"taxonomy":"product_cat","embeddable":true,"href":"https:\/\/fsmcv.org\/vl\/wp-json\/wp\/v2\/product_cat?post=65901"},{"taxonomy":"product_tag","embeddable":true,"href":"https:\/\/fsmcv.org\/vl\/wp-json\/wp\/v2\/product_tag?post=65901"}],"curies":[{"name":"wp","href":"https:\/\/api.w.org\/{rel}","templated":true}]}}