{"id":65904,"date":"2022-09-21T18:12:40","date_gmt":"2022-09-21T16:12:40","guid":{"rendered":"https:\/\/fsmcv.org\/tienda\/uncategorized\/partitura-murum\/"},"modified":"2023-06-18T13:00:33","modified_gmt":"2023-06-18T11:00:33","slug":"partitura-murum","status":"publish","type":"product","link":"https:\/\/fsmcv.org\/vl\/tenda\/partitures\/obres-per-a-banda-simfonica\/partitura-murum\/","title":{"rendered":"Partitura Murum"},"content":{"rendered":"<p>Notes de l&#8217;autor:<\/p>\n<p>Aquest t\u00edtol \u00e9s una de les denominacions \u00e0rabs que s&#8217;han trobat del meu poble, Muro. El seu significat seria &#8220;encreuament de camins&#8221;. En una Trobada d&#8217;Escoles de M\u00fasica com la que es va celebrar a Muro el dia 19 de setembre de 2009, molts camins de vida de molta gent es van creuar per primera vegada. El millor que es podia oferir era all\u00f2 que \u00e9s m\u00e9s nostre, la nostra m\u00fasica, la que hem escoltat d&#8217;avis i pares, i la que cantem als nostres fills. All\u00f2 que fa sentir-nos prop de la terra on hem obert els ulls i que, sense fer-nos m\u00e9s especials que uns altres, ens fa estimar la nostra llar i sentir-nos orgullosos d&#8217;ella.<\/p>\n<p>Les melodies creuades de Serra de Mariola, El tio Pep, L\u00b4Aurora de Muro, l\u00b4Himne a Muro, l\u00b4*Himne a la Mare de D\u00e9u dels Desemparats, els Danses del Palau de la Senyoria o L\u00b4Asguinaldo esdevenen germen d&#8217;una partitura que vol servir d&#8217;acolliment a qui ens escolta, com un caleidoscopi sonor de tot all\u00f2 que els de Muro hem escoltat i que sembla un bressol musical per a acollir a qui ens visita.<\/p>\n<p>L&#8217;obra est\u00e0 dedicada a la Banda Juvenil de la Uni\u00f3 Musical de Muro, una entitat plena d&#8217;il\u00b7lusions i de tendresa on tots els que estimem la m\u00fasica del nostre poble depositem tanta esperan\u00e7a i emocions.<\/p>\n","protected":false},"excerpt":{"rendered":"<p>MURUM: Obra pedag\u00f2gica composta per <strong> D. Jos\u00e9 Rafael Pascual &#8211; Vilaplana.<\/strong><\/p>\n<p><em>Obra composta per a la IV Trobada d&#8217;Escoles de M\u00fasica de la comarca de l&#8217;Alcoi\u00e0-Comtat de la FSMCV. Muro, 2009.<\/em><\/p>\n<p>Rapsodia Murera dedicada als amics de la Banda Juvenil de la Uni\u00f3 Musical de Muro.<\/p>\n<p>&nbsp;<\/p>\n<p>&nbsp;<\/p>\n","protected":false},"featured_media":60995,"template":"","meta":[],"product_brand":[],"product_cat":[589,405],"product_tag":[],"class_list":{"0":"post-65904","1":"product","2":"type-product","3":"status-publish","4":"has-post-thumbnail","6":"product_cat-obres-per-a-banda-simfonica","7":"product_cat-partitures","8":"pa_formato-digital-descarregable","9":"pa_formato-fisic-digital","11":"first","12":"instock","13":"taxable","14":"shipping-taxable","15":"purchasable","16":"product-type-variable","17":"has-default-attributes"},"_links":{"self":[{"href":"https:\/\/fsmcv.org\/vl\/wp-json\/wp\/v2\/product\/65904","targetHints":{"allow":["GET"]}}],"collection":[{"href":"https:\/\/fsmcv.org\/vl\/wp-json\/wp\/v2\/product"}],"about":[{"href":"https:\/\/fsmcv.org\/vl\/wp-json\/wp\/v2\/types\/product"}],"wp:featuredmedia":[{"embeddable":true,"href":"https:\/\/fsmcv.org\/vl\/wp-json\/wp\/v2\/media\/60995"}],"wp:attachment":[{"href":"https:\/\/fsmcv.org\/vl\/wp-json\/wp\/v2\/media?parent=65904"}],"wp:term":[{"taxonomy":"product_brand","embeddable":true,"href":"https:\/\/fsmcv.org\/vl\/wp-json\/wp\/v2\/product_brand?post=65904"},{"taxonomy":"product_cat","embeddable":true,"href":"https:\/\/fsmcv.org\/vl\/wp-json\/wp\/v2\/product_cat?post=65904"},{"taxonomy":"product_tag","embeddable":true,"href":"https:\/\/fsmcv.org\/vl\/wp-json\/wp\/v2\/product_tag?post=65904"}],"curies":[{"name":"wp","href":"https:\/\/api.w.org\/{rel}","templated":true}]}}