{"id":65947,"date":"2022-09-21T18:09:37","date_gmt":"2022-09-21T16:09:37","guid":{"rendered":"https:\/\/fsmcv.org\/tienda\/uncategorized\/partitura-scachs-damor-el-triomf\/"},"modified":"2022-09-21T18:09:37","modified_gmt":"2022-09-21T16:09:37","slug":"partitura-scachs-damor-el-triomf","status":"publish","type":"product","link":"https:\/\/fsmcv.org\/vl\/tenda\/partitures\/obres-pedagogiques\/partitura-scachs-damor-el-triomf\/","title":{"rendered":"Partitura Scachs d&#8217;Amor &#8211; El Triomf"},"content":{"rendered":"<p>Notes de l&#8217;autor:<\/p>\n<p>Els antecedents de l&#8217;obra es remunten a l&#8217;any 1986, quan el gran mestre i campi\u00f3 del m\u00f3n -el jugador d&#8217;escacs rus- Gary Kasp\u00e1rov, va visitar Alcoi convidat pel seu amic -el mestre jugador d&#8217;escacs i alcoi\u00e0- Ricardo Calvo M\u00ednguez, qui va investigar i va divulgar el poema \u201cScachs d&#8217; Amor\u201d.<\/p>\n<p>Es van realitzar unes partides simult\u00e0nies i es va muntar un espectacle escenificat del poema, participant en el mateix el Teatre Estable La Cassola, sota la direcci\u00f3 de Jaume Bordera, vestuari d&#8217;Alejandro Soler, actuant com a actor el pintor Manolo Arjona, amb la coreografia d&#8217;Ana Calvo i l&#8217;acompanyament musical a c\u00e0rrec de membres de la Corporaci\u00f3 Musical Primitiva, sota la direcci\u00f3 de Gregorio Casasempere Gisbert, interpretant obres pr\u00f2pies i tamb\u00e9 d&#8217;altres compositors com Monteverdi, Praetorius, Susato, Poulenc, Warlok.<\/p>\n<p>El poema Scachs d&#8217; amor va ser escrit en 1475 per Franc\u00ed de Castelv\u00ed, Narc\u00eds Vinyoles i Mossen Fenollar, es tracta d&#8217;una obra dram\u00e0tica en vers i llengua valenciana, els personatges de la qual Mart i Venus juguen una partida d&#8217;escacs sota els consells de Mercuri. L&#8217;obra \u00e9s una joia liter\u00e0ria de l&#8217;anomenat segle d&#8217;or valenci\u00e0, representa en s\u00ed una fita hist\u00f2rica, ja que \u00e9s la primera vegada que apareix en el tauler del joc la figura de la Dama -tamb\u00e9 anomenada Reina- donant amb aix\u00f2 al naixement dels escacs moderns.<\/p>\n<p>L&#8217;any 2008 es va dur a terme a Alcoi un homenatge a la mem\u00f2ria de Ricardo Calvo i per a aix\u00f2 -entre altres actes- es va crear i va representar una nova i original posada en escena de l&#8217;obra a c\u00e0rrec d&#8217;actors i el ballet Gawazi sota la direcci\u00f3 i coreografia d&#8217;Ana Calvo, per a aix\u00f2 vaig compondre 24 peces en estil antic amb tocates, basse danses, pavanas, sarabandes, tourdions&#8230; dins d&#8217;una est\u00e8tica ecl\u00e8ctica, conformant-se aquesta m\u00fasica incidental en la instrumentaci\u00f3 per a Flautes, Obo\u00e9s, Trompes Trompetes, Trombons i Percussi\u00f3, l&#8217;obra es va estrenar el 9 d&#8217;Octubre del 2008 en el Cercle Industrial.<\/p>\n<p>L&#8217;\u00faltima pe\u00e7a de l&#8217;obra titulada &#8220;El Triomf&#8217; la vaig adaptar i va ser instrumentada per a Banda amb motiu de la VIII Trobada d&#8217;Escoles de M\u00fasica de l &#8216;Alcoia i el Comptat que es va celebrar a Alcoi l&#8217;any 2016, que es va interpretar per tots els assistents a la trobada.<\/p>\n","protected":false},"excerpt":{"rendered":"<p>SCACHS D\u00b4AMOR &#8211; EL TRIOMF: Obra pedag\u00f2gica composta per <strong> D. Gregorio Casasempere Gisbert.<\/strong><\/p>\n<p><em>Obra composta per a la VIII Trobada d&#8217;Escoles de M\u00fasica de la comarca de l&#8217;Alcoi\u00e0-Comtat de la FSMCV. Alcoi, 2016.<\/em><\/p>\n<p>Duraci\u00f3 aproximada: 3,30 mins.<\/p>\n<p>&nbsp;<\/p>\n","protected":false},"featured_media":57962,"template":"","meta":[],"product_brand":[],"product_cat":[591,405],"product_tag":[],"class_list":{"0":"post-65947","1":"product","2":"type-product","3":"status-publish","4":"has-post-thumbnail","6":"product_cat-obres-pedagogiques","7":"product_cat-partitures","8":"pa_formato-digital-descarregable","9":"pa_formato-fisic-digital","11":"first","12":"instock","13":"taxable","14":"shipping-taxable","15":"purchasable","16":"product-type-variable","17":"has-default-attributes"},"_links":{"self":[{"href":"https:\/\/fsmcv.org\/vl\/wp-json\/wp\/v2\/product\/65947","targetHints":{"allow":["GET"]}}],"collection":[{"href":"https:\/\/fsmcv.org\/vl\/wp-json\/wp\/v2\/product"}],"about":[{"href":"https:\/\/fsmcv.org\/vl\/wp-json\/wp\/v2\/types\/product"}],"wp:featuredmedia":[{"embeddable":true,"href":"https:\/\/fsmcv.org\/vl\/wp-json\/wp\/v2\/media\/57962"}],"wp:attachment":[{"href":"https:\/\/fsmcv.org\/vl\/wp-json\/wp\/v2\/media?parent=65947"}],"wp:term":[{"taxonomy":"product_brand","embeddable":true,"href":"https:\/\/fsmcv.org\/vl\/wp-json\/wp\/v2\/product_brand?post=65947"},{"taxonomy":"product_cat","embeddable":true,"href":"https:\/\/fsmcv.org\/vl\/wp-json\/wp\/v2\/product_cat?post=65947"},{"taxonomy":"product_tag","embeddable":true,"href":"https:\/\/fsmcv.org\/vl\/wp-json\/wp\/v2\/product_tag?post=65947"}],"curies":[{"name":"wp","href":"https:\/\/api.w.org\/{rel}","templated":true}]}}