{"id":65950,"date":"2022-09-21T18:07:21","date_gmt":"2022-09-21T16:07:21","guid":{"rendered":"https:\/\/fsmcv.org\/tienda\/uncategorized\/partitura-aniversari-socarrat\/"},"modified":"2023-06-18T12:57:28","modified_gmt":"2023-06-18T10:57:28","slug":"partitura-aniversari-socarrat","status":"publish","type":"product","link":"https:\/\/fsmcv.org\/vl\/tenda\/partitures\/obres-pedagogiques\/partitura-aniversari-socarrat\/","title":{"rendered":"Partitura Aniversari Socarrat"},"content":{"rendered":"","protected":false},"excerpt":{"rendered":"<p>ANIVERSARI SOCARRAT: Obra pedag\u00f2gica composta per <strong> D. Francisco Valor Lloren\u00e7.<\/strong><\/p>\n<p><em>Obra composta per a la II Trobada d&#8217;Escoles de M\u00fasica de la comarca de l Alcoi\u00e0-Comtat de la FSMCV. Cocentaina, 2007.<\/em><\/p>\n<p>Marxa Cristiana per a Banda Jove encarregada per a commemorar la 2\u00aa Trobada d&#8217;Escoles de M\u00fasica de l&#8217;Alcoi\u00e0-Comtat de l&#8217;any 2007.<\/p>\n<p>El material tem\u00e0tic de l&#8217;obra \u00e9s una variaci\u00f3 constant en forma de marxa de la t\u00edpica obra tradicional de Cocentaina, Tanin\u00e0.<\/p>\n","protected":false},"featured_media":62564,"template":"","meta":[],"product_brand":[],"product_cat":[591,405],"product_tag":[],"class_list":{"0":"post-65950","1":"product","2":"type-product","3":"status-publish","4":"has-post-thumbnail","6":"product_cat-obres-pedagogiques","7":"product_cat-partitures","8":"pa_formato-digital-descarregable","9":"pa_formato-fisic-digital","11":"first","12":"instock","13":"taxable","14":"shipping-taxable","15":"purchasable","16":"product-type-variable","17":"has-default-attributes"},"_links":{"self":[{"href":"https:\/\/fsmcv.org\/vl\/wp-json\/wp\/v2\/product\/65950","targetHints":{"allow":["GET"]}}],"collection":[{"href":"https:\/\/fsmcv.org\/vl\/wp-json\/wp\/v2\/product"}],"about":[{"href":"https:\/\/fsmcv.org\/vl\/wp-json\/wp\/v2\/types\/product"}],"wp:featuredmedia":[{"embeddable":true,"href":"https:\/\/fsmcv.org\/vl\/wp-json\/wp\/v2\/media\/62564"}],"wp:attachment":[{"href":"https:\/\/fsmcv.org\/vl\/wp-json\/wp\/v2\/media?parent=65950"}],"wp:term":[{"taxonomy":"product_brand","embeddable":true,"href":"https:\/\/fsmcv.org\/vl\/wp-json\/wp\/v2\/product_brand?post=65950"},{"taxonomy":"product_cat","embeddable":true,"href":"https:\/\/fsmcv.org\/vl\/wp-json\/wp\/v2\/product_cat?post=65950"},{"taxonomy":"product_tag","embeddable":true,"href":"https:\/\/fsmcv.org\/vl\/wp-json\/wp\/v2\/product_tag?post=65950"}],"curies":[{"name":"wp","href":"https:\/\/api.w.org\/{rel}","templated":true}]}}