{"id":65953,"date":"2022-09-21T18:05:35","date_gmt":"2022-09-21T16:05:35","guid":{"rendered":"https:\/\/fsmcv.org\/tienda\/uncategorized\/partitura-la-cirera-encanta\/"},"modified":"2023-06-18T12:56:36","modified_gmt":"2023-06-18T10:56:36","slug":"partitura-la-cirera-encanta","status":"publish","type":"product","link":"https:\/\/fsmcv.org\/vl\/tenda\/partitures\/obres-pedagogiques\/partitura-la-cirera-encanta\/","title":{"rendered":"Partitura La Cirera Encant\u00e0"},"content":{"rendered":"<p>Explicaci\u00f3 dels tres moviments:<\/p>\n<ul>\n<li>&#8220;El Vals de la Cirera&#8221; naix del mateix nom &#8220;CIRERA&#8221; agafant la &#8220;C&#8221; que ser\u00e0 el DO, la &#8220;I&#8221; que ser\u00e0 l&#8217;EL MEU, el &#8220;RE&#8221; que ser\u00e0 el RE, i la &#8220;A&#8221; que ser\u00e0 la nota LA. D&#8217;aquesta manera es crea una melodia en temps ternari.<\/li>\n<li>&#8220;*Els Gojos de Planes&#8221; s\u00f3n una forma de lit\u00fargia popular practicada en actes de devoci\u00f3 col\u00b7lectiva, que lloen les excel\u00b7l\u00e8ncies de la Verge, del nostre Senyor, o dels Sants, per\u00f2 sempre tractant-se d&#8217;una devoci\u00f3 concreta. El cant d&#8217;aquests gojos \u00e9s una de les pr\u00e0ctiques religioses m\u00e9s genu\u00efnes per a provindre del poble i va fer possible el manteniment de la llengua materna en els segles de la decad\u00e8ncia, ja que la quasi totalitat dels pobles de Catalunya i Val\u00e8ncia els adoraven amb vocaci\u00f3.<\/li>\n<li>&#8220;La Dans\u00e0&#8221; mescla el motiu principal del &#8220;Vals de la Cirera&#8221; amb el tema popular de Plans denominat &#8220;La Volta els Cinquens&#8221;. El compositor ha volgut mesclar ritmes de dansa amb la m\u00fasica popular, utilitzant els instruments tradicionals com el Tabal o les Castanyoles.<\/li>\n<\/ul>\n","protected":false},"excerpt":{"rendered":"<p>LA CIRERA ENCANT\u00c0: Obra pedag\u00f2gica composta per <strong> D. Juan Soler Sell\u00e9s.<\/strong><\/p>\n<p><em>Obra composta per a la IX Trobada d&#8217;Escoles de M\u00fasica de la comarca de l&#8217;Alcoi\u00e0-Comtat de la FSMCV. Planes, 2017.<\/em><\/p>\n<p>Aquesta obra aquesta basada en temes populars de Planes i de l&#8217;al voltant de la comarca.<\/p>\n<p>&#8220;La Cirera Encant\u00e0&#8221; consta d&#8217;una &#8220;Fanf\u00e0rria&#8221; i tres moviments, el primer \u00e9s el &#8220;Vals de la Cirera&#8221;, el segon moviment denominat &#8220;*Els Gojos de Planes&#8221; i el tercer moviment &#8220;La Dans\u00e0&#8221;.<\/p>\n<p>Projecte musical de car\u00e0cter multidisciplinari, on es conjuguen aspectes fonamentals de la M\u00fasica, en aquest cas M\u00fasica i Dansa, on un dels objectius principals ha sigut reflectir el patrimoni musical com els &#8220;Gojos de Planes&#8221;, g\u00e8nere po\u00e8tic d&#8217;arrel medieval que han confiat la seua superviv\u00e8ncia en la mem\u00f2ria col\u00b7lectiva.<\/p>\n<p>Sense deixar els motius i can\u00e7ons populars aquests tres moviments van units per xicotets fragments que provenen del tema popular &#8220;Serra de Mariola&#8221;.<\/p>\n","protected":false},"featured_media":62566,"template":"","meta":[],"product_brand":[],"product_cat":[591,405],"product_tag":[],"class_list":{"0":"post-65953","1":"product","2":"type-product","3":"status-publish","4":"has-post-thumbnail","6":"product_cat-obres-pedagogiques","7":"product_cat-partitures","8":"pa_formato-digital-descarregable","9":"pa_formato-fisic-digital","11":"first","12":"instock","13":"taxable","14":"shipping-taxable","15":"purchasable","16":"product-type-variable","17":"has-default-attributes"},"_links":{"self":[{"href":"https:\/\/fsmcv.org\/vl\/wp-json\/wp\/v2\/product\/65953","targetHints":{"allow":["GET"]}}],"collection":[{"href":"https:\/\/fsmcv.org\/vl\/wp-json\/wp\/v2\/product"}],"about":[{"href":"https:\/\/fsmcv.org\/vl\/wp-json\/wp\/v2\/types\/product"}],"wp:featuredmedia":[{"embeddable":true,"href":"https:\/\/fsmcv.org\/vl\/wp-json\/wp\/v2\/media\/62566"}],"wp:attachment":[{"href":"https:\/\/fsmcv.org\/vl\/wp-json\/wp\/v2\/media?parent=65953"}],"wp:term":[{"taxonomy":"product_brand","embeddable":true,"href":"https:\/\/fsmcv.org\/vl\/wp-json\/wp\/v2\/product_brand?post=65953"},{"taxonomy":"product_cat","embeddable":true,"href":"https:\/\/fsmcv.org\/vl\/wp-json\/wp\/v2\/product_cat?post=65953"},{"taxonomy":"product_tag","embeddable":true,"href":"https:\/\/fsmcv.org\/vl\/wp-json\/wp\/v2\/product_tag?post=65953"}],"curies":[{"name":"wp","href":"https:\/\/api.w.org\/{rel}","templated":true}]}}