{"id":65956,"date":"2022-09-21T18:01:05","date_gmt":"2022-09-21T16:01:05","guid":{"rendered":"https:\/\/fsmcv.org\/tienda\/uncategorized\/partitura-musica-a-lalqueria\/"},"modified":"2023-06-18T12:55:38","modified_gmt":"2023-06-18T10:55:38","slug":"partitura-musica-a-lalqueria","status":"publish","type":"product","link":"https:\/\/fsmcv.org\/vl\/tenda\/partitures\/obres-pedagogiques\/partitura-musica-a-lalqueria\/","title":{"rendered":"Partitura Musica a L&#8217;Alqueria"},"content":{"rendered":"<p>Notes de l&#8217;autor:<\/p>\n<p>Conscient de la import\u00e0ncia de les Escoles de M\u00fasica en el nostre teixit cultural, l&#8217;enc\u00e0rrec va ser un honor i una gran responsabilitat alhora.<\/p>\n<p>Al ser la primera vegada que es realitzaven aquestes trobades, el cam\u00ed encara era verge i totes les possibilitats estaven obertes. Calia fer una pe\u00e7a musical que pogueren interpretar tots els alumnes de les Escoles alhora i que, a m\u00e9s, fora apta per a desfilar: amb aquestes premisses la forma musical era quasi obligada. Una vegada decidit aquest aspecte, havia de pensar que la dificultat no fora un obstacle per a la seua interpretaci\u00f3, donat el poc temps d&#8217;assaig general amb el qual es comptava. Igualment, havia de pensar en una instrumentaci\u00f3 inclusiva per\u00f2 generosa.<\/p>\n<p>El resultat \u00e9s aquesta marxa, amb una fanf\u00e0rria inicial que servir\u00e0 tamb\u00e9 com a nexe amb el forta final on els dos elements tem\u00e0tics conviuen i es complementen, i, d&#8217;altra banda, un tema contrastant que impregna la composici\u00f3 de l&#8217;esperit de la trobada: germanor, gaudi i estudi.<\/p>\n","protected":false},"excerpt":{"rendered":"<p>MUSICA A L\u00b4ALQUERIA: Obra pedag\u00f2gica composta per <strong> D. \u00c0ngel Llu\u00eds Ferrando Morales.<\/strong><\/p>\n<p><em>Obra composta per a la I Trobada d&#8217;Escoles de M\u00fasica de la comarca de l&#8217;Alcoi\u00e0-Comtat de la FSMCV. L&#8217;Alqueria d&#8217;Asnar, 2006.<\/em><\/p>\n<p>Marxa amb una duraci\u00f3 aproximada de 3,30 mins.<\/p>\n","protected":false},"featured_media":47422,"template":"","meta":[],"product_brand":[],"product_cat":[591,405],"product_tag":[],"class_list":{"0":"post-65956","1":"product","2":"type-product","3":"status-publish","4":"has-post-thumbnail","6":"product_cat-obres-pedagogiques","7":"product_cat-partitures","8":"pa_formato-digital-descarregable","9":"pa_formato-fisic-digital","11":"first","12":"instock","13":"taxable","14":"shipping-taxable","15":"purchasable","16":"product-type-variable","17":"has-default-attributes"},"_links":{"self":[{"href":"https:\/\/fsmcv.org\/vl\/wp-json\/wp\/v2\/product\/65956","targetHints":{"allow":["GET"]}}],"collection":[{"href":"https:\/\/fsmcv.org\/vl\/wp-json\/wp\/v2\/product"}],"about":[{"href":"https:\/\/fsmcv.org\/vl\/wp-json\/wp\/v2\/types\/product"}],"wp:featuredmedia":[{"embeddable":true,"href":"https:\/\/fsmcv.org\/vl\/wp-json\/wp\/v2\/media\/47422"}],"wp:attachment":[{"href":"https:\/\/fsmcv.org\/vl\/wp-json\/wp\/v2\/media?parent=65956"}],"wp:term":[{"taxonomy":"product_brand","embeddable":true,"href":"https:\/\/fsmcv.org\/vl\/wp-json\/wp\/v2\/product_brand?post=65956"},{"taxonomy":"product_cat","embeddable":true,"href":"https:\/\/fsmcv.org\/vl\/wp-json\/wp\/v2\/product_cat?post=65956"},{"taxonomy":"product_tag","embeddable":true,"href":"https:\/\/fsmcv.org\/vl\/wp-json\/wp\/v2\/product_tag?post=65956"}],"curies":[{"name":"wp","href":"https:\/\/api.w.org\/{rel}","templated":true}]}}