{"id":65959,"date":"2022-09-21T17:59:22","date_gmt":"2022-09-21T15:59:22","guid":{"rendered":"https:\/\/fsmcv.org\/tienda\/uncategorized\/partitura-inventem-un-mon\/"},"modified":"2023-06-18T12:54:38","modified_gmt":"2023-06-18T10:54:38","slug":"partitura-inventem-un-mon","status":"publish","type":"product","link":"https:\/\/fsmcv.org\/vl\/tenda\/partitures\/obres-pedagogiques\/partitura-inventem-un-mon\/","title":{"rendered":"Partitura Inventem un M\u00f3n"},"content":{"rendered":"","protected":false},"excerpt":{"rendered":"<p>INVENTEM UN MON: Obra pedag\u00f2gica composta per <strong> D. Miquel Ferrandis i Gavara.<\/strong><\/p>\n<p><em>Obra guanyadora del PREMI ACC\u00c8SSIT del VII Concurs de Composici\u00f3 Did\u00e0ctica de la Prov\u00edncia d&#8217;Alacant per a Banda de M\u00fasica, organitzat per la Federaci\u00f3 de Societats Musicals de la Comunitat Valenciana i la Diputaci\u00f3 d&#8217;Alacant, 2021.<\/em><\/p>\n<p>&#8220;Inventem un m\u00f3n&#8221; \u00e9s un conte per a banda, narrador i cor de xiquets\/as amb el qual es vol fomentar la integraci\u00f3 i la inclusi\u00f3.<\/p>\n<p>Narra la hist\u00f2ria de An\u00e1s, un xiquet immigrant que pertany a una fam\u00edlia de refugiats que va haver de fugir del seu pa\u00eds. Quan An\u00e1s comen\u00e7a a anar a un col\u00b7legi on tot \u00e9s nou per a ell, se sent molt diferent. Per\u00f2 com els m\u00e9s xicotets tenen la sort de no tindre prejudicis, en con\u00e9ixer la hist\u00f2ria personal del seu nou company prompte ho accepten com un m\u00e9s, i comencen a pensar com canviar el m\u00f3n perqu\u00e8 tots tinguen els mateixos drets sense importar les difer\u00e8ncies culturals.<\/p>\n","protected":false},"featured_media":62568,"template":"","meta":[],"product_brand":[],"product_cat":[591,405],"product_tag":[],"class_list":{"0":"post-65959","1":"product","2":"type-product","3":"status-publish","4":"has-post-thumbnail","6":"product_cat-obres-pedagogiques","7":"product_cat-partitures","8":"pa_formato-digital-descarregable","9":"pa_formato-fisic-digital","11":"first","12":"instock","13":"taxable","14":"shipping-taxable","15":"purchasable","16":"product-type-variable","17":"has-default-attributes"},"_links":{"self":[{"href":"https:\/\/fsmcv.org\/vl\/wp-json\/wp\/v2\/product\/65959","targetHints":{"allow":["GET"]}}],"collection":[{"href":"https:\/\/fsmcv.org\/vl\/wp-json\/wp\/v2\/product"}],"about":[{"href":"https:\/\/fsmcv.org\/vl\/wp-json\/wp\/v2\/types\/product"}],"wp:featuredmedia":[{"embeddable":true,"href":"https:\/\/fsmcv.org\/vl\/wp-json\/wp\/v2\/media\/62568"}],"wp:attachment":[{"href":"https:\/\/fsmcv.org\/vl\/wp-json\/wp\/v2\/media?parent=65959"}],"wp:term":[{"taxonomy":"product_brand","embeddable":true,"href":"https:\/\/fsmcv.org\/vl\/wp-json\/wp\/v2\/product_brand?post=65959"},{"taxonomy":"product_cat","embeddable":true,"href":"https:\/\/fsmcv.org\/vl\/wp-json\/wp\/v2\/product_cat?post=65959"},{"taxonomy":"product_tag","embeddable":true,"href":"https:\/\/fsmcv.org\/vl\/wp-json\/wp\/v2\/product_tag?post=65959"}],"curies":[{"name":"wp","href":"https:\/\/api.w.org\/{rel}","templated":true}]}}