{"id":66115,"date":"2022-09-21T17:52:47","date_gmt":"2022-09-21T15:52:47","guid":{"rendered":"https:\/\/fsmcv.org\/tienda\/uncategorized\/partitura-alhambra-el-ultimo-reino\/"},"modified":"2023-06-18T12:52:44","modified_gmt":"2023-06-18T10:52:44","slug":"partitura-alhambra-el-ultimo-reino","status":"publish","type":"product","link":"https:\/\/fsmcv.org\/vl\/tenda\/partitures\/obres-per-a-banda-simfonica\/partitura-alhambra-el-ultimo-reino\/","title":{"rendered":"Partitura Alhambra, el \u00daltimo Reino"},"content":{"rendered":"","protected":false},"excerpt":{"rendered":"<p>ALHAMBRA, EL \u00daLTIMO REINO: Obra per a banda composta per <strong> Sra. Raquel S\u00e1nchez Mart\u00ednez.<\/strong><\/p>\n<p><em>Obra estrenada en el concert inaugural de la Banda de Dons de la Federaci\u00f3 de Societats Musicals de la Comunitat Valenciana el 08 de mar\u00e7 de 2015.<\/em><\/p>\n","protected":false},"featured_media":62655,"template":"","meta":[],"product_brand":[],"product_cat":[589,405],"product_tag":[],"class_list":{"0":"post-66115","1":"product","2":"type-product","3":"status-publish","4":"has-post-thumbnail","6":"product_cat-obres-per-a-banda-simfonica","7":"product_cat-partitures","8":"pa_formato-digital-descarregable","9":"pa_formato-fisic-digital","11":"first","12":"instock","13":"taxable","14":"shipping-taxable","15":"purchasable","16":"product-type-variable","17":"has-default-attributes"},"_links":{"self":[{"href":"https:\/\/fsmcv.org\/vl\/wp-json\/wp\/v2\/product\/66115","targetHints":{"allow":["GET"]}}],"collection":[{"href":"https:\/\/fsmcv.org\/vl\/wp-json\/wp\/v2\/product"}],"about":[{"href":"https:\/\/fsmcv.org\/vl\/wp-json\/wp\/v2\/types\/product"}],"wp:featuredmedia":[{"embeddable":true,"href":"https:\/\/fsmcv.org\/vl\/wp-json\/wp\/v2\/media\/62655"}],"wp:attachment":[{"href":"https:\/\/fsmcv.org\/vl\/wp-json\/wp\/v2\/media?parent=66115"}],"wp:term":[{"taxonomy":"product_brand","embeddable":true,"href":"https:\/\/fsmcv.org\/vl\/wp-json\/wp\/v2\/product_brand?post=66115"},{"taxonomy":"product_cat","embeddable":true,"href":"https:\/\/fsmcv.org\/vl\/wp-json\/wp\/v2\/product_cat?post=66115"},{"taxonomy":"product_tag","embeddable":true,"href":"https:\/\/fsmcv.org\/vl\/wp-json\/wp\/v2\/product_tag?post=66115"}],"curies":[{"name":"wp","href":"https:\/\/api.w.org\/{rel}","templated":true}]}}