{"id":66118,"date":"2022-09-21T17:50:18","date_gmt":"2022-09-21T15:50:18","guid":{"rendered":"https:\/\/fsmcv.org\/tienda\/uncategorized\/partitura-femme-forca\/"},"modified":"2023-11-13T12:38:40","modified_gmt":"2023-11-13T11:38:40","slug":"partitura-femme-forca","status":"publish","type":"product","link":"https:\/\/fsmcv.org\/vl\/tenda\/partitures\/obres-per-a-banda-simfonica\/partitura-femme-forca\/","title":{"rendered":"Partitura Femme For\u00e7a"},"content":{"rendered":"","protected":false},"excerpt":{"rendered":"<p>FEMME FOR\u00c7A: Obra per a banda composta per <strong> Sra. Mercedes Femen\u00eda Sim\u00f3.<\/strong><\/p>\n<p><em>Obra estrenada per la Banda de Dones de la Federaci\u00f3 de Societats Musicals de la Comunitat Valenciana el 6 de mar\u00e7 de 2016.<\/em><\/p>\n<p>Pasdoble dedicat al col\u00b7lectiu de dones de Pedreguer que lluita per la igualtat i llibertat de les dones.<\/p>\n","protected":false},"featured_media":62574,"template":"","meta":[],"product_brand":[],"product_cat":[589,405],"product_tag":[],"class_list":{"0":"post-66118","1":"product","2":"type-product","3":"status-publish","4":"has-post-thumbnail","6":"product_cat-obres-per-a-banda-simfonica","7":"product_cat-partitures","8":"pa_formato-digital-descarregable","9":"pa_formato-fisic-digital","11":"first","12":"instock","13":"taxable","14":"shipping-taxable","15":"purchasable","16":"product-type-variable","17":"has-default-attributes"},"_links":{"self":[{"href":"https:\/\/fsmcv.org\/vl\/wp-json\/wp\/v2\/product\/66118","targetHints":{"allow":["GET"]}}],"collection":[{"href":"https:\/\/fsmcv.org\/vl\/wp-json\/wp\/v2\/product"}],"about":[{"href":"https:\/\/fsmcv.org\/vl\/wp-json\/wp\/v2\/types\/product"}],"wp:featuredmedia":[{"embeddable":true,"href":"https:\/\/fsmcv.org\/vl\/wp-json\/wp\/v2\/media\/62574"}],"wp:attachment":[{"href":"https:\/\/fsmcv.org\/vl\/wp-json\/wp\/v2\/media?parent=66118"}],"wp:term":[{"taxonomy":"product_brand","embeddable":true,"href":"https:\/\/fsmcv.org\/vl\/wp-json\/wp\/v2\/product_brand?post=66118"},{"taxonomy":"product_cat","embeddable":true,"href":"https:\/\/fsmcv.org\/vl\/wp-json\/wp\/v2\/product_cat?post=66118"},{"taxonomy":"product_tag","embeddable":true,"href":"https:\/\/fsmcv.org\/vl\/wp-json\/wp\/v2\/product_tag?post=66118"}],"curies":[{"name":"wp","href":"https:\/\/api.w.org\/{rel}","templated":true}]}}