{"id":66121,"date":"2022-09-21T17:48:45","date_gmt":"2022-09-21T15:48:45","guid":{"rendered":"https:\/\/fsmcv.org\/tienda\/uncategorized\/partitura-angeles-y-demonios\/"},"modified":"2023-06-18T12:46:08","modified_gmt":"2023-06-18T10:46:08","slug":"partitura-angeles-y-demonios","status":"publish","type":"product","link":"https:\/\/fsmcv.org\/vl\/tenda\/partitures\/obres-per-a-banda-simfonica\/partitura-angeles-y-demonios\/","title":{"rendered":"Partitura \u00c1ngeles y Demonios"},"content":{"rendered":"","protected":false},"excerpt":{"rendered":"<p>\u00c1NGELES Y DEMONIOS: Obra per a banda composta per <strong> Sra. Raquel S\u00e1nchez Mart\u00ednez.<\/strong><\/p>\n<p><em>Obra guanyadora del \u201cI CONCURS DE COMPOSICI\u00d3 PER A DONES ORGANITZAT PER LA FSMCV\u201d i estrenada per la Banda de Dones de la Federaci\u00f3 de Societats Musicals de la Comunitat Valenciana l&#8217;11 de mar\u00e7 de 2018.<\/em><\/p>\n<p>Nota de l&#8217;autora: &#8220;poema per a banda dedicat a tots els \u00e0ngels que deixen empremta en nosaltres i en la Terra, i especialment a la meua professora Claudia Montero&#8221;.<\/p>\n<p>\u00c1ngeles i Demonios \u00e9s una obra basada en la dualitat del b\u00e9 i el mal des d&#8217;un nivell espiritual a un nivell musical.<br \/>\nCentrada en la idea que tots tenim la nostra part bona i la nostra part fosca, aquesta obra em va servir per a dividir el material amb el qual treballaria i traure un costat m\u00e9s m\u00edstic i la vegada el m\u00e9s t\u00e8tric.<br \/>\nBasada tamb\u00e9 en les llegendes del dimoni \u201cDarmones\u201d al qual despr\u00e9s se&#8217;l coneixeria com a \u201cLlucifer\u201d nascut del foc i criat en els inferns i al qual moltes religions li temien i temen i que diuen que el principi del mal \u00e9s creat pel diable i aix\u00ed justifiquen: perqu\u00e8 no \u00e9s possible resistir al principi del mal que inclina a pecar, i \u00e9s aqueix principi, no la persona singular, el responsable del pecat.<\/p>\n","protected":false},"featured_media":62576,"template":"","meta":[],"product_brand":[],"product_cat":[589,405],"product_tag":[],"class_list":{"0":"post-66121","1":"product","2":"type-product","3":"status-publish","4":"has-post-thumbnail","6":"product_cat-obres-per-a-banda-simfonica","7":"product_cat-partitures","8":"pa_formato-digital-descarregable","9":"pa_formato-fisic-digital","11":"first","12":"instock","13":"taxable","14":"shipping-taxable","15":"purchasable","16":"product-type-variable","17":"has-default-attributes"},"_links":{"self":[{"href":"https:\/\/fsmcv.org\/vl\/wp-json\/wp\/v2\/product\/66121","targetHints":{"allow":["GET"]}}],"collection":[{"href":"https:\/\/fsmcv.org\/vl\/wp-json\/wp\/v2\/product"}],"about":[{"href":"https:\/\/fsmcv.org\/vl\/wp-json\/wp\/v2\/types\/product"}],"wp:featuredmedia":[{"embeddable":true,"href":"https:\/\/fsmcv.org\/vl\/wp-json\/wp\/v2\/media\/62576"}],"wp:attachment":[{"href":"https:\/\/fsmcv.org\/vl\/wp-json\/wp\/v2\/media?parent=66121"}],"wp:term":[{"taxonomy":"product_brand","embeddable":true,"href":"https:\/\/fsmcv.org\/vl\/wp-json\/wp\/v2\/product_brand?post=66121"},{"taxonomy":"product_cat","embeddable":true,"href":"https:\/\/fsmcv.org\/vl\/wp-json\/wp\/v2\/product_cat?post=66121"},{"taxonomy":"product_tag","embeddable":true,"href":"https:\/\/fsmcv.org\/vl\/wp-json\/wp\/v2\/product_tag?post=66121"}],"curies":[{"name":"wp","href":"https:\/\/api.w.org\/{rel}","templated":true}]}}