{"id":66124,"date":"2022-09-21T17:46:17","date_gmt":"2022-09-21T15:46:17","guid":{"rendered":"https:\/\/fsmcv.org\/tienda\/uncategorized\/partitura-transformacion-animica\/"},"modified":"2023-06-18T12:50:43","modified_gmt":"2023-06-18T10:50:43","slug":"partitura-transformacion-animica","status":"publish","type":"product","link":"https:\/\/fsmcv.org\/vl\/tenda\/partitures\/obres-per-a-banda-simfonica\/partitura-transformacion-animica\/","title":{"rendered":"Partitura Transformaci\u00f3n An\u00edmica"},"content":{"rendered":"<p>Notes de l&#8217;autora:<\/p>\n<p>TRANSFORMACI\u00d3N AN\u00cdMICA \u00e9s una obra d&#8217;estil contemporani en la qual s&#8217;ha utilitzat la t\u00e8cnica de cita musical per a la seua creaci\u00f3.<br \/>\nCom a cites musicals est\u00e0 la can\u00e7\u00f3 popular &#8220;el pati de la meua casa&#8221; i el quart moviment de la simfonia del nou m\u00f3n de Dvorak.<br \/>\nL&#8217;obra comen\u00e7a amb la cita del pati de la meua casa, com a evocaci\u00f3 a la inf\u00e0ncia, ja que aquesta obra tracta sobre la transformaci\u00f3 que pateix una persona des de la inf\u00e0ncia, passant per l&#8217;adolesc\u00e8ncia, fins que arriba a una primera adultesa.<\/p>\n<p>Una vegada passada la cita musical primera, es pot observar com aqueixa \u00e0nima de xiquet, va evolucionant a l&#8217;\u00e0nima d&#8217;un adolescent, amb els seus dies m\u00e9s<br \/>\nrebels i els seus dies m\u00e9s tranquils. Arribant a la segona cita m\u00fasica de Dvorak, evoca la transici\u00f3 d&#8217;adolescent a adult; continuen havent-hi alts i baixos<br \/>\nen el seu estat d&#8217;\u00e0nim, per\u00f2 s\u00f3n menys bruscos que quan estava ja com a adolescent.<\/p>\n<p>A partir d&#8217;ac\u00ed, es va observant com l&#8217;\u00e0nima d&#8217;aqueixa persona va entrant en l&#8217;adultesa d&#8217;una forma progressiva fins que al final tot s&#8217;equilibra, per\u00f2 sense oblidar que som \u00e9ssers complexos, cadascun amb el seu temperament. Per aix\u00f2 els \u00faltims dos compassos representen el temperament canviant d&#8217;una persona i sent al seu torn un breu resum de l&#8217;obra, comen\u00e7ant de la tranquil\u00b7litat de la infantesa (*ppp), evocant l&#8217;adolesc\u00e8ncia (*fff) i tornant a l&#8217;adultesa (*ppp).<\/p>\n","protected":false},"excerpt":{"rendered":"<p>TRANSFORMACI\u00d3N AN\u00cdMICA: Obra per a banda composta per <strong> Sra. Alba Galiana Mis\u00f3.<\/strong><\/p>\n<p>Obra guanyadora del \u201cI CONCURS DE COMPOSICI\u00d3 PER A DONES ORGANITZAT PER LA FSMCV\u201d i estrenada per la Banda de Dones de la Federaci\u00f3 de Societats Musicals de la Comunitat Valenciana l&#8217;11 de mar\u00e7 de 2018.<\/p>\n<p>Duraci\u00f3 aproximada de l&#8217;obra: 7,20 mins.<\/p>\n","protected":false},"featured_media":62578,"template":"","meta":[],"product_brand":[],"product_cat":[589,405],"product_tag":[],"class_list":{"0":"post-66124","1":"product","2":"type-product","3":"status-publish","4":"has-post-thumbnail","6":"product_cat-obres-per-a-banda-simfonica","7":"product_cat-partitures","8":"pa_formato-digital-descarregable","9":"pa_formato-fisic-digital","11":"first","12":"instock","13":"taxable","14":"shipping-taxable","15":"purchasable","16":"product-type-variable","17":"has-default-attributes"},"_links":{"self":[{"href":"https:\/\/fsmcv.org\/vl\/wp-json\/wp\/v2\/product\/66124","targetHints":{"allow":["GET"]}}],"collection":[{"href":"https:\/\/fsmcv.org\/vl\/wp-json\/wp\/v2\/product"}],"about":[{"href":"https:\/\/fsmcv.org\/vl\/wp-json\/wp\/v2\/types\/product"}],"wp:featuredmedia":[{"embeddable":true,"href":"https:\/\/fsmcv.org\/vl\/wp-json\/wp\/v2\/media\/62578"}],"wp:attachment":[{"href":"https:\/\/fsmcv.org\/vl\/wp-json\/wp\/v2\/media?parent=66124"}],"wp:term":[{"taxonomy":"product_brand","embeddable":true,"href":"https:\/\/fsmcv.org\/vl\/wp-json\/wp\/v2\/product_brand?post=66124"},{"taxonomy":"product_cat","embeddable":true,"href":"https:\/\/fsmcv.org\/vl\/wp-json\/wp\/v2\/product_cat?post=66124"},{"taxonomy":"product_tag","embeddable":true,"href":"https:\/\/fsmcv.org\/vl\/wp-json\/wp\/v2\/product_tag?post=66124"}],"curies":[{"name":"wp","href":"https:\/\/api.w.org\/{rel}","templated":true}]}}