{"id":66130,"date":"2022-09-21T17:15:36","date_gmt":"2022-09-21T15:15:36","guid":{"rendered":"https:\/\/fsmcv.org\/tienda\/uncategorized\/partitura-orgull-i-tradicio\/"},"modified":"2023-06-18T12:43:14","modified_gmt":"2023-06-18T10:43:14","slug":"partitura-orgull-i-tradicio","status":"publish","type":"product","link":"https:\/\/fsmcv.org\/vl\/tenda\/partitures\/obres-per-a-banda-simfonica\/partitura-orgull-i-tradicio\/","title":{"rendered":"Partitura Orgull i Tradici\u00f3"},"content":{"rendered":"","protected":false},"excerpt":{"rendered":"<p>ORGULL I TRADICI\u00d3 : Pasodoble compost per <strong> D. Juan Bautista Gonz\u00e1lez Mart\u00ednez.<\/strong><\/p>\n<p><em>Pasdoble dedicat a totes les societats musicals de la Comunitat Valenciana amb motiu de la declaraci\u00f3 per part del Govern Espanyol com a \u201cManifestaci\u00f3 Representativa del Patrimoni Cultural Immaterial d&#8217;Espanya\u201d i especialment a la Societat Art\u00edstic Musical &#8220;La Vall&#8221; de C\u00e0rcer.<\/em><\/p>\n","protected":false},"featured_media":34998,"template":"","meta":[],"product_brand":[],"product_cat":[589,405],"product_tag":[],"class_list":{"0":"post-66130","1":"product","2":"type-product","3":"status-publish","4":"has-post-thumbnail","6":"product_cat-obres-per-a-banda-simfonica","7":"product_cat-partitures","8":"pa_formato-digital-descarregable","9":"pa_formato-fisic-digital","11":"first","12":"instock","13":"taxable","14":"shipping-taxable","15":"purchasable","16":"product-type-variable","17":"has-default-attributes"},"_links":{"self":[{"href":"https:\/\/fsmcv.org\/vl\/wp-json\/wp\/v2\/product\/66130","targetHints":{"allow":["GET"]}}],"collection":[{"href":"https:\/\/fsmcv.org\/vl\/wp-json\/wp\/v2\/product"}],"about":[{"href":"https:\/\/fsmcv.org\/vl\/wp-json\/wp\/v2\/types\/product"}],"wp:featuredmedia":[{"embeddable":true,"href":"https:\/\/fsmcv.org\/vl\/wp-json\/wp\/v2\/media\/34998"}],"wp:attachment":[{"href":"https:\/\/fsmcv.org\/vl\/wp-json\/wp\/v2\/media?parent=66130"}],"wp:term":[{"taxonomy":"product_brand","embeddable":true,"href":"https:\/\/fsmcv.org\/vl\/wp-json\/wp\/v2\/product_brand?post=66130"},{"taxonomy":"product_cat","embeddable":true,"href":"https:\/\/fsmcv.org\/vl\/wp-json\/wp\/v2\/product_cat?post=66130"},{"taxonomy":"product_tag","embeddable":true,"href":"https:\/\/fsmcv.org\/vl\/wp-json\/wp\/v2\/product_tag?post=66130"}],"curies":[{"name":"wp","href":"https:\/\/api.w.org\/{rel}","templated":true}]}}