{"id":66133,"date":"2022-09-21T17:13:26","date_gmt":"2022-09-21T15:13:26","guid":{"rendered":"https:\/\/fsmcv.org\/tienda\/uncategorized\/partitura-de-major-sere\/"},"modified":"2023-06-18T12:41:20","modified_gmt":"2023-06-18T10:41:20","slug":"partitura-de-major-sere","status":"publish","type":"product","link":"https:\/\/fsmcv.org\/vl\/tenda\/partitures\/obres-pedagogiques\/partitura-de-major-sere\/","title":{"rendered":"Partitura De Major Ser\u00e9"},"content":{"rendered":"<p>Notes de l&#8217;autor:<\/p>\n<p>La inspiraci\u00f3 extramusical d&#8217;aquesta suite ha sigut plasmar com flueix la imaginaci\u00f3 dels xiquets quan parlen de qu\u00e8 seran en fer-se majors. Els t\u00edtols de cada moviment s&#8217;han buscat entre professions que poden associar-se amb el dinamisme i esperit aventurer tan propi dels xicotets. De totes elles s&#8217;han triat quatre que foren hom\u00f2nimes independentment del g\u00e8nere de la persona que les exerceix.<\/p>\n<p>L&#8217;obra est\u00e0 pensada, inicialment, per a una banda de nivell de tercer o quart curs d&#8217;ensenyaments elementals. Els quatre moviments de la suite poden ser interpretats solts o en diferent ordre a criteri del director.<\/p>\n<p>En &#8230; Cantant s&#8217;ha pret\u00e9s introduir uns certs elements del llenguatge del jazz com per exemple: la familiaritzaci\u00f3 amb l&#8217;harmonia blues i amb la r\u00edtmica<br \/>\nswing hereua de la in\u00e9galit\u00e9 de la m\u00fasica barroca francesa. Mitjan\u00e7ant el cant, practicarem la &#8220;silabizaci\u00f3n&#8221; (scat) d&#8217;aqueixa r\u00edtmica, combinada amb algunes articulacions caracter\u00edstiques. Tamb\u00e9 usarem la percussi\u00f3 corporal usant palmades i espetecs de dits per a acompanyar el cant. Aix\u00ed mateix podem animar a la improvisaci\u00f3 individual en el chorus del n\u00famero 40 per la qual cosa figura el xifratge dels concordes en les particel\u00b7les.<\/p>\n<p>En &#8230; Astronauta treballaran els sons llargs, el legato i el control de la din\u00e0mica piano i ens familiaritzarem amb la sonoritat de l&#8217;escala hex\u00e0tona de<br \/>\ntons sencers.<\/p>\n<p>En &#8230; Artista de circ, a m\u00e9s de l&#8217;\u00fas de l&#8217;escala crom\u00e0tica, l&#8217;element m\u00e9s destacat \u00e9s el canvi constant de moviment, que culminar\u00e0 en un canvi de comp\u00e0s i el &#8220;accelerando&#8221; final. A discreci\u00f3 del director es pot introduir i treballar el concepte de comp\u00e0s a tres o a un temps.<\/p>\n<p>&#8230; Futbolista est\u00e0 pensada per al treball de l&#8217;articulaci\u00f3 staccato i el tempo r\u00e0pid. Durant l&#8217;obra els int\u00e8rprets hauran d&#8217;intervindre amb<br \/>\nexclamacions caracter\u00edstiques de l&#8217;estadi de futbol.<\/p>\n","protected":false},"excerpt":{"rendered":"<p>DE MAJOR SER\u00c9: Obra pedag\u00f2gica composta per <strong> D. Josep Cano Graci\u00e0.<\/strong><\/p>\n<p><em>Obra guanyadora del PREMI ACC\u00c8SSIT del VI Concurs de Composici\u00f3 Did\u00e0ctica de la Prov\u00edncia d&#8217;Alacant per a Banda de M\u00fasica, organitzat per la Federaci\u00f3 de Societats Musicals de la Comunitat Valenciana i la Diputaci\u00f3 d&#8217;Alacant, 2020.<\/em><\/p>\n<p>Duraci\u00f3 aproximada de l&#8217;obra: 10 mins.<\/p>\n","protected":false},"featured_media":34980,"template":"","meta":[],"product_brand":[],"product_cat":[591,405],"product_tag":[],"class_list":{"0":"post-66133","1":"product","2":"type-product","3":"status-publish","4":"has-post-thumbnail","6":"product_cat-obres-pedagogiques","7":"product_cat-partitures","8":"pa_formato-digital-descarregable","9":"pa_formato-fisic-digital","11":"first","12":"instock","13":"taxable","14":"shipping-taxable","15":"purchasable","16":"product-type-variable","17":"has-default-attributes"},"_links":{"self":[{"href":"https:\/\/fsmcv.org\/vl\/wp-json\/wp\/v2\/product\/66133","targetHints":{"allow":["GET"]}}],"collection":[{"href":"https:\/\/fsmcv.org\/vl\/wp-json\/wp\/v2\/product"}],"about":[{"href":"https:\/\/fsmcv.org\/vl\/wp-json\/wp\/v2\/types\/product"}],"wp:featuredmedia":[{"embeddable":true,"href":"https:\/\/fsmcv.org\/vl\/wp-json\/wp\/v2\/media\/34980"}],"wp:attachment":[{"href":"https:\/\/fsmcv.org\/vl\/wp-json\/wp\/v2\/media?parent=66133"}],"wp:term":[{"taxonomy":"product_brand","embeddable":true,"href":"https:\/\/fsmcv.org\/vl\/wp-json\/wp\/v2\/product_brand?post=66133"},{"taxonomy":"product_cat","embeddable":true,"href":"https:\/\/fsmcv.org\/vl\/wp-json\/wp\/v2\/product_cat?post=66133"},{"taxonomy":"product_tag","embeddable":true,"href":"https:\/\/fsmcv.org\/vl\/wp-json\/wp\/v2\/product_tag?post=66133"}],"curies":[{"name":"wp","href":"https:\/\/api.w.org\/{rel}","templated":true}]}}