{"id":66136,"date":"2022-07-26T12:45:25","date_gmt":"2022-07-26T10:45:25","guid":{"rendered":"https:\/\/fsmcv.org\/tienda\/uncategorized\/partitura-marcha-federal\/"},"modified":"2023-06-18T12:08:25","modified_gmt":"2023-06-18T10:08:25","slug":"partitura-marcha-federal","status":"publish","type":"product","link":"https:\/\/fsmcv.org\/vl\/tenda\/partitures\/obres-per-a-banda-simfonica\/partitura-marcha-federal\/","title":{"rendered":"Partitura Marcha Federal"},"content":{"rendered":"","protected":false},"excerpt":{"rendered":"<p>MARCHA FEDERAL: Obra composta per <strong>D. Bernardo Adam Ferrero.<\/strong><\/p>\n<p><em>Obra per enc\u00e0rrec per part de la Federaci\u00f3 de Societats Musicals de la Comunitat Valenciana al compositor Bernardo Adam Ferrero amb motiu de la commemoraci\u00f3 i celebraci\u00f3 del 50 Aniversari de la mateixa i estrenada per la Jove Banda Simf\u00f2nica de la FSMCV en la 50 Assemblea General que va tindre lloc a Val\u00e8ncia el 06 d&#8217;octubre de 2018.<\/em><\/p>\n<p>&nbsp;<\/p>\n","protected":false},"featured_media":60961,"template":"","meta":[],"product_brand":[],"product_cat":[589,405],"product_tag":[],"class_list":{"0":"post-66136","1":"product","2":"type-product","3":"status-publish","4":"has-post-thumbnail","6":"product_cat-obres-per-a-banda-simfonica","7":"product_cat-partitures","8":"pa_formato-digital-descarregable","9":"pa_formato-fisic-digital","11":"first","12":"instock","13":"featured","14":"taxable","15":"shipping-taxable","16":"purchasable","17":"product-type-variable","18":"has-default-attributes"},"_links":{"self":[{"href":"https:\/\/fsmcv.org\/vl\/wp-json\/wp\/v2\/product\/66136","targetHints":{"allow":["GET"]}}],"collection":[{"href":"https:\/\/fsmcv.org\/vl\/wp-json\/wp\/v2\/product"}],"about":[{"href":"https:\/\/fsmcv.org\/vl\/wp-json\/wp\/v2\/types\/product"}],"wp:featuredmedia":[{"embeddable":true,"href":"https:\/\/fsmcv.org\/vl\/wp-json\/wp\/v2\/media\/60961"}],"wp:attachment":[{"href":"https:\/\/fsmcv.org\/vl\/wp-json\/wp\/v2\/media?parent=66136"}],"wp:term":[{"taxonomy":"product_brand","embeddable":true,"href":"https:\/\/fsmcv.org\/vl\/wp-json\/wp\/v2\/product_brand?post=66136"},{"taxonomy":"product_cat","embeddable":true,"href":"https:\/\/fsmcv.org\/vl\/wp-json\/wp\/v2\/product_cat?post=66136"},{"taxonomy":"product_tag","embeddable":true,"href":"https:\/\/fsmcv.org\/vl\/wp-json\/wp\/v2\/product_tag?post=66136"}],"curies":[{"name":"wp","href":"https:\/\/api.w.org\/{rel}","templated":true}]}}