{"id":66140,"date":"2022-09-21T17:11:09","date_gmt":"2022-09-21T15:11:09","guid":{"rendered":"https:\/\/fsmcv.org\/tienda\/uncategorized\/partitura-un-conte-enredat\/"},"modified":"2023-06-18T12:40:19","modified_gmt":"2023-06-18T10:40:19","slug":"partitura-un-conte-enredat","status":"publish","type":"product","link":"https:\/\/fsmcv.org\/vl\/tenda\/partitures\/obres-pedagogiques\/partitura-un-conte-enredat\/","title":{"rendered":"Partitura Un Conte Enredat"},"content":{"rendered":"","protected":false},"excerpt":{"rendered":"<p>UN CONTE ENREDAT: Obra pedag\u00f2gica composta per <strong> D. Enrique Alborch Tarras\u00f3.<\/strong><\/p>\n<p><em>Obra guanyadora del PRIMER PREMI del VI Concurs de Composici\u00f3 Did\u00e0ctica de la Prov\u00edncia d&#8217;Alacant per a Banda de M\u00fasica, organitzat per la Federaci\u00f3 de Societats Musicals de la Comunitat Valenciana i la Diputaci\u00f3 d&#8217;Alacant, 2020.<\/em><\/p>\n<p>Conte per a narrador\/a, cor infantil i banda de m\u00fasica.<\/p>\n<p>Es tracta d&#8217;una composici\u00f3 en forma de Conte Musical per a Narrador\/a, Cor Infantil i Banda de M\u00fasica. Amb una duraci\u00f3 estimada d&#8217;una mica menys de 7 minuts est\u00e0 pensada perqu\u00e8 la seua interpretaci\u00f3 (per dificultat i per duraci\u00f3) estiga a l&#8217;abast de totes les bandes juvenils i\/o conjunts instrumentals de les escoles de m\u00fasica.<\/p>\n","protected":false},"featured_media":35008,"template":"","meta":[],"product_brand":[],"product_cat":[591,405],"product_tag":[],"class_list":{"0":"post-66140","1":"product","2":"type-product","3":"status-publish","4":"has-post-thumbnail","6":"product_cat-obres-pedagogiques","7":"product_cat-partitures","8":"pa_formato-digital-descarregable","9":"pa_formato-fisic-digital","11":"first","12":"instock","13":"taxable","14":"shipping-taxable","15":"purchasable","16":"product-type-variable","17":"has-default-attributes"},"_links":{"self":[{"href":"https:\/\/fsmcv.org\/vl\/wp-json\/wp\/v2\/product\/66140","targetHints":{"allow":["GET"]}}],"collection":[{"href":"https:\/\/fsmcv.org\/vl\/wp-json\/wp\/v2\/product"}],"about":[{"href":"https:\/\/fsmcv.org\/vl\/wp-json\/wp\/v2\/types\/product"}],"wp:featuredmedia":[{"embeddable":true,"href":"https:\/\/fsmcv.org\/vl\/wp-json\/wp\/v2\/media\/35008"}],"wp:attachment":[{"href":"https:\/\/fsmcv.org\/vl\/wp-json\/wp\/v2\/media?parent=66140"}],"wp:term":[{"taxonomy":"product_brand","embeddable":true,"href":"https:\/\/fsmcv.org\/vl\/wp-json\/wp\/v2\/product_brand?post=66140"},{"taxonomy":"product_cat","embeddable":true,"href":"https:\/\/fsmcv.org\/vl\/wp-json\/wp\/v2\/product_cat?post=66140"},{"taxonomy":"product_tag","embeddable":true,"href":"https:\/\/fsmcv.org\/vl\/wp-json\/wp\/v2\/product_tag?post=66140"}],"curies":[{"name":"wp","href":"https:\/\/api.w.org\/{rel}","templated":true}]}}