{"id":66146,"date":"2022-09-21T15:56:21","date_gmt":"2022-09-21T13:56:21","guid":{"rendered":"https:\/\/fsmcv.org\/tienda\/uncategorized\/partitura-pequena-musica-grandes-talentos\/"},"modified":"2023-06-18T12:24:32","modified_gmt":"2023-06-18T10:24:32","slug":"partitura-pequena-musica-grandes-talentos","status":"publish","type":"product","link":"https:\/\/fsmcv.org\/vl\/tenda\/partitures\/obres-pedagogiques\/partitura-pequena-musica-grandes-talentos\/","title":{"rendered":"Partitura Peque\u00f1a M\u00fasica, Grandes Talentos"},"content":{"rendered":"","protected":false},"excerpt":{"rendered":"<p>PEQUE\u00d1A M\u00daSICA, GRANDES TALENTOS: Obra pedag\u00f2gica composta per <strong> D. Santiago Quinto Serna.<\/strong><\/p>\n<p><em>Obra premiada en el Primer Concurs de Composici\u00f3 per a Banda de M\u00fasica amb finalitats pedag\u00f2gics, impulsat per la Diputaci\u00f3 d&#8217;Alacant i convocat per la Federaci\u00f3 de Societats Musicals de la Comunitat Valenciana.<\/em><\/p>\n<p>Suite per a Banda Juvenil amb narraci\u00f3 i cant opcionals.<\/p>\n<p>Aquesta obra pot interpretar-se de dues formes: primer, com una obra de concert per a banda sola i, segon, com una obra amb intenci\u00f3 pedag\u00f2gica on<br \/>\nun presentador, imbricat amb la m\u00fasica, va conduint el desenvolupament de la pe\u00e7a. \u00d2bviament, \u00e9s segons aquesta \u00faltima forma quan l&#8217;obra cobra tot el seu sentit, la qual cosa la fa preferible, per\u00f2, de qualsevol manera, en les partitures s&#8217;ha indicat clarament amb corts i separacions on es diferencien les dues versions. Tenim aix\u00ed una obra que s\u00f3n dues en realitat.<\/p>\n","protected":false},"featured_media":35000,"template":"","meta":[],"product_brand":[],"product_cat":[591,405],"product_tag":[],"class_list":{"0":"post-66146","1":"product","2":"type-product","3":"status-publish","4":"has-post-thumbnail","6":"product_cat-obres-pedagogiques","7":"product_cat-partitures","8":"pa_formato-digital-descarregable","9":"pa_formato-fisic-digital","11":"first","12":"instock","13":"taxable","14":"shipping-taxable","15":"purchasable","16":"product-type-variable","17":"has-default-attributes"},"_links":{"self":[{"href":"https:\/\/fsmcv.org\/vl\/wp-json\/wp\/v2\/product\/66146","targetHints":{"allow":["GET"]}}],"collection":[{"href":"https:\/\/fsmcv.org\/vl\/wp-json\/wp\/v2\/product"}],"about":[{"href":"https:\/\/fsmcv.org\/vl\/wp-json\/wp\/v2\/types\/product"}],"wp:featuredmedia":[{"embeddable":true,"href":"https:\/\/fsmcv.org\/vl\/wp-json\/wp\/v2\/media\/35000"}],"wp:attachment":[{"href":"https:\/\/fsmcv.org\/vl\/wp-json\/wp\/v2\/media?parent=66146"}],"wp:term":[{"taxonomy":"product_brand","embeddable":true,"href":"https:\/\/fsmcv.org\/vl\/wp-json\/wp\/v2\/product_brand?post=66146"},{"taxonomy":"product_cat","embeddable":true,"href":"https:\/\/fsmcv.org\/vl\/wp-json\/wp\/v2\/product_cat?post=66146"},{"taxonomy":"product_tag","embeddable":true,"href":"https:\/\/fsmcv.org\/vl\/wp-json\/wp\/v2\/product_tag?post=66146"}],"curies":[{"name":"wp","href":"https:\/\/api.w.org\/{rel}","templated":true}]}}