{"id":66149,"date":"2022-09-21T16:23:10","date_gmt":"2022-09-21T14:23:10","guid":{"rendered":"https:\/\/fsmcv.org\/tienda\/uncategorized\/partitura-princesas-desconocidas\/"},"modified":"2023-06-18T12:24:53","modified_gmt":"2023-06-18T10:24:53","slug":"partitura-princesas-desconocidas","status":"publish","type":"product","link":"https:\/\/fsmcv.org\/vl\/tenda\/partitures\/obres-pedagogiques\/partitura-princesas-desconocidas\/","title":{"rendered":"Partitura Princesas Desconocidas"},"content":{"rendered":"<p>Els continguts de m\u00fasica espec\u00edfics per al Tercer cicle d&#8217;Educaci\u00f3 Prim\u00e0ria que es treballen a partir d&#8217;aquesta composici\u00f3 s\u00f3n:<br \/>\n&#8211; EDUCACI\u00d3 AUDITIVA I LLENGUATGE MUSICAL<br \/>\n&#8211; EDUCACI\u00d3 VOCAL<br \/>\n&#8211; MOVIMENT I DANSA<br \/>\n&#8211; EDUCACI\u00d3 INSTRUMENTAL<br \/>\n&#8211; AUDICI\u00d3 ACTIVA<\/p>\n","protected":false},"excerpt":{"rendered":"<p>PRINCESAS DESCONOCIDAS: Obra pedag\u00f2gica composta per <strong> D. Jos\u00e9 Lu\u00eds Gonz\u00e1lez Sanch\u00eds.<\/strong><\/p>\n<p><em>Obra premiada en la Tercera Edici\u00f3 del Concurs de Composici\u00f3 per a Banda de M\u00fasica amb finalitats pedag\u00f2gics, impulsat per la Diputaci\u00f3 d&#8217;Alacant i convocat per la Federaci\u00f3 de Societats Musicals de la Comunitat Valenciana.<\/em><\/p>\n<p>&nbsp;<\/p>\n","protected":false},"featured_media":35002,"template":"","meta":[],"product_brand":[],"product_cat":[591,405],"product_tag":[],"class_list":{"0":"post-66149","1":"product","2":"type-product","3":"status-publish","4":"has-post-thumbnail","6":"product_cat-obres-pedagogiques","7":"product_cat-partitures","8":"pa_formato-digital-descarregable","9":"pa_formato-fisic-digital","11":"first","12":"instock","13":"taxable","14":"shipping-taxable","15":"purchasable","16":"product-type-variable","17":"has-default-attributes"},"_links":{"self":[{"href":"https:\/\/fsmcv.org\/vl\/wp-json\/wp\/v2\/product\/66149","targetHints":{"allow":["GET"]}}],"collection":[{"href":"https:\/\/fsmcv.org\/vl\/wp-json\/wp\/v2\/product"}],"about":[{"href":"https:\/\/fsmcv.org\/vl\/wp-json\/wp\/v2\/types\/product"}],"wp:featuredmedia":[{"embeddable":true,"href":"https:\/\/fsmcv.org\/vl\/wp-json\/wp\/v2\/media\/35002"}],"wp:attachment":[{"href":"https:\/\/fsmcv.org\/vl\/wp-json\/wp\/v2\/media?parent=66149"}],"wp:term":[{"taxonomy":"product_brand","embeddable":true,"href":"https:\/\/fsmcv.org\/vl\/wp-json\/wp\/v2\/product_brand?post=66149"},{"taxonomy":"product_cat","embeddable":true,"href":"https:\/\/fsmcv.org\/vl\/wp-json\/wp\/v2\/product_cat?post=66149"},{"taxonomy":"product_tag","embeddable":true,"href":"https:\/\/fsmcv.org\/vl\/wp-json\/wp\/v2\/product_tag?post=66149"}],"curies":[{"name":"wp","href":"https:\/\/api.w.org\/{rel}","templated":true}]}}