{"id":66152,"date":"2022-09-21T16:34:03","date_gmt":"2022-09-21T14:34:03","guid":{"rendered":"https:\/\/fsmcv.org\/tienda\/uncategorized\/partitura-goiri-versio-banda\/"},"modified":"2026-04-07T12:13:01","modified_gmt":"2026-04-07T10:13:01","slug":"partitura-goiri-version-banda","status":"publish","type":"product","link":"https:\/\/fsmcv.org\/vl\/tenda\/partitures\/obres-per-a-banda-simfonica\/partitura-goiri-version-banda\/","title":{"rendered":"Partitura Goiri (versi\u00f3 banda)"},"content":{"rendered":"","protected":false},"excerpt":{"rendered":"<p>GOIRI (versi\u00f3 per a banda simf\u00f2nica): Obra composta per Sr. Ram\u00f3n Garc\u00eda i Soler.<\/p>\n<p>Pasdoble per enc\u00e0rrec de la Federaci\u00f3 de Societats Musicals de la Comunitat Valenciana per a Jos\u00e9 Ignacio Goirigolzarri, President de Bankia i impulsor del programa &#8220;Bankia escorta Val\u00e8ncia&#8221;.<\/p>\n<p>&nbsp;<\/p>\n","protected":false},"featured_media":34986,"template":"","meta":[],"product_brand":[],"product_cat":[589,405],"product_tag":[],"class_list":{"0":"post-66152","1":"product","2":"type-product","3":"status-publish","4":"has-post-thumbnail","6":"product_cat-obres-per-a-banda-simfonica","7":"product_cat-partitures","8":"pa_formato-digital-descarregable","9":"pa_formato-fisic-digital","11":"first","12":"instock","13":"taxable","14":"shipping-taxable","15":"purchasable","16":"product-type-variable","17":"has-default-attributes"},"_links":{"self":[{"href":"https:\/\/fsmcv.org\/vl\/wp-json\/wp\/v2\/product\/66152","targetHints":{"allow":["GET"]}}],"collection":[{"href":"https:\/\/fsmcv.org\/vl\/wp-json\/wp\/v2\/product"}],"about":[{"href":"https:\/\/fsmcv.org\/vl\/wp-json\/wp\/v2\/types\/product"}],"wp:featuredmedia":[{"embeddable":true,"href":"https:\/\/fsmcv.org\/vl\/wp-json\/wp\/v2\/media\/34986"}],"wp:attachment":[{"href":"https:\/\/fsmcv.org\/vl\/wp-json\/wp\/v2\/media?parent=66152"}],"wp:term":[{"taxonomy":"product_brand","embeddable":true,"href":"https:\/\/fsmcv.org\/vl\/wp-json\/wp\/v2\/product_brand?post=66152"},{"taxonomy":"product_cat","embeddable":true,"href":"https:\/\/fsmcv.org\/vl\/wp-json\/wp\/v2\/product_cat?post=66152"},{"taxonomy":"product_tag","embeddable":true,"href":"https:\/\/fsmcv.org\/vl\/wp-json\/wp\/v2\/product_tag?post=66152"}],"curies":[{"name":"wp","href":"https:\/\/api.w.org\/{rel}","templated":true}]}}