{"id":66155,"date":"2022-09-21T16:42:04","date_gmt":"2022-09-21T14:42:04","guid":{"rendered":"https:\/\/fsmcv.org\/tienda\/uncategorized\/partitura-goiri-versio-orquestra\/"},"modified":"2023-06-18T12:27:00","modified_gmt":"2023-06-18T10:27:00","slug":"partitura-goiri-version-orquesta","status":"publish","type":"product","link":"https:\/\/fsmcv.org\/vl\/tenda\/partitures\/obres-per-a-orquesta-simfonica\/partitura-goiri-version-orquesta\/","title":{"rendered":"Partitura Goiri (versi\u00f3 orquestra)"},"content":{"rendered":"","protected":false},"excerpt":{"rendered":"<p>GOIRI (versi\u00f3 per a orquestra simf\u00f2nica): Obra composta per <strong> D. Ram\u00f3n Garc\u00eda i Soler.<\/strong><\/p>\n<p><em>Pasdoble per enc\u00e0rrec de la Federaci\u00f3 de Societats Musicals de la Comunitat Valenciana per a Jos\u00e9 Ignacio Goirigolzarri, President de Bankia i impulsor del programa &#8220;Bankia escolta Val\u00e8ncia&#8221;.<\/em><\/p>\n","protected":false},"featured_media":34988,"template":"","meta":[],"product_brand":[],"product_cat":[590,405],"product_tag":[],"class_list":{"0":"post-66155","1":"product","2":"type-product","3":"status-publish","4":"has-post-thumbnail","6":"product_cat-obres-per-a-orquesta-simfonica","7":"product_cat-partitures","8":"pa_formato-digital-descarregable","9":"pa_formato-fisic-digital","11":"first","12":"instock","13":"taxable","14":"shipping-taxable","15":"purchasable","16":"product-type-variable","17":"has-default-attributes"},"_links":{"self":[{"href":"https:\/\/fsmcv.org\/vl\/wp-json\/wp\/v2\/product\/66155","targetHints":{"allow":["GET"]}}],"collection":[{"href":"https:\/\/fsmcv.org\/vl\/wp-json\/wp\/v2\/product"}],"about":[{"href":"https:\/\/fsmcv.org\/vl\/wp-json\/wp\/v2\/types\/product"}],"wp:featuredmedia":[{"embeddable":true,"href":"https:\/\/fsmcv.org\/vl\/wp-json\/wp\/v2\/media\/34988"}],"wp:attachment":[{"href":"https:\/\/fsmcv.org\/vl\/wp-json\/wp\/v2\/media?parent=66155"}],"wp:term":[{"taxonomy":"product_brand","embeddable":true,"href":"https:\/\/fsmcv.org\/vl\/wp-json\/wp\/v2\/product_brand?post=66155"},{"taxonomy":"product_cat","embeddable":true,"href":"https:\/\/fsmcv.org\/vl\/wp-json\/wp\/v2\/product_cat?post=66155"},{"taxonomy":"product_tag","embeddable":true,"href":"https:\/\/fsmcv.org\/vl\/wp-json\/wp\/v2\/product_tag?post=66155"}],"curies":[{"name":"wp","href":"https:\/\/api.w.org\/{rel}","templated":true}]}}