{"id":66156,"date":"2022-09-21T17:05:12","date_gmt":"2022-09-21T15:05:12","guid":{"rendered":"https:\/\/fsmcv.org\/tienda\/uncategorized\/partitura-el-loro-florentino\/"},"modified":"2023-06-18T12:29:34","modified_gmt":"2023-06-18T10:29:34","slug":"partitura-el-loro-florentino","status":"publish","type":"product","link":"https:\/\/fsmcv.org\/vl\/tenda\/partitures\/obres-pedagogiques\/partitura-el-loro-florentino\/","title":{"rendered":"Partitura El Loro Florentino"},"content":{"rendered":"","protected":false},"excerpt":{"rendered":"<p>EL LORO FLORENTINO: Obra pedag\u00f2gica composta per <strong> D. Manuel Morales Mart\u00ednez.<\/strong><\/p>\n<p><em>Obra guanyadora del PRIMER PREMI del \u201cV Concurs de Composici\u00f3 Did\u00e0ctica de la Prov\u00edncia d&#8217;Alacant per a Banda de M\u00fasica, organitzat per la Federaci\u00f3 de Societats Musicals de la Comunitat Valenciana i la Diputaci\u00f3 d&#8217;Alacant.<\/em><\/p>\n<p>EL LORO FLORENTINO \u00e9s una fantasia per a banda i cor de veus blanques composta en 2019 per Manuel Morales Mart\u00ednez.<\/p>\n<p>Pel seu registre vocal i per la seua dificultat \u00e9s id\u00f2nia per a ser cantada per xiquets d&#8217;entre 8 i 12 anys. La banda simf\u00f2nica ha de comptar amb una plantilla equilibrada, que per la seua quantitat de m\u00fasics no sobrepasse a les veus, permetent aix\u00ed que es puga entendre perfectament el text cantat.<\/p>\n<p>Est\u00e0 dividida en tres seccions despr\u00e9s de la introducci\u00f3, contrastants entre si en tempo i tonalitat, i que alterna les intervencions de la banda amb les veus blanques i percussi\u00f3 corporal. Com a conclusi\u00f3 una coda resultant del desenvolupament de la introducci\u00f3.<\/p>\n","protected":false},"featured_media":21889,"template":"","meta":[],"product_brand":[],"product_cat":[591,405],"product_tag":[],"class_list":{"0":"post-66156","1":"product","2":"type-product","3":"status-publish","4":"has-post-thumbnail","6":"product_cat-obres-pedagogiques","7":"product_cat-partitures","8":"pa_formato-digital-descarregable","9":"pa_formato-fisic-digital","11":"first","12":"instock","13":"taxable","14":"shipping-taxable","15":"purchasable","16":"product-type-variable","17":"has-default-attributes"},"_links":{"self":[{"href":"https:\/\/fsmcv.org\/vl\/wp-json\/wp\/v2\/product\/66156","targetHints":{"allow":["GET"]}}],"collection":[{"href":"https:\/\/fsmcv.org\/vl\/wp-json\/wp\/v2\/product"}],"about":[{"href":"https:\/\/fsmcv.org\/vl\/wp-json\/wp\/v2\/types\/product"}],"wp:featuredmedia":[{"embeddable":true,"href":"https:\/\/fsmcv.org\/vl\/wp-json\/wp\/v2\/media\/21889"}],"wp:attachment":[{"href":"https:\/\/fsmcv.org\/vl\/wp-json\/wp\/v2\/media?parent=66156"}],"wp:term":[{"taxonomy":"product_brand","embeddable":true,"href":"https:\/\/fsmcv.org\/vl\/wp-json\/wp\/v2\/product_brand?post=66156"},{"taxonomy":"product_cat","embeddable":true,"href":"https:\/\/fsmcv.org\/vl\/wp-json\/wp\/v2\/product_cat?post=66156"},{"taxonomy":"product_tag","embeddable":true,"href":"https:\/\/fsmcv.org\/vl\/wp-json\/wp\/v2\/product_tag?post=66156"}],"curies":[{"name":"wp","href":"https:\/\/api.w.org\/{rel}","templated":true}]}}