{"id":66159,"date":"2022-09-21T17:08:12","date_gmt":"2022-09-21T15:08:12","guid":{"rendered":"https:\/\/fsmcv.org\/tienda\/uncategorized\/partitura-trip-to-the-stars\/"},"modified":"2023-06-18T12:39:17","modified_gmt":"2023-06-18T10:39:17","slug":"partitura-trip-to-the-stars","status":"publish","type":"product","link":"https:\/\/fsmcv.org\/vl\/tenda\/partitures\/obres-pedagogiques\/partitura-trip-to-the-stars\/","title":{"rendered":"Partitura Trip to the Stars"},"content":{"rendered":"","protected":false},"excerpt":{"rendered":"<p>TRIP TO THE STARS: Obra pedag\u00f2gica composta per <strong> D. David Sebasti\u00e1n Godos.<\/strong><\/p>\n<p><em>Obra guanyadora del PREMI ACC\u00c8SSIT del V Concurs de Composici\u00f3 Did\u00e0ctica de la Prov\u00edncia d&#8217;Alacant per a Banda de M\u00fasica, organitzat per la Federaci\u00f3 de Societats Musicals de la Comunitat Valenciana i la Diputaci\u00f3 d&#8217;Alacant.<\/em><\/p>\n<p>M\u00fasica per a la revoluci\u00f3 ecol\u00f2gica del s. XXI.<\/p>\n<p>TRIP TO THE STARS \u00e9s una obra program\u00e0tica amb un car\u00e0cter descriptiu. No t\u00e9 una intenci\u00f3 &#8220;dieg\u00e8tica&#8221;, \u00e9s a dir, no pret\u00e9n sincronitzar-se amb els elements de la narraci\u00f3 ni accentuar-los. Simplement descriu i evoca imatges a trav\u00e9s d&#8217;un llenguatge musical, senzill per\u00f2 efectista, pensat especialment per al p\u00fablic i els int\u00e8rprets m\u00e9s joves.<\/p>\n","protected":false},"featured_media":35006,"template":"","meta":[],"product_brand":[],"product_cat":[591,405],"product_tag":[],"class_list":{"0":"post-66159","1":"product","2":"type-product","3":"status-publish","4":"has-post-thumbnail","6":"product_cat-obres-pedagogiques","7":"product_cat-partitures","8":"pa_formato-digital-descarregable","9":"pa_formato-fisic-digital","11":"first","12":"instock","13":"taxable","14":"shipping-taxable","15":"purchasable","16":"product-type-variable","17":"has-default-attributes"},"_links":{"self":[{"href":"https:\/\/fsmcv.org\/vl\/wp-json\/wp\/v2\/product\/66159","targetHints":{"allow":["GET"]}}],"collection":[{"href":"https:\/\/fsmcv.org\/vl\/wp-json\/wp\/v2\/product"}],"about":[{"href":"https:\/\/fsmcv.org\/vl\/wp-json\/wp\/v2\/types\/product"}],"wp:featuredmedia":[{"embeddable":true,"href":"https:\/\/fsmcv.org\/vl\/wp-json\/wp\/v2\/media\/35006"}],"wp:attachment":[{"href":"https:\/\/fsmcv.org\/vl\/wp-json\/wp\/v2\/media?parent=66159"}],"wp:term":[{"taxonomy":"product_brand","embeddable":true,"href":"https:\/\/fsmcv.org\/vl\/wp-json\/wp\/v2\/product_brand?post=66159"},{"taxonomy":"product_cat","embeddable":true,"href":"https:\/\/fsmcv.org\/vl\/wp-json\/wp\/v2\/product_cat?post=66159"},{"taxonomy":"product_tag","embeddable":true,"href":"https:\/\/fsmcv.org\/vl\/wp-json\/wp\/v2\/product_tag?post=66159"}],"curies":[{"name":"wp","href":"https:\/\/api.w.org\/{rel}","templated":true}]}}