{"id":72493,"date":"2024-05-27T18:00:02","date_gmt":"2024-05-27T16:00:02","guid":{"rendered":"https:\/\/fsmcv.org\/tienda\/uncategorized\/butlleti-musical-1892-1900\/"},"modified":"2024-05-27T18:20:33","modified_gmt":"2024-05-27T16:20:33","slug":"butlleti-musical-1892-1900","status":"publish","type":"product","link":"https:\/\/fsmcv.org\/vl\/tenda\/discos\/butlleti-musical-1892-1900\/","title":{"rendered":"Butllet\u00ed Musical 1892-1900"},"content":{"rendered":"<p>El treball \u00e9s l\u2019inici de la col\u00b7lecci\u00f3 <em>\u201cBit\u00e0cola Musical<\/em>\u201d, que naix amb l\u2019objectiu de traure a la llum informaci\u00f3 hist\u00f2rica fonamental en el transcurs de la vida de les societats musicals.<br \/>\nEl CD-Rom arreplega, en format digital, el <strong>Bolet\u00edn Musical de Val\u00e8ncia en l\u2019etapa compresa entre 1892 i 1900<\/strong>. Dirigida per l\u2019empresari musical <strong>Antonio S\u00e1nchez Ferris<\/strong>, es tracta d\u2019una publicaci\u00f3 del per\u00edode de la restauraci\u00f3 valenciana pr\u00e0cticament desconeguda fora dels cercles d\u2019historiadors i music\u00f2legs.<\/p>\n<p>El projecte ha estat possible gr\u00e0cies a la col\u00b7laboraci\u00f3 de l<strong>\u2019Hemeroteca Municipal de Val\u00e8ncia<\/strong>, que ha cedit els fons documentals.<\/p>\n<p>En la presentaci\u00f3 intervindran el coordinador del projecte <strong>Ernest Llorens<\/strong>, els investigadors <strong>Salvador Astruells i Frederic Oriola<\/strong> i el responsable t\u00e8cnic del treball, <strong>Jordi Orts <\/strong> (Com com comunicaci\u00f3)..<\/p>\n","protected":false},"excerpt":{"rendered":"<p>El treball \u00e9s l\u2019inici de la col\u00b7lecci\u00f3 \u201cBit\u00e0cola Musical\u201d, que naix amb l\u2019objectiu de traure a la llum informaci\u00f3 hist\u00f2rica fonamental en el transcurs de la vida de les societats musicals. El CD-Rom arreplega, en format digital, el Bolet\u00edn Musical de Val\u00e8ncia en l\u2019etapa compresa entre 1892 i 1900. Dirigida per l\u2019empresari musical Antonio S\u00e1nchez [&hellip;]<\/p>\n","protected":false},"featured_media":39338,"template":"","meta":[],"product_brand":[],"product_cat":[404],"product_tag":[],"class_list":{"0":"post-72493","1":"product","2":"type-product","3":"status-publish","4":"has-post-thumbnail","6":"product_cat-discos","8":"first","9":"instock","10":"taxable","11":"shipping-taxable","12":"purchasable","13":"product-type-simple"},"_links":{"self":[{"href":"https:\/\/fsmcv.org\/vl\/wp-json\/wp\/v2\/product\/72493","targetHints":{"allow":["GET"]}}],"collection":[{"href":"https:\/\/fsmcv.org\/vl\/wp-json\/wp\/v2\/product"}],"about":[{"href":"https:\/\/fsmcv.org\/vl\/wp-json\/wp\/v2\/types\/product"}],"wp:featuredmedia":[{"embeddable":true,"href":"https:\/\/fsmcv.org\/vl\/wp-json\/wp\/v2\/media\/39338"}],"wp:attachment":[{"href":"https:\/\/fsmcv.org\/vl\/wp-json\/wp\/v2\/media?parent=72493"}],"wp:term":[{"taxonomy":"product_brand","embeddable":true,"href":"https:\/\/fsmcv.org\/vl\/wp-json\/wp\/v2\/product_brand?post=72493"},{"taxonomy":"product_cat","embeddable":true,"href":"https:\/\/fsmcv.org\/vl\/wp-json\/wp\/v2\/product_cat?post=72493"},{"taxonomy":"product_tag","embeddable":true,"href":"https:\/\/fsmcv.org\/vl\/wp-json\/wp\/v2\/product_tag?post=72493"}],"curies":[{"name":"wp","href":"https:\/\/api.w.org\/{rel}","templated":true}]}}