{"id":73778,"date":"2024-08-13T09:51:29","date_gmt":"2024-08-13T07:51:29","guid":{"rendered":"https:\/\/fsmcv.org\/?post_type=product&#038;p=73778"},"modified":"2024-11-07T12:03:39","modified_gmt":"2024-11-07T11:03:39","slug":"cd-a-que-sona-la-nostra-terra-vol-2-copia","status":"publish","type":"product","link":"https:\/\/fsmcv.org\/vl\/tenda\/discos\/jove-banda-simfonica-de-la-fsmcv\/cd-a-que-sona-la-nostra-terra-vol-2-copia\/","title":{"rendered":"CD A qu\u00e8 sona la nostra terra? VOL.3"},"content":{"rendered":"","protected":false},"excerpt":{"rendered":"<p>A qu\u00e8 sona la nostra terra? VOL.3<\/p>\n<p><strong>Director:<\/strong> Rafael Grau Vilar<\/p>\n<p>Interpretat per la Jove Banda Simf\u00f2nica de la FSMCV.<\/p>\n<p><strong>DISC I<\/strong><\/p>\n<p>Cont\u00e9:<\/p>\n<p>1. AP\u00d3STOL POETA &#8220;RAFAEL DUYOS&#8221; de Jos\u00e9 Ma. Ferrero Pastor<br \/>\n2. MOROS ESPA\u00d1OLES de Jos\u00e9 P\u00e9rez Ballester<br \/>\n3. IX EL CRISTI\u00c0 de Jos\u00e9 M. Valls Sotores<br \/>\n4. L&#8217;AMBAIXADOR CRISTI\u00c0 de Rafael Mullor Grau<br \/>\n5. EL MORO DEL SINC de Rafael Giner Estruch<br \/>\n6. CAPITAN\u00cdA C\u00cdDES de Antonio Carrillos Colomina<\/p>\n","protected":false},"featured_media":73724,"template":"","meta":[],"product_brand":[],"product_cat":[404,587],"product_tag":[],"class_list":{"0":"post-73778","1":"product","2":"type-product","3":"status-publish","4":"has-post-thumbnail","6":"product_cat-discos","7":"product_cat-jove-banda-simfonica-de-la-fsmcv","9":"first","10":"instock","11":"featured","12":"taxable","13":"shipping-taxable","14":"purchasable","15":"product-type-simple"},"_links":{"self":[{"href":"https:\/\/fsmcv.org\/vl\/wp-json\/wp\/v2\/product\/73778","targetHints":{"allow":["GET"]}}],"collection":[{"href":"https:\/\/fsmcv.org\/vl\/wp-json\/wp\/v2\/product"}],"about":[{"href":"https:\/\/fsmcv.org\/vl\/wp-json\/wp\/v2\/types\/product"}],"wp:featuredmedia":[{"embeddable":true,"href":"https:\/\/fsmcv.org\/vl\/wp-json\/wp\/v2\/media\/73724"}],"wp:attachment":[{"href":"https:\/\/fsmcv.org\/vl\/wp-json\/wp\/v2\/media?parent=73778"}],"wp:term":[{"taxonomy":"product_brand","embeddable":true,"href":"https:\/\/fsmcv.org\/vl\/wp-json\/wp\/v2\/product_brand?post=73778"},{"taxonomy":"product_cat","embeddable":true,"href":"https:\/\/fsmcv.org\/vl\/wp-json\/wp\/v2\/product_cat?post=73778"},{"taxonomy":"product_tag","embeddable":true,"href":"https:\/\/fsmcv.org\/vl\/wp-json\/wp\/v2\/product_tag?post=73778"}],"curies":[{"name":"wp","href":"https:\/\/api.w.org\/{rel}","templated":true}]}}