{"id":76573,"date":"2025-01-30T15:50:39","date_gmt":"2025-01-30T14:50:39","guid":{"rendered":"https:\/\/fsmcv.org\/tienda\/uncategorized\/partitura-las-aventuras-de-lena-la-ballena\/"},"modified":"2025-01-30T16:01:55","modified_gmt":"2025-01-30T15:01:55","slug":"partitura-las-aventuras-de-lena-la-ballena","status":"publish","type":"product","link":"https:\/\/fsmcv.org\/vl\/tenda\/partitures\/obres-pedagogiques\/partitura-las-aventuras-de-lena-la-ballena\/","title":{"rendered":"Partitura Las aventuras de Lena la ballena"},"content":{"rendered":"<p>Aquest Conte Musical per a Narrador i Orquestra de Vents est\u00e0 basat en el relat original escrit pel compositor, i on, tenint en compte les difer\u00e8ncies vitals entre els animals protagonistes, es vol posar en valor la import\u00e0ncia de l&#8217;amistat entre ells i com, amb el seu suport, es poden aconseguir metes i fer que arribe el dia en qu\u00e8 ning\u00fa se senta estrany en cap lloc.<br \/>Dedicat a tots els xiquets que, per uns motius o altres, han d\u2019abandonar les seues llars a la recerca de noves il\u00b7lusions o de noves vides. <\/p>\n<p style=\"text-align: right;\">El compositor<\/p>\n","protected":false},"excerpt":{"rendered":"<p>LAS AVENTURAS DE LENA LA BALLENA: Obra pedag\u00f3gica compuesta por <strong> D. Felipe Vicente Manresa.<\/strong><\/p>\n<p><em>Obra ganadora del PREMIO ACC\u00c9SIT del X Concurso de Composici\u00f3n Did\u00e1ctica de la Provincia de Alicante para Banda de M\u00fasica, organizado por la Federaci\u00f3n de Sociedades Musicales de la Comunidad Valenciana y la Diputaci\u00f3n de Alicante, 2024.<\/em><\/p>\n","protected":false},"featured_media":76565,"template":"","meta":[],"product_brand":[],"product_cat":[591,405],"product_tag":[],"class_list":{"0":"post-76573","1":"product","2":"type-product","3":"status-publish","4":"has-post-thumbnail","6":"product_cat-obres-pedagogiques","7":"product_cat-partitures","8":"pa_formato-digital-descarregable","9":"pa_formato-fisic-digital","11":"first","12":"instock","13":"taxable","14":"shipping-taxable","15":"purchasable","16":"product-type-variable","17":"has-default-attributes"},"_links":{"self":[{"href":"https:\/\/fsmcv.org\/vl\/wp-json\/wp\/v2\/product\/76573","targetHints":{"allow":["GET"]}}],"collection":[{"href":"https:\/\/fsmcv.org\/vl\/wp-json\/wp\/v2\/product"}],"about":[{"href":"https:\/\/fsmcv.org\/vl\/wp-json\/wp\/v2\/types\/product"}],"wp:featuredmedia":[{"embeddable":true,"href":"https:\/\/fsmcv.org\/vl\/wp-json\/wp\/v2\/media\/76565"}],"wp:attachment":[{"href":"https:\/\/fsmcv.org\/vl\/wp-json\/wp\/v2\/media?parent=76573"}],"wp:term":[{"taxonomy":"product_brand","embeddable":true,"href":"https:\/\/fsmcv.org\/vl\/wp-json\/wp\/v2\/product_brand?post=76573"},{"taxonomy":"product_cat","embeddable":true,"href":"https:\/\/fsmcv.org\/vl\/wp-json\/wp\/v2\/product_cat?post=76573"},{"taxonomy":"product_tag","embeddable":true,"href":"https:\/\/fsmcv.org\/vl\/wp-json\/wp\/v2\/product_tag?post=76573"}],"curies":[{"name":"wp","href":"https:\/\/api.w.org\/{rel}","templated":true}]}}