{"id":78165,"date":"2025-05-05T16:27:36","date_gmt":"2025-05-05T14:27:36","guid":{"rendered":"https:\/\/fsmcv.org\/tienda\/uncategorized\/partitura-morelladon\/"},"modified":"2025-05-05T16:27:36","modified_gmt":"2025-05-05T14:27:36","slug":"partitura-morelladon","status":"publish","type":"product","link":"https:\/\/fsmcv.org\/vl\/tenda\/partitures\/obres-per-a-banda-simfonica\/partitura-morelladon\/","title":{"rendered":"Partitura Morelladon"},"content":{"rendered":"<p>Inspirat en les fascinants hist\u00f2ries de dinosaures, el poema simf\u00f2nic Morelladon transporta a l&#8217;oient a l&#8217;era del Cret\u00e0cic, evocant a trav\u00e9s de la m\u00fasica el m\u00f3n en el qual va viure este extraordinari dinosaure. Sense pretendre una descripci\u00f3 detallada, l&#8217;obra evoca un paisatge sonor on el Morelladon podia haver habitat, coexistint en la pen\u00ednsula ib\u00e8rica fa m\u00e9s de 125 milions d&#8217;anys. <\/p>\n<p>Este dinosaure, descobert en 2013 en la localitat de Morella per investigadors de la UNED, degu\u00e9 rec\u00f3rrer vastos territoris ib\u00e8rics, mesurant fins a sis metres i pesant al voltant de dos tones. L&#8217;element distintiu del Morelladon eren les notables espines dorsals que sobreeixien de les seues v\u00e8rtebres, estructures que podrien haver servit tant en rituals de comunicaci\u00f3 com en processos de selecci\u00f3 sexual. <\/p>\n","protected":false},"excerpt":{"rendered":"<p>MORELLADON: Obra per a banda composta per <strong> D. Jes\u00fas Or\u00f3n Bol\u00f3s.<\/strong><\/p>\n<p><em>Obra guanyadora del PRIMER PREMI del I Concurs de Composici\u00f3 per a Banda Simf\u00f2nica, 1\u00aa Secci\u00f3, organitzat per la Federaci\u00f3 de Societats Musicals de la Comunitat Valenciana i la Diputaci\u00f3 de Castell\u00f3, 2024.<\/em><\/p>\n","protected":false},"featured_media":77559,"template":"","meta":[],"product_brand":[],"product_cat":[589,405],"product_tag":[],"class_list":{"0":"post-78165","1":"product","2":"type-product","3":"status-publish","4":"has-post-thumbnail","6":"product_cat-obres-per-a-banda-simfonica","7":"product_cat-partitures","8":"pa_formato-digital-descarregable","9":"pa_formato-fisic-digital","11":"first","12":"instock","13":"taxable","14":"shipping-taxable","15":"purchasable","16":"product-type-variable"},"_links":{"self":[{"href":"https:\/\/fsmcv.org\/vl\/wp-json\/wp\/v2\/product\/78165","targetHints":{"allow":["GET"]}}],"collection":[{"href":"https:\/\/fsmcv.org\/vl\/wp-json\/wp\/v2\/product"}],"about":[{"href":"https:\/\/fsmcv.org\/vl\/wp-json\/wp\/v2\/types\/product"}],"wp:featuredmedia":[{"embeddable":true,"href":"https:\/\/fsmcv.org\/vl\/wp-json\/wp\/v2\/media\/77559"}],"wp:attachment":[{"href":"https:\/\/fsmcv.org\/vl\/wp-json\/wp\/v2\/media?parent=78165"}],"wp:term":[{"taxonomy":"product_brand","embeddable":true,"href":"https:\/\/fsmcv.org\/vl\/wp-json\/wp\/v2\/product_brand?post=78165"},{"taxonomy":"product_cat","embeddable":true,"href":"https:\/\/fsmcv.org\/vl\/wp-json\/wp\/v2\/product_cat?post=78165"},{"taxonomy":"product_tag","embeddable":true,"href":"https:\/\/fsmcv.org\/vl\/wp-json\/wp\/v2\/product_tag?post=78165"}],"curies":[{"name":"wp","href":"https:\/\/api.w.org\/{rel}","templated":true}]}}