{"id":78199,"date":"2025-05-08T12:56:06","date_gmt":"2025-05-08T10:56:06","guid":{"rendered":"https:\/\/fsmcv.org\/?post_type=product&#038;p=78199"},"modified":"2025-05-14T13:09:22","modified_gmt":"2025-05-14T11:09:22","slug":"partitura-morelladon-copia","status":"publish","type":"product","link":"https:\/\/fsmcv.org\/vl\/tenda\/partitures\/obres-per-a-banda-simfonica\/partitura-morelladon-copia\/","title":{"rendered":"Partitura Llegendes de la Mar i la Terra"},"content":{"rendered":"<p>\u201cLlegendes de la mar i la terra\u201d \u00e9s una composici\u00f3 de grau 4, de car\u00e0cter descriptiu, que ret homenatge a la terra i a la mar, i com no, als mariners\/es, des del mes humil pescador\/a, fins als mes il\u00b7lustres marins Castellonencs. La mar, ve representada en 2 estats (representats pels seus respectius<\/p>\n<p>La mar, ve representada en 2 estats (representats pels seus respectius temes i seccions, tractats de diferents formes al llarg de l&#8217;obra):<\/p>\n<p>Estat 1 : la mar en calma en tota la seua esplendor i grandesa (comp\u00e0s 106)<\/p>\n<p>Estat 2: la mar en el seu aspecte mes fero\u00e7 i perill\u00f3s, amb les seues terribles tempestes (compasos 1-94)<\/p>\n<p>La terra, punt de descans i reuni\u00f3 dels marins amb els seus amics i familiars ve representat pel tema que exposa el clarinet al comp\u00e0s 139 i que ser\u00e0 tractat durant l&#8217;obra de diferents maneres, textures, din\u00e0miques, etc.<\/p>\n","protected":false},"excerpt":{"rendered":"<p>LLEGENDES DE LA MAR I LA TERRA: Obra per a banda composta per <strong> D. Pere Sanz Alcover.<\/strong><\/p>\n<p><em>Obra guanyadora del PRIMER PREMI del I Concurs de Composici\u00f3 per a Banda Simf\u00f2nica, 2n Secci\u00f3, organitzat per la Federaci\u00f3 de Societats Musicals de la Comunitat Valenciana i la Diputaci\u00f3 de Castell\u00f3, 2024.<\/em><\/p>\n","protected":false},"featured_media":77561,"template":"","meta":[],"product_brand":[],"product_cat":[589,405],"product_tag":[],"class_list":{"0":"post-78199","1":"product","2":"type-product","3":"status-publish","4":"has-post-thumbnail","6":"product_cat-obres-per-a-banda-simfonica","7":"product_cat-partitures","8":"pa_formato-digital-descarregable","9":"pa_formato-fisic-digital","11":"first","12":"instock","13":"taxable","14":"shipping-taxable","15":"purchasable","16":"product-type-variable"},"_links":{"self":[{"href":"https:\/\/fsmcv.org\/vl\/wp-json\/wp\/v2\/product\/78199","targetHints":{"allow":["GET"]}}],"collection":[{"href":"https:\/\/fsmcv.org\/vl\/wp-json\/wp\/v2\/product"}],"about":[{"href":"https:\/\/fsmcv.org\/vl\/wp-json\/wp\/v2\/types\/product"}],"wp:featuredmedia":[{"embeddable":true,"href":"https:\/\/fsmcv.org\/vl\/wp-json\/wp\/v2\/media\/77561"}],"wp:attachment":[{"href":"https:\/\/fsmcv.org\/vl\/wp-json\/wp\/v2\/media?parent=78199"}],"wp:term":[{"taxonomy":"product_brand","embeddable":true,"href":"https:\/\/fsmcv.org\/vl\/wp-json\/wp\/v2\/product_brand?post=78199"},{"taxonomy":"product_cat","embeddable":true,"href":"https:\/\/fsmcv.org\/vl\/wp-json\/wp\/v2\/product_cat?post=78199"},{"taxonomy":"product_tag","embeddable":true,"href":"https:\/\/fsmcv.org\/vl\/wp-json\/wp\/v2\/product_tag?post=78199"}],"curies":[{"name":"wp","href":"https:\/\/api.w.org\/{rel}","templated":true}]}}