{"id":78426,"date":"2025-05-14T12:38:51","date_gmt":"2025-05-14T10:38:51","guid":{"rendered":"https:\/\/fsmcv.org\/?post_type=product&#038;p=78426"},"modified":"2025-05-14T13:04:03","modified_gmt":"2025-05-14T11:04:03","slug":"partitura-llegendes-de-la-mar-i-la-terra-copia","status":"publish","type":"product","link":"https:\/\/fsmcv.org\/vl\/tenda\/partitures\/obres-per-a-banda-simfonica\/partitura-llegendes-de-la-mar-i-la-terra-copia\/","title":{"rendered":"Partitura La Torre del Rey"},"content":{"rendered":"<p>&#8220;La Torre del Rey&#8221; \u00e9s un poema simf\u00f2nic que descriu l&#8217;esperit<br \/>\nd&#8217;un antic rei que deambula pels foscos corredors de la torre a la recerca de la seua estimada reina, la mort de la qual el va condemnar a un turment etern.<\/p>\n<p>Es diu que els seus laments i murmuris es poden escoltar en les nits de lluna plena. Molts han intentat comunicar-se amb ell, per\u00f2 pocs han aconseguit trobar la pau que tant anhela el Rei Fantasma.<\/p>\n<p>Tot i la seua tr\u00e0gica hist\u00f2ria, el seu esperit continua vagant a la<br \/>\nrecerca de redempci\u00f3 i amor etern. Per aix\u00f2, el final de la<br \/>\ncomposici\u00f3 \u00e9s majestu\u00f3s i ple de for\u00e7a, simbolitzant el rei i el seu ferm comprom\u00eds per retrobar-se amb la seua estimada reina.<\/p>\n","protected":false},"excerpt":{"rendered":"<p>LA TORRE DEL REY: Obra per a banda composta per <strong> D. Carlos Valles Donate.<\/strong><\/p>\n<p><em>Obra guanyadora del PRIMER PREMI del I Concurs de Composici\u00f3 per a Banda Simf\u00f2nica, 4a Secci\u00f3, organitzat per la Federaci\u00f3 de Societats Musicals de la Comunitat Valenciana i la Diputaci\u00f3 de Castell\u00f3, 2024.<\/em><\/p>\n","protected":false},"featured_media":77563,"template":"","meta":[],"product_brand":[],"product_cat":[589,405],"product_tag":[],"class_list":{"0":"post-78426","1":"product","2":"type-product","3":"status-publish","4":"has-post-thumbnail","6":"product_cat-obres-per-a-banda-simfonica","7":"product_cat-partitures","8":"pa_formato-digital-descarregable","9":"pa_formato-fisic-digital","11":"first","12":"instock","13":"taxable","14":"shipping-taxable","15":"purchasable","16":"product-type-variable"},"_links":{"self":[{"href":"https:\/\/fsmcv.org\/vl\/wp-json\/wp\/v2\/product\/78426","targetHints":{"allow":["GET"]}}],"collection":[{"href":"https:\/\/fsmcv.org\/vl\/wp-json\/wp\/v2\/product"}],"about":[{"href":"https:\/\/fsmcv.org\/vl\/wp-json\/wp\/v2\/types\/product"}],"wp:featuredmedia":[{"embeddable":true,"href":"https:\/\/fsmcv.org\/vl\/wp-json\/wp\/v2\/media\/77563"}],"wp:attachment":[{"href":"https:\/\/fsmcv.org\/vl\/wp-json\/wp\/v2\/media?parent=78426"}],"wp:term":[{"taxonomy":"product_brand","embeddable":true,"href":"https:\/\/fsmcv.org\/vl\/wp-json\/wp\/v2\/product_brand?post=78426"},{"taxonomy":"product_cat","embeddable":true,"href":"https:\/\/fsmcv.org\/vl\/wp-json\/wp\/v2\/product_cat?post=78426"},{"taxonomy":"product_tag","embeddable":true,"href":"https:\/\/fsmcv.org\/vl\/wp-json\/wp\/v2\/product_tag?post=78426"}],"curies":[{"name":"wp","href":"https:\/\/api.w.org\/{rel}","templated":true}]}}